{"id":245821,"date":"2026-01-02T23:15:31","date_gmt":"2026-01-02T20:15:31","guid":{"rendered":"https:\/\/baldumarket.lt\/product\/zestaw-mebli-lazienkowych-santa-fe-taupe-iii-szary\/"},"modified":"2026-02-11T18:33:07","modified_gmt":"2026-02-11T15:33:07","slug":"zestaw-mebli-lazienkowych-santa-fe-taupe-iii-szary","status":"publish","type":"product","link":"https:\/\/baldumarket.lt\/lt\/product\/zestaw-mebli-lazienkowych-santa-fe-taupe-iii-szary\/","title":{"rendered":"\u201eSanta Fe Taupe III\u201c pilkos spalvos vonios kambario bald\u0173 komplektas"},"content":{"rendered":"","protected":false},"excerpt":{"rendered":"<p>VIENTO LED \u0161viestuvas 30 cm (30 | 10,5 | 4) SANTA FE TAUPE 84-60-A-2D Veidrodin\u0117 spintel\u0117 (60 | 17 | 65) SANTA FE \u0104\u017dUOLAS 83-01-A Vir\u0161utin\u0117 lentyna (20 | 15 | 65) Modernus keraminis stalvir\u0161inis praustuvas \u201eSmile 1\u201c Modernus keraminis stalvir\u0161inis praustuvas \u201eSmile 1\u201c (42 | 42 | 14) SANTA FE \u0104\u017dUOLAS 89-80-A Stalvir\u0161is 80 cm (80,4 | 46 | 2,5) SANTA FE TAUPE 82-60-B-2S Praustuvo spintel\u0117 (60 | 45,6 | 46) SANTA FE \u0104\u017dUOLAS 81-01-A Apatin\u0117 lentyna (20 | 44 | 46) SANTA FE TAUPE 80-01-B-1D2S Auk\u0161tas stulpas (35 | 33 | 160)<\/p>","protected":false},"featured_media":245822,"comment_status":"open","ping_status":"open","template":"","meta":[],"product_brand":[],"product_cat":[9117,2015,9183],"product_tag":[],"class_list":{"0":"post-245821","1":"product","2":"type-product","3":"status-publish","4":"has-post-thumbnail","6":"product_cat-bathroom","7":"product_cat-comad","8":"product_cat-bathroom-furniture-sets-comad","10":"first","11":"instock","12":"purchasable","13":"product-type-simple"},"_links":{"self":[{"href":"https:\/\/baldumarket.lt\/lt\/wp-json\/wp\/v2\/product\/245821","targetHints":{"allow":["GET"]}}],"collection":[{"href":"https:\/\/baldumarket.lt\/lt\/wp-json\/wp\/v2\/product"}],"about":[{"href":"https:\/\/baldumarket.lt\/lt\/wp-json\/wp\/v2\/types\/product"}],"replies":[{"embeddable":true,"href":"https:\/\/baldumarket.lt\/lt\/wp-json\/wp\/v2\/comments?post=245821"}],"wp:featuredmedia":[{"embeddable":true,"href":"https:\/\/baldumarket.lt\/lt\/wp-json\/wp\/v2\/media\/245822"}],"wp:attachment":[{"href":"https:\/\/baldumarket.lt\/lt\/wp-json\/wp\/v2\/media?parent=245821"}],"wp:term":[{"taxonomy":"product_brand","embeddable":true,"href":"https:\/\/baldumarket.lt\/lt\/wp-json\/wp\/v2\/product_brand?post=245821"},{"taxonomy":"product_cat","embeddable":true,"href":"https:\/\/baldumarket.lt\/lt\/wp-json\/wp\/v2\/product_cat?post=245821"},{"taxonomy":"product_tag","embeddable":true,"href":"https:\/\/baldumarket.lt\/lt\/wp-json\/wp\/v2\/product_tag?post=245821"}],"curies":[{"name":"wp","href":"https:\/\/api.w.org\/{rel}","templated":true}]}}