{"id":245804,"date":"2026-01-02T23:15:23","date_gmt":"2026-01-02T20:15:23","guid":{"rendered":"https:\/\/baldumarket.lt\/product\/zestaw-mebli-lazienkowych-santa-fe-oak-3\/"},"modified":"2026-02-11T18:33:07","modified_gmt":"2026-02-11T15:33:07","slug":"zestaw-mebli-lazienkowych-santa-fe-oak-3","status":"publish","type":"product","link":"https:\/\/baldumarket.lt\/lt\/product\/zestaw-mebli-lazienkowych-santa-fe-oak-3\/","title":{"rendered":"SANTA FE \u0104\u017dUOLAS 3 vonios kambario bald\u0173 komplektas"},"content":{"rendered":"<p>\u201eSanta Fe OAK\u201c pasi\u017eymi moderniomis formomis, kurios lengvai dera prie beveik bet kokio interjero. Vinta\u017einio \u0105\u017euolo fasadai ir korpusas kartu su chromuotomis ranken\u0117l\u0117mis suteikia lengvumo ir elegancijos poj\u016bt\u012f. Kolekcijoje esan\u010dios veidrodin\u0117s spintel\u0117s vizualiai padidina vonios kambar\u012f ir suteikia papildomos vietos daiktams susid\u0117ti.<\/p>\n<p>\u201eSanta Fe OAK\u201c kolekcijos vonios kambario baldai pasi\u017eymi paprastu naudojimu ir funkcionalumu. Kolekcijoje yra praustuv\u0173 spintel\u0117s, auk\u0161ta kolon\u0117l\u0117, spintel\u0117s su veidrod\u017eiais ir apatin\u0117 bei vir\u0161utin\u0117 lentynos. Platus spinteli\u0173 asortimentas daro \u0161i\u0105 kolekcij\u0105 viena modulini\u0173 m\u016bs\u0173 si\u016blom\u0173, tod\u0117l ji tinka beveik bet kokio dyd\u017eio vonios kambariui. Organizatorius yra funkcionalus ne tik tod\u0117l, kad puikiai paslepia kriaukl\u0117s i\u0161pjov\u0105, bet ir suteikia papildomos naudingos vietos stal\u010diuje.<\/p>\n<p>B\u016bdingi \u201eSanata Fe Oak\u201c kolekcijos bald\u0173 bruo\u017eai: moderni bald\u0173 i\u0161vaizda, gamyba Lenkijoje, standartin\u0117 stal\u010di\u0173 organizatorius, vidinis kontaktas veidrodin\u0117se spintel\u0117se, \u0161velnaus u\u017edarymo funkcija, vidinis stal\u010dius, chromuotos ranken\u0117l\u0117s, stiklin\u0117s lentynos veidrodin\u0117se spintel\u0117se ir kolonoje, pakabinami baldai.<\/p>","protected":false},"excerpt":{"rendered":"<p>2x LED \u0161viestuvai 60 cm (60 | 10 | 5) 2x SANTA FE OAK 84-80-A-2D Veidrodin\u0117 spintel\u0117 80 cm (80 | 17 | 65) SANTA FE OAK 83-01-A Vir\u0161utin\u0117 lentyna (20 | 15 | 65) 2x Modern Slim praustuvas E-6275 BALTA (61 | 34 | 11) SANTA FE OAK 89-140-A Stalvir\u0161is 140 cm (140,4 | 46 | 2,5) 2x SANTA FE OAK 82-80-A-2S Praustuvo spintel\u0117 80 cm (80 | 45,6 | 46) SANTA FE OAK 81-01-A Apatin\u0117 lentyna (20 | 44 | 46) SANTA FE OAK 80-01-A-1D2S Auk\u0161tas stulpas (35 | 33 | 160)<\/p>","protected":false},"featured_media":245805,"comment_status":"open","ping_status":"open","template":"","meta":[],"product_brand":[],"product_cat":[9117,2015,9183],"product_tag":[],"class_list":{"0":"post-245804","1":"product","2":"type-product","3":"status-publish","4":"has-post-thumbnail","6":"product_cat-bathroom","7":"product_cat-comad","8":"product_cat-bathroom-furniture-sets-comad","10":"first","11":"instock","12":"purchasable","13":"product-type-simple"},"_links":{"self":[{"href":"https:\/\/baldumarket.lt\/lt\/wp-json\/wp\/v2\/product\/245804","targetHints":{"allow":["GET"]}}],"collection":[{"href":"https:\/\/baldumarket.lt\/lt\/wp-json\/wp\/v2\/product"}],"about":[{"href":"https:\/\/baldumarket.lt\/lt\/wp-json\/wp\/v2\/types\/product"}],"replies":[{"embeddable":true,"href":"https:\/\/baldumarket.lt\/lt\/wp-json\/wp\/v2\/comments?post=245804"}],"wp:featuredmedia":[{"embeddable":true,"href":"https:\/\/baldumarket.lt\/lt\/wp-json\/wp\/v2\/media\/245805"}],"wp:attachment":[{"href":"https:\/\/baldumarket.lt\/lt\/wp-json\/wp\/v2\/media?parent=245804"}],"wp:term":[{"taxonomy":"product_brand","embeddable":true,"href":"https:\/\/baldumarket.lt\/lt\/wp-json\/wp\/v2\/product_brand?post=245804"},{"taxonomy":"product_cat","embeddable":true,"href":"https:\/\/baldumarket.lt\/lt\/wp-json\/wp\/v2\/product_cat?post=245804"},{"taxonomy":"product_tag","embeddable":true,"href":"https:\/\/baldumarket.lt\/lt\/wp-json\/wp\/v2\/product_tag?post=245804"}],"curies":[{"name":"wp","href":"https:\/\/api.w.org\/{rel}","templated":true}]}}