{"id":245784,"date":"2026-01-02T23:15:03","date_gmt":"2026-01-02T20:15:03","guid":{"rendered":"https:\/\/baldumarket.lt\/product\/zestaw-mebli-lazienkowych-santa-fe-black-80-cm-3\/"},"modified":"2026-02-11T18:33:08","modified_gmt":"2026-02-11T15:33:08","slug":"zestaw-mebli-lazienkowych-santa-fe-black-80-cm-3","status":"publish","type":"product","link":"https:\/\/baldumarket.lt\/lt\/product\/zestaw-mebli-lazienkowych-santa-fe-black-80-cm-3\/","title":{"rendered":"Vonios kambario bald\u0173 komplektas \u201eSanta Fe\u201c, juodas, 80 cm"},"content":{"rendered":"<p>\u201eSanta Fe Black\u201c vonios bald\u0173 komplektas, 80 cm. Eleganti\u0161kas \u201eSanta Fe Black\u201c vonios bald\u0173 komplektas i\u0161 \u201eComad\u201c, kuris suteiks j\u016bs\u0173 vonios kambariui modernumo. Komplekt\u0105 sudaro stalvir\u0161is, du praustuvai ir dvi juodos praustuvo spintel\u0117s, pagamintos i\u0161 laminuotos plok\u0161t\u0117s ir MDF. Matmenys: Plotis (cm): 80 Gylis (cm): 45,6 Auk\u0161tis (cm): 46 Techniniai duomenys: Komplekt\u0105 sudaro: 80 cm \u201eSanta Fe Black\u201c stalvir\u0161is, UN-ANNA-MH1 praustuvas, 80 cm \u201eSanta Fe Black\u201c praustuvo spintel\u0117. Spalva: juoda. Med\u017eiaga: laminuota plok\u0161t\u0117 \/ MDF plok\u0161t\u0117. Korpuso med\u017eiaga: laminuota plok\u0161t\u0117. Korpuso spalva: juoda. Priekini\u0173 dali\u0173 med\u017eiaga: MDF plok\u0161t\u0117. Priekini\u0173 dali\u0173 spalva: juoda. Reikalingas surinkimas: taip. \u012e surinkimo pakuot\u0119 \u012feina: taip. Montavimo viduje b\u016bdas: kabinimui ant sienos. \u201eSanta Fe Black\u201c 80 cm vonios bald\u0173 komplektas yra modernaus elegancijos ir funkcionalumo esencija. D\u0117l unikalaus tamsi\u0173 atspalvi\u0173 ir minimalistinio dizaino derinio \u0161is bald\u0173 komplektas puikiai papildys bet kur\u012f \u0161iuolaiki\u0161k\u0105 vonios kambar\u012f, suteikdamas jam unikal\u0173 charakter\u012f. Puikiai tinka tiems, kurie vertina stili\u0173 ir patogum\u0105 kasdieniame naudojime.<\/p>\n<p>Juoda komplekto spalva suteikia interjerui modern\u0173 ir prabang\u0173 vaizd\u0105. Tiek korpusas, tiek fasadai pagaminti i\u0161 auk\u0161tos kokyb\u0117s laminato ir MDF, u\u017etikrinant patvarum\u0105 ir lengv\u0105 valym\u0105. \u0160ie baldai ne tik atrodo eleganti\u0161kai, bet ir pasi\u017eymi tvirta konstrukcija.<\/p>\n<p>Komplekt\u0105 sudaro erdvus 160 cm stalvir\u0161is, dvi UN-ANNA-MH1 kriaukl\u0117s ir dvi spintel\u0117s po kriaukle, kuriose yra daug vietos visiems reikalingiems vonios kambario reikmenims susid\u0117ti. Montavimas ant sienos daro \u0161iuos baldus nepaprastai prakti\u0161kus, atlaisvindamas grind\u0173 plot\u0105 ir palengvindamas valym\u0105.<\/p>\n<p>Jums nereik\u0117s r\u016bpintis surinkimo sunkumais, nes komplekte yra visi reikalingi priedai. \u201eSanta Fe Black\u201c \u2013 puikus sprendimas ie\u0161kantiems harmoningo stiliaus ir funkcionalumo derinio. Pasirinkdami \u0161\u012f komplekt\u0105, investuojate ne tik \u012f vonios kambario gro\u017e\u012f, bet ir \u012f kasdienio naudojimo patogum\u0105.<\/p>","protected":false},"excerpt":{"rendered":"<p>Gylis (cm): 45,6<br \/>\nPlotis (cm): 80<br \/>\n\u016agis (cm): 46<\/p>","protected":false},"featured_media":245785,"comment_status":"open","ping_status":"open","template":"","meta":[],"product_brand":[],"product_cat":[9117,2015,9183],"product_tag":[],"class_list":{"0":"post-245784","1":"product","2":"type-product","3":"status-publish","4":"has-post-thumbnail","6":"product_cat-bathroom","7":"product_cat-comad","8":"product_cat-bathroom-furniture-sets-comad","10":"first","11":"instock","12":"purchasable","13":"product-type-simple"},"_links":{"self":[{"href":"https:\/\/baldumarket.lt\/lt\/wp-json\/wp\/v2\/product\/245784","targetHints":{"allow":["GET"]}}],"collection":[{"href":"https:\/\/baldumarket.lt\/lt\/wp-json\/wp\/v2\/product"}],"about":[{"href":"https:\/\/baldumarket.lt\/lt\/wp-json\/wp\/v2\/types\/product"}],"replies":[{"embeddable":true,"href":"https:\/\/baldumarket.lt\/lt\/wp-json\/wp\/v2\/comments?post=245784"}],"wp:featuredmedia":[{"embeddable":true,"href":"https:\/\/baldumarket.lt\/lt\/wp-json\/wp\/v2\/media\/245785"}],"wp:attachment":[{"href":"https:\/\/baldumarket.lt\/lt\/wp-json\/wp\/v2\/media?parent=245784"}],"wp:term":[{"taxonomy":"product_brand","embeddable":true,"href":"https:\/\/baldumarket.lt\/lt\/wp-json\/wp\/v2\/product_brand?post=245784"},{"taxonomy":"product_cat","embeddable":true,"href":"https:\/\/baldumarket.lt\/lt\/wp-json\/wp\/v2\/product_cat?post=245784"},{"taxonomy":"product_tag","embeddable":true,"href":"https:\/\/baldumarket.lt\/lt\/wp-json\/wp\/v2\/product_tag?post=245784"}],"curies":[{"name":"wp","href":"https:\/\/api.w.org\/{rel}","templated":true}]}}