{"id":245779,"date":"2026-01-02T23:15:00","date_gmt":"2026-01-02T20:15:00","guid":{"rendered":"https:\/\/baldumarket.lt\/product\/zestaw-mebli-lazienkowych-santa-fe-black-80-cm-2\/"},"modified":"2026-02-11T18:33:08","modified_gmt":"2026-02-11T15:33:08","slug":"zestaw-mebli-lazienkowych-santa-fe-black-80-cm-2","status":"publish","type":"product","link":"https:\/\/baldumarket.lt\/lt\/product\/zestaw-mebli-lazienkowych-santa-fe-black-80-cm-2\/","title":{"rendered":"Vonios kambario bald\u0173 komplektas \u201eSanta Fe\u201c, juodas, 80 cm"},"content":{"rendered":"<p>\u201eSanta Fe\u201c juodo vonios kambario bald\u0173 komplektas, 80 cm. \u201eComad\u201c \u201eSanta Fe\u201c juodo vonios kambario bald\u0173 komplektas \u2013 tai eleganti\u0161ka juod\u0173 bald\u0173 kolekcija, pagaminta i\u0161 laminuotos plok\u0161t\u0117s ir MDF. J\u012f sudaro praustuvo spintel\u0117, stalvir\u0161is, praustuvas ir apatin\u0117 lentyna. Matmenys: Plotis (cm): 80 Gylis (cm): 45,6 Auk\u0161tis (cm): 46 Techniniai duomenys: Komplekt\u0105 sudaro: \u201eSanta Fe\u201c juoda praustuvo spintel\u0117, 60 cm \u201eSanta Fe\u201c juodas stalvir\u0161is, UN-LOLA-GW praustuvas, \u201eSanta Fe\u201c juoda apatin\u0117 lentyna. Spalva: juoda. Med\u017eiaga: laminuota plok\u0161t\u0117 \/ MDF plok\u0161t\u0117. Korpuso med\u017eiaga: laminuota plok\u0161t\u0117. Korpuso spalva: juoda. Priekio med\u017eiaga: MDF plok\u0161t\u0117. Priekio spalva: juoda. Reikalingas surinkimas: taip. \u012e surinkimo pakuot\u0119 \u012feina: taip. Montavimo kambaryje b\u016bdas: pakabinimui ant sienos. 80 cm plo\u010dio \u201eSanta Fe\u201c juodo vonios kambario bald\u0173 komplektas i\u0161 garsaus \u201eComad\u201c prek\u0117s \u017eenklo yra eleganti\u0161kas pasi\u016blymas visiems, kurie vertina modern\u0173 dizain\u0105 ir funkcionalum\u0105. Juoda spalva suteikia prabangos, pabr\u0117\u017eiant modern\u0173 j\u016bs\u0173 vonios kambario stili\u0173. \u0160is komplektas tikrai pritrauks d\u0117mes\u012f ir suteiks kambariui unikalaus \u017eavesio.<\/p>\n<p>Korpusas ir priekin\u0117 dalis, pagaminti i\u0161 auk\u0161tos kokyb\u0117s MDF ir laminato, u\u017etikrina ilgaam\u017ei\u0161kum\u0105 ir atsparum\u0105 dr\u0117gmei, o tai labai svarbu da\u017enai naudojamuose vonios kambariuose. \u201eSanta Fe Black\u201c praustuvas kartu su deran\u010diu stalvir\u0161iu sukuria harmoning\u0105 visum\u0105, kuri puikiai papildys bet kok\u012f interjer\u0105. Paprasta forma ir sodri juoda spalva \u2013 tai derinys, kuris papildys bet kok\u012f modern\u0173 vonios kambario dizain\u0105.<\/p>\n<p>\u0160io komplekto funkcionalumas slypi ne tik eleganti\u0161koje i\u0161vaizdoje, bet ir apgalvotuose praktiniuose sprendimuose. Pridedama 60 cm plo\u010dio praustuvo spintel\u0117 suteikia vietos b\u016btiniausiems vonios kambario aksesuarams susid\u0117ti, padeda palaikyti tvark\u0105 ir organizuotum\u0105 vonios kambaryje. Apatin\u0117 lentyna suteikia papildomos vietos rank\u0161luos\u010diams ar kosmetikai, kurie visada tur\u0117t\u0173 b\u016bti po ranka.<\/p>\n<p>Prie sienos tvirtinamas \u201eSanta Fe Black\u201c vonios kambario bald\u0173 komplektas atspindi minimalistinio dizaino dvasi\u0105, taupo grind\u0173 plot\u0105 ir suteikia visam interjerui lengvumo. Juoda bald\u0173 spalva i\u0161rei\u0161kia elegancij\u0105 ir rafinuotum\u0105, o taip pat yra lengvai valoma, tod\u0117l kasdienis vonios kambario naudojimas yra malonumas.<\/p>\n<p>\u201eSanta Fe Black\u201c komplektas \u2013 tai unikalus pasirinkimas tiems, kurie nori susikurti vonios kambar\u012f, kuriame der\u0117t\u0173 modernumas, elegancija ir prakti\u0161kumas. Paprastas montavimas ir pilnas montavimo paketas rei\u0161kia, kad netrukus gal\u0117site m\u0117gautis savo nauju, stilingu vonios kambariu. Leiskite sau pasikeisti ir investuoti \u012f dizain\u0105, kuris patrauks kiekvieno, \u012f\u017eengusio pro j\u016bs\u0173 vonios kambario duris, ak\u012f.<\/p>","protected":false},"excerpt":{"rendered":"<p>Gylis (cm): 45,6<br \/>\nPlotis (cm): 80<br \/>\n\u016agis (cm): 46<\/p>","protected":false},"featured_media":245780,"comment_status":"open","ping_status":"open","template":"","meta":[],"product_brand":[],"product_cat":[9117,2015,9183],"product_tag":[],"class_list":{"0":"post-245779","1":"product","2":"type-product","3":"status-publish","4":"has-post-thumbnail","6":"product_cat-bathroom","7":"product_cat-comad","8":"product_cat-bathroom-furniture-sets-comad","10":"first","11":"instock","12":"purchasable","13":"product-type-simple"},"_links":{"self":[{"href":"https:\/\/baldumarket.lt\/lt\/wp-json\/wp\/v2\/product\/245779","targetHints":{"allow":["GET"]}}],"collection":[{"href":"https:\/\/baldumarket.lt\/lt\/wp-json\/wp\/v2\/product"}],"about":[{"href":"https:\/\/baldumarket.lt\/lt\/wp-json\/wp\/v2\/types\/product"}],"replies":[{"embeddable":true,"href":"https:\/\/baldumarket.lt\/lt\/wp-json\/wp\/v2\/comments?post=245779"}],"wp:featuredmedia":[{"embeddable":true,"href":"https:\/\/baldumarket.lt\/lt\/wp-json\/wp\/v2\/media\/245780"}],"wp:attachment":[{"href":"https:\/\/baldumarket.lt\/lt\/wp-json\/wp\/v2\/media?parent=245779"}],"wp:term":[{"taxonomy":"product_brand","embeddable":true,"href":"https:\/\/baldumarket.lt\/lt\/wp-json\/wp\/v2\/product_brand?post=245779"},{"taxonomy":"product_cat","embeddable":true,"href":"https:\/\/baldumarket.lt\/lt\/wp-json\/wp\/v2\/product_cat?post=245779"},{"taxonomy":"product_tag","embeddable":true,"href":"https:\/\/baldumarket.lt\/lt\/wp-json\/wp\/v2\/product_tag?post=245779"}],"curies":[{"name":"wp","href":"https:\/\/api.w.org\/{rel}","templated":true}]}}