{"id":245772,"date":"2026-01-02T23:14:57","date_gmt":"2026-01-02T20:14:57","guid":{"rendered":"https:\/\/baldumarket.lt\/product\/zestaw-mebli-lazienkowych-santa-fe-black-80-cm\/"},"modified":"2026-02-11T18:33:08","modified_gmt":"2026-02-11T15:33:08","slug":"zestaw-mebli-lazienkowych-santa-fe-black-80-cm","status":"publish","type":"product","link":"https:\/\/baldumarket.lt\/lt\/product\/zestaw-mebli-lazienkowych-santa-fe-black-80-cm\/","title":{"rendered":"Vonios kambario bald\u0173 komplektas \u201eSanta Fe\u201c, juodas, 80 cm"},"content":{"rendered":"<p>\u201eSanta Fe\u201c juodas vonios kambario bald\u0173 komplektas, 80 cm. \u201eComad\u201c prek\u0117s \u017eenklo \u201eSanta Fe\u201c juodas vonios kambario bald\u0173 komplektas, 80 cm, \u2013 tai elegancija ir funkcionalumas viename. Komplekt\u0105 sudaro: praustuvo spintel\u0117, praustuvas, stalvir\u0161is ir apatin\u0117 lentyna. Matmenys: Plotis (cm): 80 Gylis (cm): 45,6 Auk\u0161tis (cm): 46 Techniniai duomenys: Komplekt\u0105 sudaro: \u201eSanta Fe\u201c juoda praustuvo spintel\u0117, 60 cm, UN-DOMI-MW praustuvas, 80 cm \u201eSanta Fe\u201c juodas stalvir\u0161is, \u201eSanta Fe\u201c juoda apatin\u0117 lentyna. Spalva: juoda. Med\u017eiaga: laminuota plok\u0161t\u0117 \/ MDF plok\u0161t\u0117. Korpuso med\u017eiaga: laminuota plok\u0161t\u0117. Korpuso spalva: juoda. Priekio med\u017eiaga: MDF plok\u0161t\u0117. Priekio spalva: juoda. Reikalingas surinkimas: taip. \u012e komplekt\u0105 \u012feina: taip. Montavimo b\u016bdas: kabinimui ant sienos. Pristatome eleganti\u0161k\u0105 \u201eComad\u201c \u201eSanta Fe\u201c juod\u0105 vonios kambario bald\u0173 komplekt\u0105, kuris j\u016bs\u0173 vonios kambariui suteiks prabangos ir modernumo. Juoda komplekto apdaila suteikia interjerui unikal\u0173 charakter\u012f, kuris prad\u017eiugins bet kur\u012f minimalistinio stiliaus entuziast\u0105. Puikios proporcijos ir tvirta apdaila leid\u017eia baldams puikiai atitikti eleganti\u0161ko paprastumo tendencij\u0105.<\/p>\n<p>\u201eSanta Fe Black\u201c \u2013 tai funkcionalumo ir auk\u0161\u010diausios klas\u0117s estetikos derinys. \u0160i spintel\u0117 praustuvui ne tik suteikia vietos daiktams susid\u0117ti, bet ir eleganti\u0161kai papildo j\u016bs\u0173 vonios kambario dizain\u0105. Didelis stalvir\u0161is suteikia daug vietos kasdieniams daiktams, tod\u0117l daug lengviau palaikyti tvark\u0105.<\/p>\n<p>Pagaminti i\u0161 laminuotos plok\u0161t\u0117s ir MDF, \u201eSanta Fe Black\u201c baldai garantuoja ilgaam\u017ei\u0161kum\u0105 ir atsparum\u0105 dr\u0117gmei, o tai labai svarbu vonios kambaryje. Juodi fasadai suteikia elegancijos ir sukuria prabangi\u0105 atmosfer\u0105, pabr\u0117\u017edami modern\u0173 erdv\u0117s charakter\u012f. Surinkimas greitas ir paprastas d\u0117ka pridedamo surinkimo rinkinio.<\/p>\n<p>\u201eSanta Fe Black\u201c komplektas pasi\u017eymi ne tik estetika, bet ir visi\u0161ku funkcionalumu. Nepaisant stilingos i\u0161vaizdos, baldai si\u016blo daug vietos daiktams susid\u0117ti, tod\u0117l vonios kambar\u012f sutvarkysite atsi\u017evelgdami \u012f smulkiausias detales. Funkcionali apatin\u0117 lentyna ir prie sienos tvirtinama spintel\u0117 leid\u017eia optimaliai i\u0161naudoti erdv\u0119, tod\u0117l kasdien\u0117 veikla tampa dar patogesn\u0117.<\/p>\n<p>80 cm plo\u010dio \u201eSanta Fe Black\u201c vonios kambario bald\u0173 komplektas \u2013 puikus pasirinkimas tiems, kurie vertina eleganti\u0161k\u0105 dizain\u0105 ir prakti\u0161kus sprendimus. Rinkit\u0117s \u201eSanta Fe Black\u201c ir m\u0117gaukit\u0117s unikaliu vonios kambario dizainu, kuris pritrauks kiekvieno sve\u010dio d\u0117mes\u012f.<\/p>","protected":false},"excerpt":{"rendered":"<p>Gylis (cm): 45,6<br \/>\nPlotis (cm): 80<br \/>\n\u016agis (cm): 46<\/p>","protected":false},"featured_media":245773,"comment_status":"open","ping_status":"open","template":"","meta":[],"product_brand":[],"product_cat":[9117,2015,9183],"product_tag":[],"class_list":{"0":"post-245772","1":"product","2":"type-product","3":"status-publish","4":"has-post-thumbnail","6":"product_cat-bathroom","7":"product_cat-comad","8":"product_cat-bathroom-furniture-sets-comad","10":"first","11":"instock","12":"purchasable","13":"product-type-simple"},"_links":{"self":[{"href":"https:\/\/baldumarket.lt\/lt\/wp-json\/wp\/v2\/product\/245772","targetHints":{"allow":["GET"]}}],"collection":[{"href":"https:\/\/baldumarket.lt\/lt\/wp-json\/wp\/v2\/product"}],"about":[{"href":"https:\/\/baldumarket.lt\/lt\/wp-json\/wp\/v2\/types\/product"}],"replies":[{"embeddable":true,"href":"https:\/\/baldumarket.lt\/lt\/wp-json\/wp\/v2\/comments?post=245772"}],"wp:featuredmedia":[{"embeddable":true,"href":"https:\/\/baldumarket.lt\/lt\/wp-json\/wp\/v2\/media\/245773"}],"wp:attachment":[{"href":"https:\/\/baldumarket.lt\/lt\/wp-json\/wp\/v2\/media?parent=245772"}],"wp:term":[{"taxonomy":"product_brand","embeddable":true,"href":"https:\/\/baldumarket.lt\/lt\/wp-json\/wp\/v2\/product_brand?post=245772"},{"taxonomy":"product_cat","embeddable":true,"href":"https:\/\/baldumarket.lt\/lt\/wp-json\/wp\/v2\/product_cat?post=245772"},{"taxonomy":"product_tag","embeddable":true,"href":"https:\/\/baldumarket.lt\/lt\/wp-json\/wp\/v2\/product_tag?post=245772"}],"curies":[{"name":"wp","href":"https:\/\/api.w.org\/{rel}","templated":true}]}}