{"id":245762,"date":"2026-01-02T23:14:53","date_gmt":"2026-01-02T20:14:53","guid":{"rendered":"https:\/\/baldumarket.lt\/product\/zestaw-mebli-lazienkowych-santa-fe-black-60-cm\/"},"modified":"2026-02-11T18:33:08","modified_gmt":"2026-02-11T15:33:08","slug":"zestaw-mebli-lazienkowych-santa-fe-black-60-cm","status":"publish","type":"product","link":"https:\/\/baldumarket.lt\/lt\/product\/zestaw-mebli-lazienkowych-santa-fe-black-60-cm\/","title":{"rendered":"Vonios kambario bald\u0173 komplektas \u201eSanta Fe\u201c, juodas, 60 cm"},"content":{"rendered":"<p>\u201eSanta Fe Black\u201c vonios bald\u0173 komplektas, 60 cm. Stilingas \u201eSanta Fe Black\u201c vonios bald\u0173 komplektas i\u0161 \u201eComad\u201c. Pagamintas i\u0161 laminuotos plok\u0161t\u0117s ir MDF su eleganti\u0161ka juoda apdaila, j\u012f sudaro spintel\u0117 su stalvir\u0161iu ir praustuvas. Puikiai tinka moderniam interjerui. Tvirtinamas prie sienos, tvirtinimo rinkinys pridedamas. Matmenys: Plotis (cm): 60 Gylis (cm): 45,6 Auk\u0161tis (cm): 46 Techniniai duomenys: Komplekt\u0105 sudaro: \u201eSanta Fe Black\u201c praustuvo spintel\u0117, 60 cm praustuvas UN-DOMI-MW, 60 cm \u201eSanta Fe Black\u201c stalvir\u0161is. Spalva: Juoda Med\u017eiaga: Laminuota plok\u0161t\u0117 \/ MDF plok\u0161t\u0117 Korpuso med\u017eiaga: Laminuota plok\u0161t\u0117 Korpuso spalva: Juoda Priekin\u0117s dalies med\u017eiaga: MDF plok\u0161t\u0117 Priekin\u0117s dalies spalva: Juoda Reikalingas surinkimas: Taip Pridedamas tvirtinimo rinkinys: Taip Montavimo b\u016bdas patalpoje: Pakabinimui ant sienos Pakelkite savo vonios kambar\u012f \u012f auk\u0161tesn\u012f elegancijos ir modernumo lyg\u012f su \u201eComad\u201c \u201eSanta Fe Black\u201c vonios bald\u0173 komplektu. \u0160is i\u0161skirtinis komplektas, kurio matmenys \u2013 45,6 cm gylio, 60 cm plo\u010dio ir 46 cm auk\u0161\u010dio, yra puikus pasirinkimas visiems, kurie vertina ir estetik\u0105, ir funkcionalum\u0105. Juodos laminuotos MDF plok\u0161t\u0117s suteikia kambariui rafinuot\u0105 charakter\u012f, kuris patraukia ak\u012f i\u0161 pirmo \u017evilgsnio.<\/p>\n<p>\u201eSanta Fe Black\u201c komplekt\u0105 sudaro eleganti\u0161ka praustuvo spintel\u0117, puikiai deranti praustuv\u0117 UN-DOMI-MW ir stalvir\u0161is. \u0160ie elementai harmoningai papildo vienas kit\u0105, sukurdami darn\u0173 ir funkcional\u0173 sprendim\u0105 bet kokiam vonios kambariui. Praustuvo spintel\u0117 ne tik suteikia vietos daiktams susid\u0117ti, bet ir savo minimalistiniu dizainu suteikia interjerui modernumo.<\/p>\n<p>\u0160io vonios kambario bald\u0173 komplekto funkcionalumas neatsiejamas nuo estetikos. MDF plok\u0161t\u0117s ir laminuotos med\u017eiagos u\u017etikrina patvarum\u0105 ir atsparum\u0105 dr\u0117gmei, o tai labai svarbu vonios kambaryje. Montavimas ant sienos leid\u017eia optimaliai i\u0161naudoti erdv\u0119, o tai ypa\u010d svarbu ma\u017eesn\u0117se erdv\u0117se. Pasirinkus \u0161\u012f sprendim\u0105, j\u016bs\u0173 vonios kambarys \u012fgis funkcionalumo, i\u0161laikydamas eleganti\u0161k\u0105 i\u0161vaizd\u0105.<\/p>\n<p>\u201eSanta Fe Black\u201c \u2013 tai komplektas, kuris lengvai tiks prie bet kokio modernaus interjero. Jo sant\u016bri juoda spalv\u0173 gama dera su \u012fvairiais dekoro stiliais \u2013 nuo minimalistinio iki industrinio. Tai pasirinkimas, kuris pabr\u0117\u017eia individual\u0173 stili\u0173 ir rafinuot\u0105 skon\u012f, kartu si\u016blydamas prakti\u0161kus sprendimus kasdieniam naudojimui.<\/p>\n<p>Nedvejokite ir pakeiskite savo vonios kambar\u012f su \u201eSanta Fe Black\u201c komplektu. Jo kokyb\u0117, patvarumas ir unikalus dizainas u\u017etikrins, kad nauja i\u0161vaizda d\u017eiaugsit\u0117s ilgus metus. Komplekt\u0105 lengva surinkti ir jame yra visos reikalingos tvirtinimo detal\u0117s, tod\u0117l tai puikus pasirinkimas visiems, norintiems lengvai modernizuoti savo erdv\u0119.<\/p>","protected":false},"excerpt":{"rendered":"<p>Gylis (cm): 45,6<br \/>\nPlotis (cm): 60<br \/>\n\u016agis (cm): 46<\/p>","protected":false},"featured_media":245763,"comment_status":"open","ping_status":"open","template":"","meta":[],"product_brand":[],"product_cat":[9117,2015,9183],"product_tag":[],"class_list":{"0":"post-245762","1":"product","2":"type-product","3":"status-publish","4":"has-post-thumbnail","6":"product_cat-bathroom","7":"product_cat-comad","8":"product_cat-bathroom-furniture-sets-comad","10":"first","11":"instock","12":"purchasable","13":"product-type-simple"},"_links":{"self":[{"href":"https:\/\/baldumarket.lt\/lt\/wp-json\/wp\/v2\/product\/245762","targetHints":{"allow":["GET"]}}],"collection":[{"href":"https:\/\/baldumarket.lt\/lt\/wp-json\/wp\/v2\/product"}],"about":[{"href":"https:\/\/baldumarket.lt\/lt\/wp-json\/wp\/v2\/types\/product"}],"replies":[{"embeddable":true,"href":"https:\/\/baldumarket.lt\/lt\/wp-json\/wp\/v2\/comments?post=245762"}],"wp:featuredmedia":[{"embeddable":true,"href":"https:\/\/baldumarket.lt\/lt\/wp-json\/wp\/v2\/media\/245763"}],"wp:attachment":[{"href":"https:\/\/baldumarket.lt\/lt\/wp-json\/wp\/v2\/media?parent=245762"}],"wp:term":[{"taxonomy":"product_brand","embeddable":true,"href":"https:\/\/baldumarket.lt\/lt\/wp-json\/wp\/v2\/product_brand?post=245762"},{"taxonomy":"product_cat","embeddable":true,"href":"https:\/\/baldumarket.lt\/lt\/wp-json\/wp\/v2\/product_cat?post=245762"},{"taxonomy":"product_tag","embeddable":true,"href":"https:\/\/baldumarket.lt\/lt\/wp-json\/wp\/v2\/product_tag?post=245762"}],"curies":[{"name":"wp","href":"https:\/\/api.w.org\/{rel}","templated":true}]}}