{"id":245751,"date":"2026-01-02T23:14:48","date_gmt":"2026-01-02T20:14:48","guid":{"rendered":"https:\/\/baldumarket.lt\/product\/zestaw-mebli-lazienkowych-santa-fe-black-140-cm-2\/"},"modified":"2026-02-11T18:33:08","modified_gmt":"2026-02-11T15:33:08","slug":"zestaw-mebli-lazienkowych-santa-fe-black-140-cm-2","status":"publish","type":"product","link":"https:\/\/baldumarket.lt\/lt\/product\/zestaw-mebli-lazienkowych-santa-fe-black-140-cm-2\/","title":{"rendered":"Vonios kambario bald\u0173 komplektas \u201eSanta Fe\u201c, juodas, 140 cm"},"content":{"rendered":"<p>\u201eSanta Fe Black\u201c vonios kambario bald\u0173 komplektas, 140 cm. Eleganti\u0161k\u0105 \u201eComad\u201c \u201eSanta Fe Black\u201c 140 cm vonios kambario bald\u0173 komplekt\u0105 sudaro praustuvo spintel\u0117s, lentyna ir stalvir\u0161is. Pagamintas i\u0161 laminuotos plok\u0161t\u0117s ir MDF, stilingos juodos spalvos. Puikiai tinka moderniam interjerui. Matmenys: Plotis (cm): 140 Gylis (cm): 45,6 Auk\u0161tis (cm): 46 Techniniai duomenys: Komplekt\u0105 sudaro: 2 x \u201eSanta Fe Black\u201c praustuvo spintel\u0117s, 60 cm \u201eSanta Fe Black\u201c apatin\u0117 lentyna, 140 cm \u201eSanta Fe Black\u201c stalvir\u0161is, 2 x \u201eUN-DOMI-MW\u201c praustuvas. Spalva: juoda. Med\u017eiaga: laminuota plok\u0161t\u0117 \/ MDF plok\u0161t\u0117. Korpuso med\u017eiaga: laminuota plok\u0161t\u0117. Korpuso spalva: juoda. Priekin\u0117s dalies med\u017eiaga: MDF plok\u0161t\u0117. Priekini\u0173 dali\u0173 spalva: juoda. Reikalingas surinkimas: taip. \u012e surinkimo pakuot\u0119 \u012feina: taip. Montavimo viduje b\u016bdas: kabinimui ant sienos. Atraskite moderni\u0105 elegancij\u0105 su \u201eComad\u201c prek\u0117s \u017eenklo \u201eSanta Fe Black\u201c vonios kambario bald\u0173 komplektu, kuris suteiks j\u016bs\u0173 vonios kambariui unikalaus stiliaus ir funkcionalumo. Minimalistinis, juodas dizainas skland\u017eiai \u012fsilies \u012f bet koki\u0105 erdv\u0119, suteikdamas jai prabangos poj\u016bt\u012f. Komplekt\u0105 sudaro dvi praustuvo spintel\u0117s, apatin\u0117 spintel\u0117 ir stalvir\u0161is, kurie harmoningai sujungia visus elementus \u012f vien\u0105 darni\u0105 visum\u0105.<\/p>\n<p>Gro\u017eis ir prakti\u0161kumas yra neatsiejami. Kiekvienas baldas pagamintas i\u0161 auk\u0161\u010diausios kokyb\u0117s laminuotos plok\u0161t\u0117s ir MDF, u\u017etikrinan\u010dios patvarum\u0105 ir atsparum\u0105 dr\u0117gmei. Tai ne tik suteikia baldams prabangi\u0105 i\u0161vaizd\u0105, bet ir leid\u017eia juos naudoti kasdien. Dvi komplekte esan\u010dios kriaukl\u0117s leid\u017eia visai \u0161eimai patogiai naudotis vonios kambariu, tod\u0117l rytinis pasiruo\u0161imas tampa daug lengvesnis ir greitesnis.<\/p>\n<p>\u201eSanta Fe Black\u201c komplektas pasi\u017eymi ne tik elegancija, bet ir funkcionalumu bei puikiu erdv\u0117s i\u0161naudojimu. Gilios spintel\u0117s ir apatin\u0117 spintel\u0117 suteikia daug vietos visiems b\u016btiniausiems vonios kambario daiktams susid\u0117ti. Juoda spinteli\u0173 ir fasad\u0173 apdaila suteikia baldams charakterio, o kartu yra ne\u012ftik\u0117tinai universali, tod\u0117l juos lengva integruoti su kitais interjero dizaino elementais.<\/p>\n<p>Kiekviena detal\u0117 buvo kruop\u0161\u010diai apgalvota \u2013 nuo auk\u0161tos kokyb\u0117s med\u017eiag\u0173 iki funkcionali\u0173 sprendim\u0173. Prie sienos tvirtinamas komplektas ne tik atrodo moderniai, bet ir palengvina vonios kambario \u0161var\u0105. Pridedamas tvirtinimo rinkinys leid\u017eia greitai ir lengvai sumontuoti baldus. Rinkit\u0117s \u201eSanta Fe Black\u201c vonios kambario bald\u0173 komplekt\u0105 ir m\u0117gaukit\u0117s prabanga kiekvien\u0105 dien\u0105.<\/p>","protected":false},"excerpt":{"rendered":"<p>Gylis (cm): 45,6<br \/>\nPlotis (cm): 140<br \/>\n\u016agis (cm): 46<\/p>","protected":false},"featured_media":245752,"comment_status":"open","ping_status":"open","template":"","meta":[],"product_brand":[],"product_cat":[9117,2015,9183],"product_tag":[],"class_list":{"0":"post-245751","1":"product","2":"type-product","3":"status-publish","4":"has-post-thumbnail","6":"product_cat-bathroom","7":"product_cat-comad","8":"product_cat-bathroom-furniture-sets-comad","10":"first","11":"instock","12":"purchasable","13":"product-type-simple"},"_links":{"self":[{"href":"https:\/\/baldumarket.lt\/lt\/wp-json\/wp\/v2\/product\/245751","targetHints":{"allow":["GET"]}}],"collection":[{"href":"https:\/\/baldumarket.lt\/lt\/wp-json\/wp\/v2\/product"}],"about":[{"href":"https:\/\/baldumarket.lt\/lt\/wp-json\/wp\/v2\/types\/product"}],"replies":[{"embeddable":true,"href":"https:\/\/baldumarket.lt\/lt\/wp-json\/wp\/v2\/comments?post=245751"}],"wp:featuredmedia":[{"embeddable":true,"href":"https:\/\/baldumarket.lt\/lt\/wp-json\/wp\/v2\/media\/245752"}],"wp:attachment":[{"href":"https:\/\/baldumarket.lt\/lt\/wp-json\/wp\/v2\/media?parent=245751"}],"wp:term":[{"taxonomy":"product_brand","embeddable":true,"href":"https:\/\/baldumarket.lt\/lt\/wp-json\/wp\/v2\/product_brand?post=245751"},{"taxonomy":"product_cat","embeddable":true,"href":"https:\/\/baldumarket.lt\/lt\/wp-json\/wp\/v2\/product_cat?post=245751"},{"taxonomy":"product_tag","embeddable":true,"href":"https:\/\/baldumarket.lt\/lt\/wp-json\/wp\/v2\/product_tag?post=245751"}],"curies":[{"name":"wp","href":"https:\/\/api.w.org\/{rel}","templated":true}]}}