{"id":245745,"date":"2026-01-02T23:14:45","date_gmt":"2026-01-02T20:14:45","guid":{"rendered":"https:\/\/baldumarket.lt\/product\/zestaw-mebli-lazienkowych-santa-fe-black-140-cm\/"},"modified":"2026-02-11T18:33:08","modified_gmt":"2026-02-11T15:33:08","slug":"zestaw-mebli-lazienkowych-santa-fe-black-140-cm","status":"publish","type":"product","link":"https:\/\/baldumarket.lt\/lt\/product\/zestaw-mebli-lazienkowych-santa-fe-black-140-cm\/","title":{"rendered":"Vonios kambario bald\u0173 komplektas \u201eSanta Fe\u201c, juodas, 140 cm"},"content":{"rendered":"<p>\u201eSanta Fe\u201c juodas vonios kambario bald\u0173 komplektas, 140 cm. \u201eComad\u201c \u201eSanta Fe\u201c juodas 140 cm vonios kambario bald\u0173 komplektas. Eleganti\u0161kas, juodas dizainas, pagamintas i\u0161 laminuotos plok\u0161t\u0117s ir MDF. J\u012f sudaro spintel\u0117 su praustuvu ir apatin\u0117 lentyna. Lengva pakabinti ant sienos, pridedamas tvirtinimo rinkinys. Matmenys: Plotis (cm): 140 Gylis (cm): 45,6 Auk\u0161tis (cm): 46 Techniniai duomenys: Komplekt\u0105 sudaro: 2 x \u201eSanta Fe\u201c juoda praustuvo spintel\u0117 60 cm, \u201eSanta Fe\u201c juoda apatin\u0117 lentyna, \u201eSanta Fe\u201c juodas stalvir\u0161is 140 cm Spalva: juoda Med\u017eiaga: laminuota plok\u0161t\u0117 \/ MDF plok\u0161t\u0117 Korpuso med\u017eiaga: laminuota plok\u0161t\u0117 Korpuso spalva: juoda Priekin\u0117s dalies med\u017eiaga: MDF plok\u0161t\u0117 Priekin\u0117s dalies spalva: juoda Reikalingas surinkimas: taip Pridedamas tvirtinimo rinkinys: taip Montavimo b\u016bdas patalpoje: pakabinimui ant sienos \u201eComad\u201c \u201eSanta Fe\u201c juodas vonios kambario bald\u0173 komplektas yra puikus sprendimas \u017emon\u0117ms, kurie vertina modern\u0173 dizain\u0105 ir funkcionalum\u0105. Juodi baldai suteikia interjerui elegancijos ir rafinuotumo, o laminato ir MDF plok\u0161\u010di\u0173 derinys garantuoja patvarum\u0105 ir auk\u0161tos kokyb\u0117s apdail\u0105. \u0160is komplektas puikiai tinka visiems, norintiems susikurti unikal\u0173 vonios kambar\u012f, kupin\u0105 stiliaus ir klas\u0117s.<\/p>\n<p>\u0160\u012f komplekt\u0105 sudaro dvi praustuvin\u0117s spintel\u0117s, apatin\u0117 lentyna ir stalvir\u0161is \u2013 visi elementai yra tamsiai juodos spalvos, puikiai papildan\u010dios \u0161iuolaikines interjero dizaino tendencijas. \u201eSanta Fe Black\u201c baldai ne tik atrodo gra\u017eiai, bet ir si\u016blo prakti\u0161kus bei erdvius vis\u0173 j\u016bs\u0173 vonios kambario aksesuar\u0173 laikymo sprendimus. Tai suteiks nauj\u0105 tvarkos ir elegancijos dimensij\u0105 bet kuriam vonios kambariui.<\/p>\n<p>140 cm plo\u010dio stalvir\u0161is sukuria erdv\u0173 pavir\u0161i\u0173, kuris leid\u017eia patogiai naudoti ir idealiai tinka kasdienei higienai. Apatin\u0117 lentyna suteikia papildomos vietos daiktams susid\u0117ti, o tai labai svarbu bet kuriame vonios kambaryje. Visi komplekto elementai buvo pagaminti kruop\u0161\u010diai, u\u017etikrinant j\u0173 patvarum\u0105 ir atsparum\u0105 dr\u0117gmei.<\/p>\n<p>\u201eSanta Fe Black\u201c komplektas ne tik atrodo \u012fsp\u016bdingai, bet ir yra lengvai montuojamas \u2013 visi reikalingi tvirtinimo priedai yra komplekte. Prie sienos tvirtinami baldai suteikia bet kokiam interjerui lengvumo, sukuria didesnio erdv\u0117s poj\u016bt\u012f. \u012erengus \u0161iuos baldus vonios kambaryje, ne tik pagerinsite jo funkcionalum\u0105, bet ir suteiksite elegancijos bei modernumo.<\/p>","protected":false},"excerpt":{"rendered":"<p>Gylis (cm): 45,6<br \/>\nPlotis (cm): 140<br \/>\n\u016agis (cm): 46<\/p>","protected":false},"featured_media":245746,"comment_status":"open","ping_status":"open","template":"","meta":[],"product_brand":[],"product_cat":[9117,2015,9183],"product_tag":[],"class_list":{"0":"post-245745","1":"product","2":"type-product","3":"status-publish","4":"has-post-thumbnail","6":"product_cat-bathroom","7":"product_cat-comad","8":"product_cat-bathroom-furniture-sets-comad","10":"first","11":"instock","12":"purchasable","13":"product-type-simple"},"_links":{"self":[{"href":"https:\/\/baldumarket.lt\/lt\/wp-json\/wp\/v2\/product\/245745","targetHints":{"allow":["GET"]}}],"collection":[{"href":"https:\/\/baldumarket.lt\/lt\/wp-json\/wp\/v2\/product"}],"about":[{"href":"https:\/\/baldumarket.lt\/lt\/wp-json\/wp\/v2\/types\/product"}],"replies":[{"embeddable":true,"href":"https:\/\/baldumarket.lt\/lt\/wp-json\/wp\/v2\/comments?post=245745"}],"wp:featuredmedia":[{"embeddable":true,"href":"https:\/\/baldumarket.lt\/lt\/wp-json\/wp\/v2\/media\/245746"}],"wp:attachment":[{"href":"https:\/\/baldumarket.lt\/lt\/wp-json\/wp\/v2\/media?parent=245745"}],"wp:term":[{"taxonomy":"product_brand","embeddable":true,"href":"https:\/\/baldumarket.lt\/lt\/wp-json\/wp\/v2\/product_brand?post=245745"},{"taxonomy":"product_cat","embeddable":true,"href":"https:\/\/baldumarket.lt\/lt\/wp-json\/wp\/v2\/product_cat?post=245745"},{"taxonomy":"product_tag","embeddable":true,"href":"https:\/\/baldumarket.lt\/lt\/wp-json\/wp\/v2\/product_tag?post=245745"}],"curies":[{"name":"wp","href":"https:\/\/api.w.org\/{rel}","templated":true}]}}