{"id":245731,"date":"2026-01-02T23:14:40","date_gmt":"2026-01-02T20:14:40","guid":{"rendered":"https:\/\/baldumarket.lt\/product\/zestaw-mebli-lazienkowych-nova-oak-50-cm\/"},"modified":"2026-02-11T18:33:08","modified_gmt":"2026-02-11T15:33:08","slug":"zestaw-mebli-lazienkowych-nova-oak-50-cm","status":"publish","type":"product","link":"https:\/\/baldumarket.lt\/lt\/product\/zestaw-mebli-lazienkowych-nova-oak-50-cm\/","title":{"rendered":"Vonios kambario bald\u0173 komplektas \u201eNova Oak\u201c, 50 cm"},"content":{"rendered":"<p>\u201eNova Oak\u201c vonios kambario bald\u0173 komplektas, 50 cm. \u201eNova Oak\u201c vonios kambario bald\u0173 komplektas yra eleganti\u0161kas ir funkcionalus j\u016bs\u0173 vonios kambario papildymas. Pagamintas i\u0161 laminuotos plok\u0161t\u0117s \u201eCoast Evoke Oak\u201c spalvos, su tos pa\u010dios spalvos fasadais. \u012erengtos universalios durel\u0117mis su \u0161velnaus u\u017edarymo sistema. Matmenys: Plotis (cm): 50 Gylis (cm): 40 Auk\u0161tis (cm): 59 Techniniai duomenys: Spalva: \u201eCost Evoke Oak\u201c Med\u017eiaga: Laminuota plok\u0161t\u0117 Korpuso med\u017eiaga: Laminuota plok\u0161t\u0117 Korpuso spalva: \u201eCost Evoke Oak\u201c Priekini\u0173 dali\u0173 med\u017eiaga: Laminuota plok\u0161t\u0117 Priekini\u0173 dali\u0173 spalva: \u201eCoast Evoke Oak\u201c Priekini\u0173 dali\u0173 konstrukcija: Lygi Reikalingas surinkimas: Taip Pridedami tvirtinimo kai\u0161\u010diai: Taip Pridedamas tvirtinimo rinkinys: Taip Montavimo b\u016bdas patalpoje: Pakabinimui ant sienos Dur\u0173 skai\u010dius: Universalus Vyriai: \u0160velniai u\u017esidarantys Rankenos: Tvirtinamos prie kra\u0161t\u0173 Ranken\u0173 med\u017eiaga: Aliuminis Ranken\u0173 spalva: Blizgus chromas Fiksuot\u0173 lentyn\u0173 med\u017eiaga: Laminuota plok\u0161t\u0117 Fiksuot\u0173 lentyn\u0173 spalva: \u201eCost Evoke Oak\u201c Reguliuojama lentyna Kiekis: 1 Reguliuojama lentyna<br \/>\nReguliuojama lentyna<br \/>\nMed\u017eiaga: laminuota plok\u0161t\u0117<br \/>\nReguliuojama lentyna<br \/>\nSpalva: \u201eCoast Evoke Oak\u201c<br \/>\n\u201eComad\u201c \u201eNova Oak\u201c vonios kambario bald\u0173 komplektas \u2013 tai elegancijos ir funkcionalumo esm\u0117, puikiai tinkanti moderniam interjerui. Unikalus \u201eCoast Evoke\u201c \u0105\u017euolo dizainas suteiks j\u016bs\u0173 vonios kambariui \u0161ilumos ir nat\u016bralaus \u017eavesio, harmoningai papildydamas tiek \u0161viesius, tiek tamsius dekoro elementus.<\/p>\n<p>D\u0117l kompakti\u0161ko 50 cm plo\u010dio ir 40 cm gylio \u201eNova Oak\u201c komplektas puikiai tinka ma\u017eesniems vonios kambariams, tuo pa\u010diu palikdamas vietos b\u016btiniausiems higienos reikmenims ir aksesuarams laikyti. Laminuoti \u0105\u017euolo atspalvio fasadai ir karkasai yra itin patvar\u016bs ir atspar\u016bs dr\u0117gmei, tod\u0117l b\u016btini didel\u0117s dr\u0117gm\u0117s patalpose.<\/p>\n<p>\u201eNova Oak\u201c komplektas taip pat i\u0161siskiria subtilia, ta\u010diau i\u0161skirtinai gerai apgalvota apdaila. Lyg\u016bs fasadai ir chromuotos aliuminio ranken\u0117l\u0117s spinduliuoja elegancija ir modernumu. \u0160velnaus u\u017edarymo funkcija leid\u017eia spinteles atidaryti ir u\u017edaryti ne\u012ftik\u0117tinai skland\u017eiai ir prakti\u0161kai be garso, tod\u0117l kasdienis naudojimas yra patogesnis.<\/p>\n<p>Dar vienas \u0161io komplekto privalumas \u2013 lengvas surinkimas \u2013 pridedami visi tvirtinimo elementai ir tvirtinimo rinkinys, o baldai yra skirti montuoti prie sienos, tod\u0117l optimaliai i\u0161naudojama erdv\u0117. Komplekte taip pat yra reguliuojamo auk\u0161\u010dio lentyna, leid\u017eianti pritaikyti spintel\u0117s vid\u0173 pagal individualius laikymo poreikius.<\/p>\n<p>Jei norite, kad j\u016bs\u0173 vonios kambarys b\u016bt\u0173 atsipalaidavimo ir estetikos vieta, \u201eNova Oak\u201c vonios kambario bald\u0173 komplektas yra puikus pasirinkimas, derinantis elegancij\u0105, prakti\u0161kum\u0105 ir ilgaam\u017ei\u0161kum\u0105. Sukurkite erdv\u0119, kurioje kiekvienas elementas atspind\u0117t\u0173 j\u016bs\u0173 stili\u0173 ir komforto poreik\u012f.<\/p>","protected":false},"excerpt":{"rendered":"<p>Plotis (cm): 50<br \/>\nGylis (cm): 40<br \/>\n\u016agis (cm): 59<\/p>","protected":false},"featured_media":245732,"comment_status":"open","ping_status":"open","template":"","meta":[],"product_brand":[],"product_cat":[9117,2015,9183],"product_tag":[],"class_list":{"0":"post-245731","1":"product","2":"type-product","3":"status-publish","4":"has-post-thumbnail","6":"product_cat-bathroom","7":"product_cat-comad","8":"product_cat-bathroom-furniture-sets-comad","10":"first","11":"instock","12":"purchasable","13":"product-type-simple"},"_links":{"self":[{"href":"https:\/\/baldumarket.lt\/lt\/wp-json\/wp\/v2\/product\/245731","targetHints":{"allow":["GET"]}}],"collection":[{"href":"https:\/\/baldumarket.lt\/lt\/wp-json\/wp\/v2\/product"}],"about":[{"href":"https:\/\/baldumarket.lt\/lt\/wp-json\/wp\/v2\/types\/product"}],"replies":[{"embeddable":true,"href":"https:\/\/baldumarket.lt\/lt\/wp-json\/wp\/v2\/comments?post=245731"}],"wp:featuredmedia":[{"embeddable":true,"href":"https:\/\/baldumarket.lt\/lt\/wp-json\/wp\/v2\/media\/245732"}],"wp:attachment":[{"href":"https:\/\/baldumarket.lt\/lt\/wp-json\/wp\/v2\/media?parent=245731"}],"wp:term":[{"taxonomy":"product_brand","embeddable":true,"href":"https:\/\/baldumarket.lt\/lt\/wp-json\/wp\/v2\/product_brand?post=245731"},{"taxonomy":"product_cat","embeddable":true,"href":"https:\/\/baldumarket.lt\/lt\/wp-json\/wp\/v2\/product_cat?post=245731"},{"taxonomy":"product_tag","embeddable":true,"href":"https:\/\/baldumarket.lt\/lt\/wp-json\/wp\/v2\/product_tag?post=245731"}],"curies":[{"name":"wp","href":"https:\/\/api.w.org\/{rel}","templated":true}]}}