{"id":245726,"date":"2026-01-02T23:14:37","date_gmt":"2026-01-02T20:14:37","guid":{"rendered":"https:\/\/baldumarket.lt\/product\/zestaw-mebli-lazienkowych-line-reed-green-60-cm\/"},"modified":"2026-02-11T18:33:08","modified_gmt":"2026-02-11T15:33:08","slug":"zestaw-mebli-lazienkowych-line-reed-green-60-cm","status":"publish","type":"product","link":"https:\/\/baldumarket.lt\/lt\/product\/zestaw-mebli-lazienkowych-line-reed-green-60-cm\/","title":{"rendered":"Vonios kambario bald\u0173 komplektas \u201eLine Reed Green\u201c, 60 cm"},"content":{"rendered":"<p>Vonios kambario bald\u0173 komplektas \u201eLine Reed Green\u201c, 60 cm. \u201eComad\u201c vonios kambario bald\u0173 komplektas \u201eLine Reed Green\u201c yra eleganti\u0161kas \u017eali\u0173 atspalvi\u0173. Pagamintas i\u0161 laminuotos plok\u0161t\u0117s ir MDF, turi du erdvius stal\u010dius su frezuotais priekiais, puikiai tinkan\u010dius tvirtinimui prie sienos. Surinkimo rinkinys prid\u0117tas. Matmenys: Techniniai duomenys: Komplekt\u0105 sudaro: DANCE WHITE 60 \u2013 Praustuvas-baldas, 60 cm keraminis, Praustuvo spintel\u0117, 60 cm LINE REED GREEN, Auk\u0161tas stulpelis, 30 cm LINE REED GREEN Spalva: Nendri\u0173 \u017ealia Med\u017eiaga: Laminuota plok\u0161t\u0117 \/ MDF plok\u0161t\u0117 Korpuso med\u017eiaga: Laminuota plok\u0161t\u0117 Korpuso spalva: Nendri\u0173 \u017ealia Priekini\u0173 dali\u0173 med\u017eiaga: MDF plok\u0161t\u0117 Priekini\u0173 dali\u0173 spalva: Nendri\u0173 \u017ealia Fasad\u0173 konstrukcija: Frezuoti vertikal\u016bs grioveliai Reikalingas surinkimas: Taip Pridedami tvirtinimo kai\u0161\u010diai: Taip Pridedamas tvirtinimo rinkinys: Taip Montavimo viduje b\u016bdas: Pakabinimui ant sienos Stal\u010di\u0173 skai\u010dius: 2 stal\u010diai 1 stal\u010dius Konstrukcija: Pilnas dugnas su i\u0161pjova galin\u0117je juostoje \u2013 Rekomenduojamas sifono montavimas Tvirtinamas prie sienos \u017demas \u2013 Sifonas nepridedamas. 1 stal\u010diaus prailginimas: 3\/4 prailginimo. 2 stal\u010diaus prailginimas: Pilno i\u0161traukimo. Vir\u0161utini\u0173 stal\u010di\u0173 organizatorius: Nr. 1 stal\u010dius. Talpa: 3. Rankenos: Integruotos. Ranken\u0173 med\u017eiaga: MDF. Ranken\u0173 spalva: Nendri\u0173 \u017ealia. Praskaidrinkite savo vonios kambar\u012f su \u201eComad\u201c vonios kambario bald\u0173 komplektu \u201eLine Reed Green\u201c. \u0160is komplektas, kurio plotis \u2013 60 cm, auk\u0161tis \u2013 57 cm, o gylis \u2013 39 cm, derina stili\u0173 ir funkcionalum\u0105. Unikali nendri\u0173 \u017ealia spalva suteiks j\u016bs\u0173 interjerui gaivumo ir rafinuotumo.<\/p>\n<p>Pagamintas i\u0161 laminuotos plok\u0161t\u0117s ir MDF, komplektas u\u017etikrina ilgaam\u017ei\u0161kum\u0105, o frezuoti vertikal\u016bs grioveliai suteikia baldams eleganti\u0161k\u0105 i\u0161vaizd\u0105. Surinkimas paprastas d\u0117ka pridedam\u0173 kai\u0161\u010di\u0173 ir tvirtinimo rinkinio, leid\u017eian\u010dio greitai ir be vargo pritvirtinti prie sienos.<\/p>\n<p>Spintel\u0117 turi du prakti\u0161kus stal\u010dius. Pirmasis stal\u010dius turi tvirt\u0105 dugn\u0105 su i\u0161pjova galin\u0117je panel\u0117je, tod\u0117l lengva sumontuoti \u017eemo profilio sienin\u012f sifon\u0105 (sifonas nepridedamas). \u0160is stal\u010dius i\u0161tiestas 3\/4 savo ilgio, tod\u0117l jame esantis turinys yra greitai ir lengvai pasiekiamas.<\/p>\n<p>Antrasis stal\u010dius i\u0161sitiesia per vis\u0105 ilg\u012f, tod\u0117l erdv\u0117 i\u0161naudojama optimaliai. Integruotos MDF ranken\u0117l\u0117s i\u0161 nendri\u0173 \u017ealios spalvos i\u0161laiko minimalistin\u012f ir modern\u0173 stili\u0173.<\/p>\n<p>\u201eComad\u201c vonios bald\u0173 komplektas \u201eLine Reed Green\u201c \u2013 puikus pasirinkimas tiems, kurie vertina elegancij\u0105, funkcionalum\u0105 ir lengv\u0105 surinkim\u0105.<\/p>","protected":false},"excerpt":{"rendered":"<p>Line Reed Green Bathroom Furniture Set 60 cm. The Line Reed Green bathroom set from Comad is elegant in shades of green. Made of laminated board and MDF, it offers two spacious drawers with milled fronts, perfect for wall-mounting. Assembly kit included. Dimensions: Technical data: The set consists of: DANCE WHITE 60 &#8211; Furniture washbasin [&hellip;]<\/p>","protected":false},"featured_media":245727,"comment_status":"open","ping_status":"open","template":"","meta":[],"product_brand":[],"product_cat":[9117,2015,9183],"product_tag":[],"class_list":{"0":"post-245726","1":"product","2":"type-product","3":"status-publish","4":"has-post-thumbnail","6":"product_cat-bathroom","7":"product_cat-comad","8":"product_cat-bathroom-furniture-sets-comad","10":"first","11":"instock","12":"purchasable","13":"product-type-simple"},"_links":{"self":[{"href":"https:\/\/baldumarket.lt\/lt\/wp-json\/wp\/v2\/product\/245726","targetHints":{"allow":["GET"]}}],"collection":[{"href":"https:\/\/baldumarket.lt\/lt\/wp-json\/wp\/v2\/product"}],"about":[{"href":"https:\/\/baldumarket.lt\/lt\/wp-json\/wp\/v2\/types\/product"}],"replies":[{"embeddable":true,"href":"https:\/\/baldumarket.lt\/lt\/wp-json\/wp\/v2\/comments?post=245726"}],"wp:featuredmedia":[{"embeddable":true,"href":"https:\/\/baldumarket.lt\/lt\/wp-json\/wp\/v2\/media\/245727"}],"wp:attachment":[{"href":"https:\/\/baldumarket.lt\/lt\/wp-json\/wp\/v2\/media?parent=245726"}],"wp:term":[{"taxonomy":"product_brand","embeddable":true,"href":"https:\/\/baldumarket.lt\/lt\/wp-json\/wp\/v2\/product_brand?post=245726"},{"taxonomy":"product_cat","embeddable":true,"href":"https:\/\/baldumarket.lt\/lt\/wp-json\/wp\/v2\/product_cat?post=245726"},{"taxonomy":"product_tag","embeddable":true,"href":"https:\/\/baldumarket.lt\/lt\/wp-json\/wp\/v2\/product_tag?post=245726"}],"curies":[{"name":"wp","href":"https:\/\/api.w.org\/{rel}","templated":true}]}}