{"id":245720,"date":"2026-01-02T23:14:35","date_gmt":"2026-01-02T20:14:35","guid":{"rendered":"https:\/\/baldumarket.lt\/product\/zestaw-mebli-lazienkowych-devon\/"},"modified":"2026-02-11T18:33:08","modified_gmt":"2026-02-11T15:33:08","slug":"zestaw-mebli-lazienkowych-devon","status":"publish","type":"product","link":"https:\/\/baldumarket.lt\/lt\/product\/zestaw-mebli-lazienkowych-devon\/","title":{"rendered":"Devono vonios kambario bald\u0173 komplektas"},"content":{"rendered":"<p>\u201eDEVON\u201c kolekcijoje paprasta, sant\u016bri forma derinama su med\u017eio imitacijos \u0160etlando \u0105\u017euolo apdaila, sukuriant harmoning\u0105 ir unikal\u0173 interjer\u0105. Atviros lentynos ir grafito spalvos interjeras u\u017ebaigia vaizd\u0105. Visos durel\u0117s ir stal\u010diai turi \u0161velnaus u\u017edarymo sistem\u0105. Komplekt\u0105 sudaro praustuvo spintel\u0117, veidrodin\u0117 spintel\u0117 ir auk\u0161ta spintel\u0117. Pasirinktinai galima prid\u0117ti LED \u0161viestuv\u0105 ir stiling\u0105 stalvir\u0161io praustuv\u0105.<\/p>","protected":false},"excerpt":{"rendered":"<p>Praustuvai (61 \/ 11 \/ 34) Praustuv\u0173 spintel\u0117s (100 \/ 59,8 \/ 45,5) LED \u0161viestuvai (60 \/ 5 \/ 10) Veidrodin\u0117s spintel\u0117s (100 \/ 75 \/ 18) Auk\u0161tos spintel\u0117s (50 \/ 170 \/ 33)<br \/>\nPriekin\u0117 med\u017eiaga: laminuota plok\u0161t\u0117<br \/>\nPriekin\u0117s dalies spalva: \u0160etlando \u0105\u017euolas, grafitas<\/p>","protected":false},"featured_media":245721,"comment_status":"open","ping_status":"open","template":"","meta":[],"product_brand":[],"product_cat":[9117,2015,9183],"product_tag":[],"class_list":{"0":"post-245720","1":"product","2":"type-product","3":"status-publish","4":"has-post-thumbnail","6":"product_cat-bathroom","7":"product_cat-comad","8":"product_cat-bathroom-furniture-sets-comad","10":"first","11":"instock","12":"purchasable","13":"product-type-simple"},"_links":{"self":[{"href":"https:\/\/baldumarket.lt\/lt\/wp-json\/wp\/v2\/product\/245720","targetHints":{"allow":["GET"]}}],"collection":[{"href":"https:\/\/baldumarket.lt\/lt\/wp-json\/wp\/v2\/product"}],"about":[{"href":"https:\/\/baldumarket.lt\/lt\/wp-json\/wp\/v2\/types\/product"}],"replies":[{"embeddable":true,"href":"https:\/\/baldumarket.lt\/lt\/wp-json\/wp\/v2\/comments?post=245720"}],"wp:featuredmedia":[{"embeddable":true,"href":"https:\/\/baldumarket.lt\/lt\/wp-json\/wp\/v2\/media\/245721"}],"wp:attachment":[{"href":"https:\/\/baldumarket.lt\/lt\/wp-json\/wp\/v2\/media?parent=245720"}],"wp:term":[{"taxonomy":"product_brand","embeddable":true,"href":"https:\/\/baldumarket.lt\/lt\/wp-json\/wp\/v2\/product_brand?post=245720"},{"taxonomy":"product_cat","embeddable":true,"href":"https:\/\/baldumarket.lt\/lt\/wp-json\/wp\/v2\/product_cat?post=245720"},{"taxonomy":"product_tag","embeddable":true,"href":"https:\/\/baldumarket.lt\/lt\/wp-json\/wp\/v2\/product_tag?post=245720"}],"curies":[{"name":"wp","href":"https:\/\/api.w.org\/{rel}","templated":true}]}}