{"id":245705,"date":"2026-01-02T23:14:27","date_gmt":"2026-01-02T20:14:27","guid":{"rendered":"https:\/\/baldumarket.lt\/product\/zestaw-mebli-lazienkowych-bahama-white-80-cm\/"},"modified":"2026-02-11T18:33:08","modified_gmt":"2026-02-11T15:33:08","slug":"zestaw-mebli-lazienkowych-bahama-white-80-cm","status":"publish","type":"product","link":"https:\/\/baldumarket.lt\/lt\/product\/zestaw-mebli-lazienkowych-bahama-white-80-cm\/","title":{"rendered":"Bahama White vonios kambario bald\u0173 komplektas 80 cm"},"content":{"rendered":"<p>\u201eBahama White\u201c \u2013 tai ne tik i\u0161skirtinai eleganti\u0161ka, bet ir stilinga vonios kambario bald\u0173 kolekcija. Komplekt\u0105 sudaro \u017eema praustuvo spintel\u0117 dviem variantais, veidrodin\u0117 spintel\u0117 ir auk\u0161ta spintel\u0117 su atviromis stiklin\u0117mis lentynomis, kurios puikiai demonstruoja stilingus aksesuarus. Visos durel\u0117s turi \u0161velnaus u\u017edarymo sistem\u0105. \u201eBahama White\u201c spinteles galima tvirtinti prie sienos, taip sukuriant stulbinant\u012f efekt\u0105 ir palengvinant vonios kambario valym\u0105. Serij\u0105 papildo apvalus \u201eRossi\u201c veidrodis su LED ap\u0161vietimu, suteikiantis modernumo. Balti laminuoti fasadai kartu su \u0161ilta mediena sukuria eleganti\u0161k\u0105 SPA atmosfer\u0105. \u0160i serija prad\u017eiugins net ir i\u0161rankiausius eleganti\u0161ko minimalizmo m\u0117g\u0117jus.<\/p>","protected":false},"excerpt":{"rendered":"<p>Keraminis praustuvas (81 \/ 17 \/ 46) Vonios kambario kolon\u0117l\u0117 (45 \/ 170 \/ 33) Praustuvo spintel\u0117 (79 \/ 67 \/ 45) Veidrodin\u0117 spintel\u0117 (80 \/ 70 \/ 20)<br \/>\nKorpuso med\u017eiaga: laminuota plok\u0161t\u0117<br \/>\nPriekin\u0117 med\u017eiaga: MDF<\/p>","protected":false},"featured_media":245706,"comment_status":"open","ping_status":"open","template":"","meta":[],"product_brand":[],"product_cat":[9117,2015,9183],"product_tag":[],"class_list":{"0":"post-245705","1":"product","2":"type-product","3":"status-publish","4":"has-post-thumbnail","6":"product_cat-bathroom","7":"product_cat-comad","8":"product_cat-bathroom-furniture-sets-comad","10":"first","11":"instock","12":"purchasable","13":"product-type-simple"},"_links":{"self":[{"href":"https:\/\/baldumarket.lt\/lt\/wp-json\/wp\/v2\/product\/245705","targetHints":{"allow":["GET"]}}],"collection":[{"href":"https:\/\/baldumarket.lt\/lt\/wp-json\/wp\/v2\/product"}],"about":[{"href":"https:\/\/baldumarket.lt\/lt\/wp-json\/wp\/v2\/types\/product"}],"replies":[{"embeddable":true,"href":"https:\/\/baldumarket.lt\/lt\/wp-json\/wp\/v2\/comments?post=245705"}],"wp:featuredmedia":[{"embeddable":true,"href":"https:\/\/baldumarket.lt\/lt\/wp-json\/wp\/v2\/media\/245706"}],"wp:attachment":[{"href":"https:\/\/baldumarket.lt\/lt\/wp-json\/wp\/v2\/media?parent=245705"}],"wp:term":[{"taxonomy":"product_brand","embeddable":true,"href":"https:\/\/baldumarket.lt\/lt\/wp-json\/wp\/v2\/product_brand?post=245705"},{"taxonomy":"product_cat","embeddable":true,"href":"https:\/\/baldumarket.lt\/lt\/wp-json\/wp\/v2\/product_cat?post=245705"},{"taxonomy":"product_tag","embeddable":true,"href":"https:\/\/baldumarket.lt\/lt\/wp-json\/wp\/v2\/product_tag?post=245705"}],"curies":[{"name":"wp","href":"https:\/\/api.w.org\/{rel}","templated":true}]}}