{"id":245627,"date":"2026-01-02T23:13:49","date_gmt":"2026-01-02T20:13:49","guid":{"rendered":"https:\/\/baldumarket.lt\/product\/zestaw-iconic-white-2x80-z-zielonymi-umywalkami-kama-lustrem-juliet-i-oswietleniem-led\/"},"modified":"2026-02-11T18:33:10","modified_gmt":"2026-02-11T15:33:10","slug":"zestaw-iconic-white-2x80-z-zielonymi-umywalkami-kama-lustrem-juliet-i-oswietleniem-led","status":"publish","type":"product","link":"https:\/\/baldumarket.lt\/lt\/product\/zestaw-iconic-white-2x80-z-zielonymi-umywalkami-kama-lustrem-juliet-i-oswietleniem-led\/","title":{"rendered":"ICONIC WHITE 2\u00d780 komplektas su \u017ealiais KAMA praustuvais, Juliet veidrod\u017eiu ir LED ap\u0161vietimu"},"content":{"rendered":"","protected":false},"excerpt":{"rendered":"<p>\u201eJuliet\u201c veidrodis, 60 cm (60 | 2 | 70) \u201eSANTA FE OAK 89-180-A\u201c stalvir\u0161is, 180 cm \u201eSANTA FE OAK 81-01-A\u201c paapatin\u0117 lentyn\u0117l\u0117, 2 x KAMA-MFG-50 keraminis stalvir\u0161inis praustuvas, matin\u0117s mi\u0161ko \u017ealios spalvos, 50,5 cm, 2 x ICONIC WHITE 82-80-D-1S praustuvo spintel\u0117 (80 | 45 | 46) 2 x \u201eJuliet\u201c auksin\u0117 LED lempa, 30 cm (30 | 5 | 10) \u201eICONIC WHITE 80-01-D-2D\u201c auk\u0161ta kolona (35 | 33 | 160)<\/p>","protected":false},"featured_media":245628,"comment_status":"open","ping_status":"open","template":"","meta":[],"product_brand":[],"product_cat":[9117,2015,9183],"product_tag":[],"class_list":{"0":"post-245627","1":"product","2":"type-product","3":"status-publish","4":"has-post-thumbnail","6":"product_cat-bathroom","7":"product_cat-comad","8":"product_cat-bathroom-furniture-sets-comad","10":"first","11":"instock","12":"purchasable","13":"product-type-simple"},"_links":{"self":[{"href":"https:\/\/baldumarket.lt\/lt\/wp-json\/wp\/v2\/product\/245627","targetHints":{"allow":["GET"]}}],"collection":[{"href":"https:\/\/baldumarket.lt\/lt\/wp-json\/wp\/v2\/product"}],"about":[{"href":"https:\/\/baldumarket.lt\/lt\/wp-json\/wp\/v2\/types\/product"}],"replies":[{"embeddable":true,"href":"https:\/\/baldumarket.lt\/lt\/wp-json\/wp\/v2\/comments?post=245627"}],"wp:featuredmedia":[{"embeddable":true,"href":"https:\/\/baldumarket.lt\/lt\/wp-json\/wp\/v2\/media\/245628"}],"wp:attachment":[{"href":"https:\/\/baldumarket.lt\/lt\/wp-json\/wp\/v2\/media?parent=245627"}],"wp:term":[{"taxonomy":"product_brand","embeddable":true,"href":"https:\/\/baldumarket.lt\/lt\/wp-json\/wp\/v2\/product_brand?post=245627"},{"taxonomy":"product_cat","embeddable":true,"href":"https:\/\/baldumarket.lt\/lt\/wp-json\/wp\/v2\/product_cat?post=245627"},{"taxonomy":"product_tag","embeddable":true,"href":"https:\/\/baldumarket.lt\/lt\/wp-json\/wp\/v2\/product_tag?post=245627"}],"curies":[{"name":"wp","href":"https:\/\/api.w.org\/{rel}","templated":true}]}}