{"id":245622,"date":"2026-01-02T23:13:47","date_gmt":"2026-01-02T20:13:47","guid":{"rendered":"https:\/\/baldumarket.lt\/product\/zestaw-iconic-white-2x60-z-umywalka-sky-120d-i-lustrem-led-bianca-120\/"},"modified":"2026-02-11T18:33:10","modified_gmt":"2026-02-11T15:33:10","slug":"zestaw-iconic-white-2x60-z-umywalka-sky-120d-i-lustrem-led-bianca-120","status":"publish","type":"product","link":"https:\/\/baldumarket.lt\/lt\/product\/zestaw-iconic-white-2x60-z-umywalka-sky-120d-i-lustrem-led-bianca-120\/","title":{"rendered":"ICONIC WHITE 2\u00d760 komplektas su SKY 120D praustuvu ir Bianca 120 LED veidrod\u017eiu"},"content":{"rendered":"","protected":false},"excerpt":{"rendered":"<p>Bianca LED veidrodis 120 cm (120 | 2 | 70) SKY120D\/DP-8099 Dviguba kriaukl\u0117s spintel\u0117 121 x 46 cm \/ Dviguba pakuot\u0117 ICONIC WHITE 82-60-D-1S Praustuvo spintel\u0117 2x ICONIC WHITE 82-60-D-1S Praustuvo spintel\u0117 (60 | 45 | 46) ICONIC WHITE 80-01-D-2D Auk\u0161ta kolona ICONIC WHITE 80-01-D-2D Auk\u0161ta kolona (35 | 33 | 160)<\/p>","protected":false},"featured_media":245623,"comment_status":"open","ping_status":"open","template":"","meta":[],"product_brand":[],"product_cat":[9117,2015,9183],"product_tag":[],"class_list":{"0":"post-245622","1":"product","2":"type-product","3":"status-publish","4":"has-post-thumbnail","6":"product_cat-bathroom","7":"product_cat-comad","8":"product_cat-bathroom-furniture-sets-comad","10":"first","11":"instock","12":"purchasable","13":"product-type-simple"},"_links":{"self":[{"href":"https:\/\/baldumarket.lt\/lt\/wp-json\/wp\/v2\/product\/245622","targetHints":{"allow":["GET"]}}],"collection":[{"href":"https:\/\/baldumarket.lt\/lt\/wp-json\/wp\/v2\/product"}],"about":[{"href":"https:\/\/baldumarket.lt\/lt\/wp-json\/wp\/v2\/types\/product"}],"replies":[{"embeddable":true,"href":"https:\/\/baldumarket.lt\/lt\/wp-json\/wp\/v2\/comments?post=245622"}],"wp:featuredmedia":[{"embeddable":true,"href":"https:\/\/baldumarket.lt\/lt\/wp-json\/wp\/v2\/media\/245623"}],"wp:attachment":[{"href":"https:\/\/baldumarket.lt\/lt\/wp-json\/wp\/v2\/media?parent=245622"}],"wp:term":[{"taxonomy":"product_brand","embeddable":true,"href":"https:\/\/baldumarket.lt\/lt\/wp-json\/wp\/v2\/product_brand?post=245622"},{"taxonomy":"product_cat","embeddable":true,"href":"https:\/\/baldumarket.lt\/lt\/wp-json\/wp\/v2\/product_cat?post=245622"},{"taxonomy":"product_tag","embeddable":true,"href":"https:\/\/baldumarket.lt\/lt\/wp-json\/wp\/v2\/product_tag?post=245622"}],"curies":[{"name":"wp","href":"https:\/\/api.w.org\/{rel}","templated":true}]}}