{"id":245617,"date":"2026-01-02T23:13:45","date_gmt":"2026-01-02T20:13:45","guid":{"rendered":"https:\/\/baldumarket.lt\/product\/zestaw-iconic-white-2x60-z-granatowymi-umywalkami-kama-lustrem-juliet-i-oswietleniem-led\/"},"modified":"2026-02-11T18:33:10","modified_gmt":"2026-02-11T15:33:10","slug":"zestaw-iconic-white-2x60-z-granatowymi-umywalkami-kama-lustrem-juliet-i-oswietleniem-led","status":"publish","type":"product","link":"https:\/\/baldumarket.lt\/lt\/product\/zestaw-iconic-white-2x60-z-granatowymi-umywalkami-kama-lustrem-juliet-i-oswietleniem-led\/","title":{"rendered":"ICONIC WHITE 2\u00d760 komplektas su tamsiai m\u0117lynais KAMA praustuvais, Juliet veidrod\u017eiu ir LED ap\u0161vietimu"},"content":{"rendered":"","protected":false},"excerpt":{"rendered":"<p>2 x \u201eJuliet Gold\u201c LED \u0161viestuvai, 30 cm (30 | 5 | 10) \u201eJuliet\u201c veidrodis, 120 cm (120 | 2 | 70) \u201eCapri 893\u201c baltas blizgus stalvir\u0161is, 140 cm (140,4 | 45,6 | 2,5) \u201eICONIC WHITE 81-01-A\u201c apatin\u0117 lentyn\u0117l\u0117 (60 | 45 | 46) 2 x \u201eICONIC WHITE 82-60-D-1S\u201c praustuvo spintel\u0117 (60 | 45 | 46) \u201eICONIC WHITE 80-01-D-2D\u201c auk\u0161ta kolona (35 | 33 | 160) 2 x KAMA-MNB-50 keraminis stalvir\u0161inis praustuvas, matin\u0117s tamsiai m\u0117lynos spalvos, 50,5 cm<\/p>","protected":false},"featured_media":245618,"comment_status":"open","ping_status":"open","template":"","meta":[],"product_brand":[],"product_cat":[9117,2015,9183],"product_tag":[],"class_list":{"0":"post-245617","1":"product","2":"type-product","3":"status-publish","4":"has-post-thumbnail","6":"product_cat-bathroom","7":"product_cat-comad","8":"product_cat-bathroom-furniture-sets-comad","10":"first","11":"instock","12":"purchasable","13":"product-type-simple"},"_links":{"self":[{"href":"https:\/\/baldumarket.lt\/lt\/wp-json\/wp\/v2\/product\/245617","targetHints":{"allow":["GET"]}}],"collection":[{"href":"https:\/\/baldumarket.lt\/lt\/wp-json\/wp\/v2\/product"}],"about":[{"href":"https:\/\/baldumarket.lt\/lt\/wp-json\/wp\/v2\/types\/product"}],"replies":[{"embeddable":true,"href":"https:\/\/baldumarket.lt\/lt\/wp-json\/wp\/v2\/comments?post=245617"}],"wp:featuredmedia":[{"embeddable":true,"href":"https:\/\/baldumarket.lt\/lt\/wp-json\/wp\/v2\/media\/245618"}],"wp:attachment":[{"href":"https:\/\/baldumarket.lt\/lt\/wp-json\/wp\/v2\/media?parent=245617"}],"wp:term":[{"taxonomy":"product_brand","embeddable":true,"href":"https:\/\/baldumarket.lt\/lt\/wp-json\/wp\/v2\/product_brand?post=245617"},{"taxonomy":"product_cat","embeddable":true,"href":"https:\/\/baldumarket.lt\/lt\/wp-json\/wp\/v2\/product_cat?post=245617"},{"taxonomy":"product_tag","embeddable":true,"href":"https:\/\/baldumarket.lt\/lt\/wp-json\/wp\/v2\/product_tag?post=245617"}],"curies":[{"name":"wp","href":"https:\/\/api.w.org\/{rel}","templated":true}]}}