{"id":245611,"date":"2026-01-02T23:13:41","date_gmt":"2026-01-02T20:13:41","guid":{"rendered":"https:\/\/baldumarket.lt\/product\/zestaw-bella-cashmere-140-cm-z-umywalkami-wiki-i-slupkiem\/"},"modified":"2026-02-11T18:33:10","modified_gmt":"2026-02-11T15:33:10","slug":"zestaw-bella-cashmere-140-cm-z-umywalkami-wiki-i-slupkiem","status":"publish","type":"product","link":"https:\/\/baldumarket.lt\/lt\/product\/zestaw-bella-cashmere-140-cm-z-umywalkami-wiki-i-slupkiem\/","title":{"rendered":"Bella Cashmere komplektas 140 cm su WIKI praustuvais ir kolon\u0117le"},"content":{"rendered":"","protected":false},"excerpt":{"rendered":"<p>Auk\u0161ta Bella ka\u0161myro spintel\u0117 su 2 durel\u0117mis, 2 x WIKI-SW baltai blizgios keramin\u0117s praustuv\u0117s su stalvir\u0161iu, 36 cm (36 | 36 | 12), CT ka\u0161myro stalvir\u0161is, 140 cm, SC ka\u0161myro spintel\u0117 po stalvir\u0161iu, 20 cm atvira, 2 x Bella ka\u0161myro spintel\u0117s po praustuvu, 60 cm, 2 stal\u010diai<br \/>\nPlotis (cm): 140<br \/>\n\u016agis (cm): 57<\/p>","protected":false},"featured_media":245612,"comment_status":"open","ping_status":"open","template":"","meta":[],"product_brand":[],"product_cat":[9117,2015,9183],"product_tag":[],"class_list":{"0":"post-245611","1":"product","2":"type-product","3":"status-publish","4":"has-post-thumbnail","6":"product_cat-bathroom","7":"product_cat-comad","8":"product_cat-bathroom-furniture-sets-comad","10":"first","11":"instock","12":"purchasable","13":"product-type-simple"},"_links":{"self":[{"href":"https:\/\/baldumarket.lt\/lt\/wp-json\/wp\/v2\/product\/245611","targetHints":{"allow":["GET"]}}],"collection":[{"href":"https:\/\/baldumarket.lt\/lt\/wp-json\/wp\/v2\/product"}],"about":[{"href":"https:\/\/baldumarket.lt\/lt\/wp-json\/wp\/v2\/types\/product"}],"replies":[{"embeddable":true,"href":"https:\/\/baldumarket.lt\/lt\/wp-json\/wp\/v2\/comments?post=245611"}],"wp:featuredmedia":[{"embeddable":true,"href":"https:\/\/baldumarket.lt\/lt\/wp-json\/wp\/v2\/media\/245612"}],"wp:attachment":[{"href":"https:\/\/baldumarket.lt\/lt\/wp-json\/wp\/v2\/media?parent=245611"}],"wp:term":[{"taxonomy":"product_brand","embeddable":true,"href":"https:\/\/baldumarket.lt\/lt\/wp-json\/wp\/v2\/product_brand?post=245611"},{"taxonomy":"product_cat","embeddable":true,"href":"https:\/\/baldumarket.lt\/lt\/wp-json\/wp\/v2\/product_cat?post=245611"},{"taxonomy":"product_tag","embeddable":true,"href":"https:\/\/baldumarket.lt\/lt\/wp-json\/wp\/v2\/product_tag?post=245611"}],"curies":[{"name":"wp","href":"https:\/\/api.w.org\/{rel}","templated":true}]}}