{"id":245589,"date":"2026-01-02T23:13:26","date_gmt":"2026-01-02T20:13:26","guid":{"rendered":"https:\/\/baldumarket.lt\/product\/zestaw-adel-black-z-podwojna-szafka-60-cm-z-umywalka-smile-i-blatem-120-cm\/"},"modified":"2026-02-11T18:33:10","modified_gmt":"2026-02-11T15:33:10","slug":"zestaw-adel-black-z-podwojna-szafka-60-cm-z-umywalka-smile-i-blatem-120-cm","status":"publish","type":"product","link":"https:\/\/baldumarket.lt\/lt\/product\/zestaw-adel-black-z-podwojna-szafka-60-cm-z-umywalka-smile-i-blatem-120-cm\/","title":{"rendered":"ADEL BLACK komplektas su dviguba spintele 60 cm, praustuvu SMILE ir stalvir\u0161iu 120 cm"},"content":{"rendered":"","protected":false},"excerpt":{"rendered":"<p>2x Praustuvo spintel\u0117 60 cm ADEL BLACK 82-60-B-2S (60 | 46 | 57) 2x Hestia 60 veidrodis su LED 2x Modernus keraminis stalvir\u0161inis praustuvas Smile 1 (42 | 42 | 14) Stalvir\u0161is 120 cm ADEL BLACK 89-120-B Stalvir\u0161is 120 cm ADEL BLACK 89-120-B (120 | 46 | 2) ADEL BLACK 80-01-B-1D Auk\u0161ta kolona (35 | 25 | 140)<br \/>\nPlotis (cm): 120<br \/>\nGylis (cm): 46<\/p>","protected":false},"featured_media":245590,"comment_status":"open","ping_status":"open","template":"","meta":[],"product_brand":[],"product_cat":[9117,2015,9183],"product_tag":[],"class_list":{"0":"post-245589","1":"product","2":"type-product","3":"status-publish","4":"has-post-thumbnail","6":"product_cat-bathroom","7":"product_cat-comad","8":"product_cat-bathroom-furniture-sets-comad","10":"first","11":"instock","12":"purchasable","13":"product-type-simple"},"_links":{"self":[{"href":"https:\/\/baldumarket.lt\/lt\/wp-json\/wp\/v2\/product\/245589","targetHints":{"allow":["GET"]}}],"collection":[{"href":"https:\/\/baldumarket.lt\/lt\/wp-json\/wp\/v2\/product"}],"about":[{"href":"https:\/\/baldumarket.lt\/lt\/wp-json\/wp\/v2\/types\/product"}],"replies":[{"embeddable":true,"href":"https:\/\/baldumarket.lt\/lt\/wp-json\/wp\/v2\/comments?post=245589"}],"wp:featuredmedia":[{"embeddable":true,"href":"https:\/\/baldumarket.lt\/lt\/wp-json\/wp\/v2\/media\/245590"}],"wp:attachment":[{"href":"https:\/\/baldumarket.lt\/lt\/wp-json\/wp\/v2\/media?parent=245589"}],"wp:term":[{"taxonomy":"product_brand","embeddable":true,"href":"https:\/\/baldumarket.lt\/lt\/wp-json\/wp\/v2\/product_brand?post=245589"},{"taxonomy":"product_cat","embeddable":true,"href":"https:\/\/baldumarket.lt\/lt\/wp-json\/wp\/v2\/product_cat?post=245589"},{"taxonomy":"product_tag","embeddable":true,"href":"https:\/\/baldumarket.lt\/lt\/wp-json\/wp\/v2\/product_tag?post=245589"}],"curies":[{"name":"wp","href":"https:\/\/api.w.org\/{rel}","templated":true}]}}