{"id":245581,"date":"2026-01-02T23:13:22","date_gmt":"2026-01-02T20:13:22","guid":{"rendered":"https:\/\/baldumarket.lt\/product\/zestaw-80-cm-iconic-cashmere-z-umywalka-wiki-mc\/"},"modified":"2026-02-11T18:33:10","modified_gmt":"2026-02-11T15:33:10","slug":"zestaw-80-cm-iconic-cashmere-z-umywalka-wiki-mc","status":"publish","type":"product","link":"https:\/\/baldumarket.lt\/lt\/product\/zestaw-80-cm-iconic-cashmere-z-umywalka-wiki-mc\/","title":{"rendered":"80 cm ICONIC CASHMERE komplektas su WIKI MC praustuvu"},"content":{"rendered":"","protected":false},"excerpt":{"rendered":"<p>Chromuota \u201eJuliet\u201c LED lempa, 30 cm (30 | 5 | 10) \u201eJuliet\u201c veidrodis, 80 cm (80 | 2 | 70) WIKI-MC matinio kapu\u010dino spalvos keraminis praustuvas, 36 cm (36 | 36 | 12) \u0104\u017euolo spalvos \u201eCoast Evoke\u201c vonios kambario stalvir\u0161is, 80 cm (80,4 | 46 | 2,5) ICONIC KA\u0160MYRO spalvos praustuvo spintel\u0117, 80 cm (80 | 45,7 | 46) ICONIC KA\u0160MYRO spalvos auk\u0161ta kolona (35 | 33 | 160)<br \/>\nPlotis (cm): 80<br \/>\n\u016agis (cm): 46<\/p>","protected":false},"featured_media":245582,"comment_status":"open","ping_status":"open","template":"","meta":[],"product_brand":[],"product_cat":[9117,2015,9183],"product_tag":[],"class_list":{"0":"post-245581","1":"product","2":"type-product","3":"status-publish","4":"has-post-thumbnail","6":"product_cat-bathroom","7":"product_cat-comad","8":"product_cat-bathroom-furniture-sets-comad","10":"first","11":"instock","12":"purchasable","13":"product-type-simple"},"_links":{"self":[{"href":"https:\/\/baldumarket.lt\/lt\/wp-json\/wp\/v2\/product\/245581","targetHints":{"allow":["GET"]}}],"collection":[{"href":"https:\/\/baldumarket.lt\/lt\/wp-json\/wp\/v2\/product"}],"about":[{"href":"https:\/\/baldumarket.lt\/lt\/wp-json\/wp\/v2\/types\/product"}],"replies":[{"embeddable":true,"href":"https:\/\/baldumarket.lt\/lt\/wp-json\/wp\/v2\/comments?post=245581"}],"wp:featuredmedia":[{"embeddable":true,"href":"https:\/\/baldumarket.lt\/lt\/wp-json\/wp\/v2\/media\/245582"}],"wp:attachment":[{"href":"https:\/\/baldumarket.lt\/lt\/wp-json\/wp\/v2\/media?parent=245581"}],"wp:term":[{"taxonomy":"product_brand","embeddable":true,"href":"https:\/\/baldumarket.lt\/lt\/wp-json\/wp\/v2\/product_brand?post=245581"},{"taxonomy":"product_cat","embeddable":true,"href":"https:\/\/baldumarket.lt\/lt\/wp-json\/wp\/v2\/product_cat?post=245581"},{"taxonomy":"product_tag","embeddable":true,"href":"https:\/\/baldumarket.lt\/lt\/wp-json\/wp\/v2\/product_tag?post=245581"}],"curies":[{"name":"wp","href":"https:\/\/api.w.org\/{rel}","templated":true}]}}