{"id":245570,"date":"2026-01-02T23:13:17","date_gmt":"2026-01-02T20:13:17","guid":{"rendered":"https:\/\/baldumarket.lt\/product\/zestaw-80-cm-fiji-white-z-umywalka-lena-mw17\/"},"modified":"2026-02-11T18:33:10","modified_gmt":"2026-02-11T15:33:10","slug":"zestaw-80-cm-fiji-white-z-umywalka-lena-mw17","status":"publish","type":"product","link":"https:\/\/baldumarket.lt\/lt\/product\/zestaw-80-cm-fiji-white-z-umywalka-lena-mw17\/","title":{"rendered":"80 cm FIJI WHITE komplektas su LENA MW17 praustuvu"},"content":{"rendered":"","protected":false},"excerpt":{"rendered":"<p>\u201eJuliet Gold\u201c LED \u0161viestuvas, 30 cm (30 | 5 | 10) \u201eJuliet\u201c veidrodis, 80 cm (80 | 2 | 70) \u201eLENA MW17\u201c keraminis stalvir\u0161inis praustuvas, 80 cm, \u0105\u017euolo spalvos \u201eCoast Evoke\u201c vonios kambario stalvir\u0161is (80,4 | 46 | 2,5) 80 cm \u201eFIJI WHITE\u201c praustuvo spintel\u0117 (80 | 45,8 | 62) 4 x \u0105\u017euolo spalvos \u201eCoast Evoke\u201c kojel\u0117s (2 vnt.) \u201eFIJI WHITE\u201c auk\u0161ta kolona (40 | 36 | 165,5)<br \/>\nPlotis (cm): 80<br \/>\n\u016agis (cm): 62<\/p>","protected":false},"featured_media":245571,"comment_status":"open","ping_status":"open","template":"","meta":[],"product_brand":[],"product_cat":[9117,2015,9183],"product_tag":[],"class_list":{"0":"post-245570","1":"product","2":"type-product","3":"status-publish","4":"has-post-thumbnail","6":"product_cat-bathroom","7":"product_cat-comad","8":"product_cat-bathroom-furniture-sets-comad","10":"first","11":"instock","12":"purchasable","13":"product-type-simple"},"_links":{"self":[{"href":"https:\/\/baldumarket.lt\/lt\/wp-json\/wp\/v2\/product\/245570","targetHints":{"allow":["GET"]}}],"collection":[{"href":"https:\/\/baldumarket.lt\/lt\/wp-json\/wp\/v2\/product"}],"about":[{"href":"https:\/\/baldumarket.lt\/lt\/wp-json\/wp\/v2\/types\/product"}],"replies":[{"embeddable":true,"href":"https:\/\/baldumarket.lt\/lt\/wp-json\/wp\/v2\/comments?post=245570"}],"wp:featuredmedia":[{"embeddable":true,"href":"https:\/\/baldumarket.lt\/lt\/wp-json\/wp\/v2\/media\/245571"}],"wp:attachment":[{"href":"https:\/\/baldumarket.lt\/lt\/wp-json\/wp\/v2\/media?parent=245570"}],"wp:term":[{"taxonomy":"product_brand","embeddable":true,"href":"https:\/\/baldumarket.lt\/lt\/wp-json\/wp\/v2\/product_brand?post=245570"},{"taxonomy":"product_cat","embeddable":true,"href":"https:\/\/baldumarket.lt\/lt\/wp-json\/wp\/v2\/product_cat?post=245570"},{"taxonomy":"product_tag","embeddable":true,"href":"https:\/\/baldumarket.lt\/lt\/wp-json\/wp\/v2\/product_tag?post=245570"}],"curies":[{"name":"wp","href":"https:\/\/api.w.org\/{rel}","templated":true}]}}