{"id":245564,"date":"2026-01-02T23:13:14","date_gmt":"2026-01-02T20:13:14","guid":{"rendered":"https:\/\/baldumarket.lt\/product\/zestaw-80-cm-fiji-white\/"},"modified":"2026-02-11T18:33:11","modified_gmt":"2026-02-11T15:33:11","slug":"zestaw-80-cm-fiji-white","status":"publish","type":"product","link":"https:\/\/baldumarket.lt\/lt\/product\/zestaw-80-cm-fiji-white\/","title":{"rendered":"Komplektas 80 cm FIJI WHITE"},"content":{"rendered":"","protected":false},"excerpt":{"rendered":"<p>Bianca LED veidrodis 80 cm (80 | 2 | 70) CFP 80D keraminis praustuvas 80 cm CFP 80D keraminis praustuvas 80 cm (81,5 | 46 | 17) FIJI WHITE praustuvo spintel\u0117 80 cm (80 | 45,8 | 62) 4 vnt. \u201eCoast Evoke\u201c \u0105\u017euolo kojeli\u0173, 2 vnt. FIJI WHITE auk\u0161tos kolonos (40 | 36 | 165,5)<br \/>\nPlotis (cm): 80<br \/>\n\u016agis (cm): 62<\/p>","protected":false},"featured_media":245565,"comment_status":"open","ping_status":"open","template":"","meta":[],"product_brand":[],"product_cat":[9117,2015,9183],"product_tag":[],"class_list":{"0":"post-245564","1":"product","2":"type-product","3":"status-publish","4":"has-post-thumbnail","6":"product_cat-bathroom","7":"product_cat-comad","8":"product_cat-bathroom-furniture-sets-comad","10":"first","11":"instock","12":"purchasable","13":"product-type-simple"},"_links":{"self":[{"href":"https:\/\/baldumarket.lt\/lt\/wp-json\/wp\/v2\/product\/245564","targetHints":{"allow":["GET"]}}],"collection":[{"href":"https:\/\/baldumarket.lt\/lt\/wp-json\/wp\/v2\/product"}],"about":[{"href":"https:\/\/baldumarket.lt\/lt\/wp-json\/wp\/v2\/types\/product"}],"replies":[{"embeddable":true,"href":"https:\/\/baldumarket.lt\/lt\/wp-json\/wp\/v2\/comments?post=245564"}],"wp:featuredmedia":[{"embeddable":true,"href":"https:\/\/baldumarket.lt\/lt\/wp-json\/wp\/v2\/media\/245565"}],"wp:attachment":[{"href":"https:\/\/baldumarket.lt\/lt\/wp-json\/wp\/v2\/media?parent=245564"}],"wp:term":[{"taxonomy":"product_brand","embeddable":true,"href":"https:\/\/baldumarket.lt\/lt\/wp-json\/wp\/v2\/product_brand?post=245564"},{"taxonomy":"product_cat","embeddable":true,"href":"https:\/\/baldumarket.lt\/lt\/wp-json\/wp\/v2\/product_cat?post=245564"},{"taxonomy":"product_tag","embeddable":true,"href":"https:\/\/baldumarket.lt\/lt\/wp-json\/wp\/v2\/product_tag?post=245564"}],"curies":[{"name":"wp","href":"https:\/\/api.w.org\/{rel}","templated":true}]}}