{"id":245557,"date":"2026-01-02T23:13:10","date_gmt":"2026-01-02T20:13:10","guid":{"rendered":"https:\/\/baldumarket.lt\/product\/zestaw-80-cm-adel-black-z-blatem-i-regalem\/"},"modified":"2026-02-11T18:33:11","modified_gmt":"2026-02-11T15:33:11","slug":"zestaw-80-cm-adel-black-z-blatem-i-regalem","status":"publish","type":"product","link":"https:\/\/baldumarket.lt\/lt\/product\/zestaw-80-cm-adel-black-z-blatem-i-regalem\/","title":{"rendered":"80 cm ADEL BLACK komplektas su stalvir\u0161iu ir lentyna"},"content":{"rendered":"<p>80 cm ADEL BLACK komplektas su stalvir\u0161iu ir lentyna. 80 cm plo\u010dio ADEL BLACK matin\u0117s juodos spalvos bald\u0173 komplekt\u0105 sudaro praustuvo spintel\u0117, Wotan stalvir\u0161is ir \u017eema spintel\u0117. Baldai pagaminti i\u0161 laminuotos plok\u0161t\u0117s ir MDF su \u0161velnaus u\u017edarymo sistema. Puikiai tinka moderniam interjerui. Matmenys: Plotis (cm): 80 Gylis (cm): 46 Auk\u0161tis (cm): 57 Techniniai duomenys: Komplekt\u0105 sudaro: \u201eWotan\u201c vonios stalvir\u0161is 80 cm (80,6 | 46,5 | 2,2), ADEL BLACK praustuvo spintel\u0117 60 cm (60 | 46 | 57), Adel \/ Xilo \u0105\u017euolo \u017eema spintel\u0117 (20 | 46 | 57) Korpuso spalva: Matin\u0117 juoda Priekin\u0117s dalies spalva: Matin\u0117 juoda Korpuso med\u017eiaga: 16 mm laminuota plok\u0161t\u0117 Priekin\u0117s dalies med\u017eiaga: 16 mm MDF \u2013 PVC Rankenos: Plastikas, 3 \u012ftrauktos spalvos: matin\u0117 juoda, blizgus chromas, blizgus auksas Baldo tipas: Pakabinamas ant sienos B\u0117geliai: \u0160velniai u\u017esidaro Stal\u010di\u0173 skai\u010dius: 2 Vyriai: \u0160velniai u\u017esidaro Atraskite prabang\u0105 ir stili\u0173 su 80 cm ADEL BLACK komplektu su stalvir\u0161iu i\u0161 \u201eComad\u201c, kuris puikiai papildys modern\u0173 ir eleganti\u0161k\u0105 interjer\u0105. \u0160is i\u0161samus komplektas sukurtas tiems, kurie vertina ir funkcionalum\u0105, ir estetik\u0105.<\/p>\n<p>Komplekt\u0105 sudaro praustuvo spintel\u0117 (80 cm x 46 cm x 57 cm), pagaminta i\u0161 auk\u0161tos kokyb\u0117s 16 mm laminuotos plok\u0161t\u0117s, u\u017etikrinan\u010dios patvarum\u0105 ir atsparum\u0105 dr\u0117gmei. Matin\u0117 juoda korpuso ir fasado apdaila suteikia elegancijos, o integruotos trij\u0173 spalv\u0173 (matin\u0117s juodos, blizgaus chromo ir blizgaus aukso) ranken\u0117l\u0117s leid\u017eia pritaikyti gamin\u012f pagal individualius poreikius.<\/p>\n<p>\u012e komplekt\u0105 taip pat \u012feina \u201eWotan\u201c vonios stalvir\u0161is, kurio matmenys \u2013 80,6 cm x 46,5 cm x 2,2 cm, kuris gra\u017eiai kontrastuoja su tamsia spintele. Papildomos vietos daiktams suteikia \u017eema \u201eAdel\/Xilo Oak\u201c spintel\u0117 (20 cm x 46 cm x 57 cm), idealiai tinkanti ma\u017eesniems vonios kambario daiktams laikyti.<\/p>\n<p>Patobulintas funkcionalumas, pasiekiamas d\u0117l \u0161velnaus u\u017edarymo stal\u010di\u0173 ir vyri\u0173 sistemos, u\u017etikrina i\u0161skirtinai patog\u0173 ir tyl\u0173 naudojim\u0105. Pakabinamas ant sienos dizainas leid\u017eia lengvai valyti ir suteikia eleganti\u0161k\u0105 i\u0161vaizd\u0105.<\/p>\n<p>ADEL BLACK komplektas su stalvir\u0161iu yra ne tik prakti\u0161kas vonios kambario papildymas, bet ir i\u0161skirtinis dekoratyvinis elementas, kuris pabr\u0117\u0161 bet kokio interjero rafinuotum\u0105.<\/p>","protected":false},"excerpt":{"rendered":"<p>\u201eWotan\u201c vonios stalvir\u0161is 80 cm (80,6 | 46,5 | 2,2) ADEL BLACK praustuvo spintel\u0117 60 cm (60 | 46 | 57) Adel \/ Xilo \u0105\u017euolo \u017eema spintel\u0117 (20 | 46 | 57)<br \/>\nPlotis (cm): 80<br \/>\nGylis (cm): 46<\/p>","protected":false},"featured_media":245558,"comment_status":"open","ping_status":"open","template":"","meta":[],"product_brand":[],"product_cat":[9117,2015,9183],"product_tag":[],"class_list":{"0":"post-245557","1":"product","2":"type-product","3":"status-publish","4":"has-post-thumbnail","6":"product_cat-bathroom","7":"product_cat-comad","8":"product_cat-bathroom-furniture-sets-comad","10":"first","11":"instock","12":"purchasable","13":"product-type-simple"},"_links":{"self":[{"href":"https:\/\/baldumarket.lt\/lt\/wp-json\/wp\/v2\/product\/245557","targetHints":{"allow":["GET"]}}],"collection":[{"href":"https:\/\/baldumarket.lt\/lt\/wp-json\/wp\/v2\/product"}],"about":[{"href":"https:\/\/baldumarket.lt\/lt\/wp-json\/wp\/v2\/types\/product"}],"replies":[{"embeddable":true,"href":"https:\/\/baldumarket.lt\/lt\/wp-json\/wp\/v2\/comments?post=245557"}],"wp:featuredmedia":[{"embeddable":true,"href":"https:\/\/baldumarket.lt\/lt\/wp-json\/wp\/v2\/media\/245558"}],"wp:attachment":[{"href":"https:\/\/baldumarket.lt\/lt\/wp-json\/wp\/v2\/media?parent=245557"}],"wp:term":[{"taxonomy":"product_brand","embeddable":true,"href":"https:\/\/baldumarket.lt\/lt\/wp-json\/wp\/v2\/product_brand?post=245557"},{"taxonomy":"product_cat","embeddable":true,"href":"https:\/\/baldumarket.lt\/lt\/wp-json\/wp\/v2\/product_cat?post=245557"},{"taxonomy":"product_tag","embeddable":true,"href":"https:\/\/baldumarket.lt\/lt\/wp-json\/wp\/v2\/product_tag?post=245557"}],"curies":[{"name":"wp","href":"https:\/\/api.w.org\/{rel}","templated":true}]}}