{"id":245553,"date":"2026-01-02T23:13:08","date_gmt":"2026-01-02T20:13:08","guid":{"rendered":"https:\/\/baldumarket.lt\/product\/zestaw-80-cm-adel-black-z-blatem\/"},"modified":"2026-02-11T18:33:11","modified_gmt":"2026-02-11T15:33:11","slug":"zestaw-80-cm-adel-black-z-blatem","status":"publish","type":"product","link":"https:\/\/baldumarket.lt\/lt\/product\/zestaw-80-cm-adel-black-z-blatem\/","title":{"rendered":"Komplektas 80 cm ADEL BLACK su stalvir\u0161iu"},"content":{"rendered":"<p>Komplektas 80 cm ADEL BLACK su stalvir\u0161iu. \u201cComad\u201d vonios kambario bald\u0173 komplektas ADEL BLACK, matin\u0117s juodos spalvos, susideda i\u0161 praustuvo spintel\u0117s (80x46x57 cm), \u201eWotan\u201c stalvir\u0161io ir \u017eemos \u201eXilo\u201c spintel\u0117s. Funkcionalum\u0105 u\u017etikrina \u0161velniai u\u017esidarantys stal\u010diai ir eleganti\u0161kos trij\u0173 spalv\u0173 ranken\u0117l\u0117s. Matmenys: Plotis (cm): 80 Gylis (cm): 46 Auk\u0161tis (cm): 57 Techniniai duomenys: Komplekt\u0105 sudaro: Praustuvo spintel\u0117 80 cm ADEL BLACK 82-80-B-2S (80 | 46 | 57), Vonios stalvir\u0161is 80 cm Wotan (80,6 | 46,5 | 2,2), \u017dema spintel\u0117 Xilo Black 81-01-A (20 | 46 | 57) Korpuso spalva: Matin\u0117 juoda Priekin\u0117s dalies spalva: Matin\u0117 juoda Korpuso med\u017eiaga: 16 mm laminuota plok\u0161t\u0117 Priekin\u0117s dalies med\u017eiaga: 16 mm MDF \u2013 PVC Rankenos: Plastikas, 3 spalvos: matin\u0117 juoda, blizgus chromas, blizgus auksas Baldo tipas: Pakabinamas ant sienos, B\u0117geliai: \u0160velniai u\u017esidaro, Stal\u010di\u0173 skai\u010dius: 2, Vyriai: \u0160velniai u\u017esidaro. Atraskite modern\u0173 dizain\u0105, derinant\u012f su funkcionalumu, pasirinkdami \u201eComad\u201c vonios kambario bald\u0173 komplekt\u0105 \u201eADEL BLACK\u201c. \u0160is eleganti\u0161kas, matin\u0117s juodos spalvos komplektas yra puikus sprendimas tiems, kurie vertina minimalizm\u0105 ir modernum\u0105 savo vonios kambario erdv\u0117je.<\/p>\n<p>\u012e rinkin\u012f \u012feina:<\/p>\n<p>ADEL BLACK 82-80-B-2S praustuvo spintel\u0117 \u2013 80 cm plo\u010dio, 46 cm gylio ir 57 cm auk\u0161\u010dio. Matin\u0117s juodos spalvos korpusas ir fasadas, pagaminti i\u0161 MDF plok\u0161t\u0117s, padengtos 16 mm PVC, puikiai dera su juodomis plastikin\u0117mis ranken\u0117l\u0117mis.<br \/>\n\u201eWotan\u201c vonios stalvir\u0161is \u2013 80,6 cm plo\u010dio, 46,5 cm gylio ir 2,2 cm auk\u0161\u010dio, puikiai dera prie spintel\u0117s spalv\u0173 gamos ir stiliaus. \u017dema \u201eXilo Black 81-01-A\u201c spintel\u0117, kurios plotis \u2013 20 cm, gylis \u2013 46 cm, o auk\u0161tis \u2013 57 cm, optimaliai papildo vis\u0105 kolekcij\u0105 ir suteikia papildomos vietos daiktams susid\u0117ti.<\/p>\n<p>Visos dalys pagamintos i\u0161 patvari\u0173 med\u017eiag\u0173, toki\u0173 kaip laminuota plok\u0161t\u0117 ir MDF, u\u017etikrinant ilgalaik\u012f naudojim\u0105. \u0160velniai u\u017esidarantys stal\u010diai ir vyriai \u017eymiai padidina naudojimo komfort\u0105. Be to, trij\u0173 spalv\u0173 ranken\u0117l\u0117s: matin\u0117s juodos, blizgaus chromo ir blizgaus aukso, leid\u017eia pritaikyti i\u0161vaizd\u0105 pagal savo pageidavimus.<\/p>\n<p>\u201cComad\u201d bald\u0173 komplektas \u201eADEL BLACK\u201c pavers j\u016bs\u0173 vonios kambar\u012f eleganti\u0161ka ir modernia erdve, d\u017eiuginsian\u010dia kiekvien\u0105, kuris juo naudojasi. Ne tik gro\u017eis, bet ir funkcionalumas \u2013 viskas, ko reikia j\u016bs\u0173 vonios kambariui.<\/p>","protected":false},"excerpt":{"rendered":"<p>Praustuvo spintel\u0117 80 cm ADEL BLACK 82-80-B-2S (80 | 46 | 57) Wotan vonios stalvir\u0161is 80 cm (80,6 | 46,5 | 2,2) Xilo Black \u017eema spintel\u0117 81-01-A (20 | 46 | 57)<br \/>\nPlotis (cm): 80<br \/>\nGylis (cm): 46<\/p>","protected":false},"featured_media":245554,"comment_status":"open","ping_status":"open","template":"","meta":[],"product_brand":[],"product_cat":[9117,2015,9183],"product_tag":[],"class_list":{"0":"post-245553","1":"product","2":"type-product","3":"status-publish","4":"has-post-thumbnail","6":"product_cat-bathroom","7":"product_cat-comad","8":"product_cat-bathroom-furniture-sets-comad","10":"first","11":"instock","12":"purchasable","13":"product-type-simple"},"_links":{"self":[{"href":"https:\/\/baldumarket.lt\/lt\/wp-json\/wp\/v2\/product\/245553","targetHints":{"allow":["GET"]}}],"collection":[{"href":"https:\/\/baldumarket.lt\/lt\/wp-json\/wp\/v2\/product"}],"about":[{"href":"https:\/\/baldumarket.lt\/lt\/wp-json\/wp\/v2\/types\/product"}],"replies":[{"embeddable":true,"href":"https:\/\/baldumarket.lt\/lt\/wp-json\/wp\/v2\/comments?post=245553"}],"wp:featuredmedia":[{"embeddable":true,"href":"https:\/\/baldumarket.lt\/lt\/wp-json\/wp\/v2\/media\/245554"}],"wp:attachment":[{"href":"https:\/\/baldumarket.lt\/lt\/wp-json\/wp\/v2\/media?parent=245553"}],"wp:term":[{"taxonomy":"product_brand","embeddable":true,"href":"https:\/\/baldumarket.lt\/lt\/wp-json\/wp\/v2\/product_brand?post=245553"},{"taxonomy":"product_cat","embeddable":true,"href":"https:\/\/baldumarket.lt\/lt\/wp-json\/wp\/v2\/product_cat?post=245553"},{"taxonomy":"product_tag","embeddable":true,"href":"https:\/\/baldumarket.lt\/lt\/wp-json\/wp\/v2\/product_tag?post=245553"}],"curies":[{"name":"wp","href":"https:\/\/api.w.org\/{rel}","templated":true}]}}