{"id":245544,"date":"2026-01-02T23:13:03","date_gmt":"2026-01-02T20:13:03","guid":{"rendered":"https:\/\/baldumarket.lt\/product\/zestaw-60-cm-iconic-cashmere-z-umywalka-wiki-mc\/"},"modified":"2026-02-11T18:33:11","modified_gmt":"2026-02-11T15:33:11","slug":"zestaw-60-cm-iconic-cashmere-z-umywalka-wiki-mc","status":"publish","type":"product","link":"https:\/\/baldumarket.lt\/lt\/product\/zestaw-60-cm-iconic-cashmere-z-umywalka-wiki-mc\/","title":{"rendered":"60 cm ICONIC CASHMERE komplektas su WIKI MC praustuvu"},"content":{"rendered":"","protected":false},"excerpt":{"rendered":"<p>WIKI-MC keraminis stalvir\u0161inis praustuvas su matiniu kapu\u010dino atspalviu, 36 cm (36 | 36 | 12) 60 cm \u0105\u017euolo spalvos \u201eEvoke\u201c stalvir\u0161is (60,4 | 46 | 2,5) 60 cm \u201eIconic Cashmere\u201c praustuvo spintel\u0117 (60 | 45,6 | 46) \u201eICONIC CASHMERE\u201c auk\u0161ta kolon\u0117l\u0117 (35 | 33 | 160)<br \/>\nPlotis (cm): 60<br \/>\n\u016agis (cm): 46<\/p>","protected":false},"featured_media":245545,"comment_status":"open","ping_status":"open","template":"","meta":[],"product_brand":[],"product_cat":[9117,2015,9183],"product_tag":[],"class_list":{"0":"post-245544","1":"product","2":"type-product","3":"status-publish","4":"has-post-thumbnail","6":"product_cat-bathroom","7":"product_cat-comad","8":"product_cat-bathroom-furniture-sets-comad","10":"first","11":"instock","12":"purchasable","13":"product-type-simple"},"_links":{"self":[{"href":"https:\/\/baldumarket.lt\/lt\/wp-json\/wp\/v2\/product\/245544","targetHints":{"allow":["GET"]}}],"collection":[{"href":"https:\/\/baldumarket.lt\/lt\/wp-json\/wp\/v2\/product"}],"about":[{"href":"https:\/\/baldumarket.lt\/lt\/wp-json\/wp\/v2\/types\/product"}],"replies":[{"embeddable":true,"href":"https:\/\/baldumarket.lt\/lt\/wp-json\/wp\/v2\/comments?post=245544"}],"wp:featuredmedia":[{"embeddable":true,"href":"https:\/\/baldumarket.lt\/lt\/wp-json\/wp\/v2\/media\/245545"}],"wp:attachment":[{"href":"https:\/\/baldumarket.lt\/lt\/wp-json\/wp\/v2\/media?parent=245544"}],"wp:term":[{"taxonomy":"product_brand","embeddable":true,"href":"https:\/\/baldumarket.lt\/lt\/wp-json\/wp\/v2\/product_brand?post=245544"},{"taxonomy":"product_cat","embeddable":true,"href":"https:\/\/baldumarket.lt\/lt\/wp-json\/wp\/v2\/product_cat?post=245544"},{"taxonomy":"product_tag","embeddable":true,"href":"https:\/\/baldumarket.lt\/lt\/wp-json\/wp\/v2\/product_tag?post=245544"}],"curies":[{"name":"wp","href":"https:\/\/api.w.org\/{rel}","templated":true}]}}