{"id":245534,"date":"2026-01-02T23:12:58","date_gmt":"2026-01-02T20:12:58","guid":{"rendered":"https:\/\/baldumarket.lt\/product\/zestaw-2-szafki-pod-umywalke-2s-60-cm-z-blatem-i-szafka-z-koszem-40-cm-viva-cashmere-dab-coast-evoke\/"},"modified":"2026-02-11T18:33:11","modified_gmt":"2026-02-11T15:33:11","slug":"zestaw-2-szafki-pod-umywalke-2s-60-cm-z-blatem-i-szafka-z-koszem-40-cm-viva-cashmere-dab-coast-evoke","status":"publish","type":"product","link":"https:\/\/baldumarket.lt\/lt\/product\/zestaw-2-szafki-pod-umywalke-2s-60-cm-z-blatem-i-szafka-z-koszem-40-cm-viva-cashmere-dab-coast-evoke\/","title":{"rendered":"2 praustuvo spinteli\u0173 komplektas, 2S, 60 cm, su stalvir\u0161iu ir spintele su krep\u0161iu, 40 cm, \u201eViva Cashmere Oak Coast Evoke\u201c"},"content":{"rendered":"<p>2 praustuvo spinteli\u0173 komplektas 2S 60 cm su stalvir\u0161iu ir spintele su krep\u0161iu 40 cm Viva Cashmere \u0105\u017euolas Coast Evoke 2 praustuvo spinteli\u0173 komplektas su stalvir\u0161iu Viva Cashmere \u2013 tai elegancijos ir funkcionalumo derinys. Komplekt\u0105 sudaro erdv\u016bs stal\u010diai su \u0161velniu u\u017edarymu, minimalistin\u0117 spintel\u0117 su skalbini\u0173 krep\u0161iu ir universalus stalvir\u0161is su Coast \u0105\u017euolo dekoru. Matmenys: Plotis (cm): 160 Gylis (cm): 40 Auk\u0161tis (cm): 57 Svoris (kg): 45,5 Techniniai duomenys: Komplekt\u0105 sudaro: Praustuvo spintel\u0117 su 2 stal\u010diais 60 cm \u201eViva Cashmere\u201c (2 vnt.), Pakabinama spintel\u0117 40 cm \u201eNOVA OAK\u201c, Vonios stalvir\u0161is 160 cm \u201eNOVA OAK\u201c Korpuso spalva: Matin\u0117 ka\u0161myro, \u201eCoast Evoke Oak\u201c Priekin\u0117s spalvos: Matin\u0117 ka\u0161myro, \u201eCoast Evoke Oak\u201c Rankenos spalva: Blizgi auksin\u0117, matin\u0117 juoda, blizgus chromas Stalvir\u0161io spalva: \u201eCoast Evoke Oak\u201c Korpuso med\u017eiaga: Laminuota plok\u0161t\u0117 Priekin\u0117 med\u017eiaga: MDF plok\u0161t\u0117, laminuota plok\u0161t\u0117 Rankenos med\u017eiaga: Plastikas Stalvir\u0161io med\u017eiaga: Laminuota plok\u0161t\u0117 Stal\u010di\u0173 b\u0117geliai: \u0160velniai u\u017esidaro Vyriai: \u0160velniai u\u017esidaro Praustuvas \u012fskai\u010diuotas: Ne Stalvir\u0161is \u012fskai\u010diuotas: Taip Surinkimo rinkinys \u012fskai\u010diuotas: Taip Skalbini\u0173 krep\u0161ys \u012fskai\u010diuotas: Surinkimas: Savaranki\u0161kas surinkimas. Atraskite unikal\u0173 dviej\u0173 60 cm \u201eViva Cashmere Oak\u201c \u201eCoast Evoke\u201c praustuv\u0173 spinteli\u0173 ir 40 cm praustuvo spintel\u0117s su krep\u0161iu komplekt\u0105, kuris suteiks j\u016bs\u0173 vonios kambariui modernumo. Sukurtas tiems, kurie vertina stili\u0173 ir funkcionalum\u0105, \u0161is eleganti\u0161kas komplektas puikiai derina jauki\u0105 ka\u0161myro spalv\u0105 su nat\u016bralia \u201eCoast Evoke\u201c \u0105\u017euolo apdaila. Trima\u010diai, frezuoti \u201esilk\u0117s kaulo\u201c ra\u0161to fasadai yra intriguojanti detal\u0117, suteikianti interjerui rafinuotumo ir subtilumo.<\/p>\n<p>Komplekt\u0105 sudaro du erdv\u016bs stal\u010diai praustuvo spintel\u0117je, kuriuose yra daug vietos daiktams susid\u0117ti ir kurie padeda palaikyti tvark\u0105 kambaryje. D\u0117l \u0161velnaus u\u017edarymo sistemos naudotis spintel\u0117mis tampa malonumu, nes skleid\u017eiami erzinantys garsai. Auk\u0161tos kokyb\u0117s med\u017eiag\u0173, toki\u0173 kaip MDF ir laminuota plok\u0161t\u0117, naudojimas garantuoja ne tik patraukli\u0105 i\u0161vaizd\u0105, bet ir patvarum\u0105 bei ilgaam\u017ei\u0161kum\u0105, nepriklausomai nuo naudojimo intensyvumo.<\/p>\n<p>\u0160i 40 cm skalbini\u0173 spintel\u0117 su krep\u0161iu derina minimalistin\u012f dizain\u0105 ir prakti\u0161kum\u0105. Lyg\u016bs fasadai, apdailinti \u201eCoast Evoke\u201c \u0105\u017euolu, suteikia interjerui \u0161ilumos, o chromuotos rankenos puikiai papildo moderni\u0105 estetik\u0105. 39 litr\u0173 talpa suteikia daug vietos skalbiniams, o \u0161velniai u\u017esidaran\u010dios durel\u0117s dar labiau padidina komfort\u0105. \u0160i spintel\u0117 \u2013 puikus sprendimas ie\u0161kantiems paprastumo ir auk\u0161to funkcionalumo harmonijos.<\/p>\n<p>Nepamir\u0161kime ir 160 cm ilgio vonios stalvir\u0161io, kuris yra viso komplekto pagrindinis elementas. Pagamintas i\u0161 patvarios laminuotos plok\u0161t\u0117s, jis yra ne tik esteti\u0161kai patrauklus, bet ir prakti\u0161kas \u2013 lengvai valomas ir atsparus kasdieniam naudojimui. Kruop\u0161\u010diai pagaminti bald\u0173 elementai papildo vienas kit\u0105, u\u017etikrindami puik\u0173 stabilum\u0105 ir eleganti\u0161k\u0105 i\u0161vaizd\u0105. D\u0117l eleganti\u0161ko dizaino ir \u012fvairi\u0173 med\u017eiag\u0173 derinio \u0161is komplektas skland\u017eiai dera tiek klasikiniame, tiek moderniame interjere.<\/p>\n<p>Investuodami \u012f \u201eViva Cashmere\u201c spinteles, renkat\u0117s ne tik komfort\u0105 ir stili\u0173, bet ir gamin\u012f, kuriam suteikiama dvej\u0173 met\u0173 garantija, u\u017etikrinanti ilgalaik\u012f pasitenkinim\u0105. Paprastas surinkimas, reikalaujantis tik pagrindini\u0173 \u012fg\u016bd\u017ei\u0173, rei\u0161kia, kad galite greitai d\u017eiaugtis naujais, funkcionaliais vonios kambario baldais. Atgaivinkite savo interjer\u0105 ir padarykite kasdienyb\u0119 labiau organizuot\u0105 ir esteti\u0161kai patraukli\u0105!<\/p>","protected":false},"excerpt":{"rendered":"<p>Plotis (cm): 160<br \/>\n\u016agis (cm): 57<br \/>\nGylis (cm): 40<\/p>","protected":false},"featured_media":245535,"comment_status":"open","ping_status":"open","template":"","meta":[],"product_brand":[],"product_cat":[9117,2015,9183],"product_tag":[],"class_list":{"0":"post-245534","1":"product","2":"type-product","3":"status-publish","4":"has-post-thumbnail","6":"product_cat-bathroom","7":"product_cat-comad","8":"product_cat-bathroom-furniture-sets-comad","10":"first","11":"instock","12":"purchasable","13":"product-type-simple"},"_links":{"self":[{"href":"https:\/\/baldumarket.lt\/lt\/wp-json\/wp\/v2\/product\/245534","targetHints":{"allow":["GET"]}}],"collection":[{"href":"https:\/\/baldumarket.lt\/lt\/wp-json\/wp\/v2\/product"}],"about":[{"href":"https:\/\/baldumarket.lt\/lt\/wp-json\/wp\/v2\/types\/product"}],"replies":[{"embeddable":true,"href":"https:\/\/baldumarket.lt\/lt\/wp-json\/wp\/v2\/comments?post=245534"}],"wp:featuredmedia":[{"embeddable":true,"href":"https:\/\/baldumarket.lt\/lt\/wp-json\/wp\/v2\/media\/245535"}],"wp:attachment":[{"href":"https:\/\/baldumarket.lt\/lt\/wp-json\/wp\/v2\/media?parent=245534"}],"wp:term":[{"taxonomy":"product_brand","embeddable":true,"href":"https:\/\/baldumarket.lt\/lt\/wp-json\/wp\/v2\/product_brand?post=245534"},{"taxonomy":"product_cat","embeddable":true,"href":"https:\/\/baldumarket.lt\/lt\/wp-json\/wp\/v2\/product_cat?post=245534"},{"taxonomy":"product_tag","embeddable":true,"href":"https:\/\/baldumarket.lt\/lt\/wp-json\/wp\/v2\/product_tag?post=245534"}],"curies":[{"name":"wp","href":"https:\/\/api.w.org\/{rel}","templated":true}]}}