{"id":245526,"date":"2026-01-02T23:12:55","date_gmt":"2026-01-02T20:12:55","guid":{"rendered":"https:\/\/baldumarket.lt\/product\/zestaw-2-szafki-pod-umywalke-2s-60-cm-z-blatem-i-szafka-z-koszem-40-cm-oraz-slupek-wysoki-viva-cashmere-dab-coast-evoke\/"},"modified":"2026-02-11T18:33:11","modified_gmt":"2026-02-11T15:33:11","slug":"zestaw-2-szafki-pod-umywalke-2s-60-cm-z-blatem-i-szafka-z-koszem-40-cm-oraz-slupek-wysoki-viva-cashmere-dab-coast-evoke","status":"publish","type":"product","link":"https:\/\/baldumarket.lt\/lt\/product\/zestaw-2-szafki-pod-umywalke-2s-60-cm-z-blatem-i-szafka-z-koszem-40-cm-oraz-slupek-wysoki-viva-cashmere-dab-coast-evoke\/","title":{"rendered":"2 praustuv\u0173 spinteli\u0173 2S 60 cm komplektas su stalvir\u0161iu ir spintele su krep\u0161iu 40 cm bei auk\u0161ta kolona Viva Cashmere Oak Coast Evoke"},"content":{"rendered":"<p>2 vnt. 60 cm 2S praustuvo spinteli\u0173 su stalvir\u0161iu, spintele su krep\u0161iu 40 cm ir auk\u0161ta kolona \u201eViva Cashmere Oak Coast Evoke\u201c komplektas. 2 vnt. 60 cm 2S praustuvo spinteli\u0173 su stalvir\u0161iu, spintele su krep\u0161iu 40 cm ir auk\u0161ta kolona \u201eViva Cashmere Oak Coast Evoke\u201c komplektas. \u0160is modernus vonios kambario komplektas derina eleganti\u0161k\u0105 dizain\u0105 ir prakti\u0161kum\u0105. Pagamintas i\u0161 auk\u0161tos kokyb\u0117s med\u017eiag\u0173. Matmenys: Plotis (cm): 160 Gylis (cm): 40 Auk\u0161tis (cm): 57 Svoris (kg): 63,5 Techniniai duomenys: Komplekt\u0105 sudaro: vonios stalvir\u0161is 160 cm NOVA OAK, auk\u0161ta 2 dur\u0173 kolona 30 cm Viva Cashmere, pakabinama spintel\u0117 40 cm NOVA OAK, lentyna 27 cm NOVA OAK, praustuvo spintel\u0117 su 2 stal\u010diais 60 cm Viva Cashmere 2 vnt. Korpuso spalva: Matinis ka\u0161myras, \u201eCoast Evoke Oak\u201c Priekin\u0117s spalvos: Matinis ka\u0161myras, \u201eCoast Evoke Oak\u201c Rankenos spalva: Blizgi auksin\u0117, matin\u0117 juoda, blizgus chromas Stalvir\u0161io spalva: \u201eCoast Evoke Oak\u201c Korpuso med\u017eiaga: Laminuota plok\u0161t\u0117 Priekin\u0117s med\u017eiagos med\u017eiaga: MDF plok\u0161t\u0117, laminuota plok\u0161t\u0117 Rankenos med\u017eiaga: Plastikas Stalvir\u0161io med\u017eiaga: Laminuota plok\u0161t\u0117 Stal\u010di\u0173 b\u0117geliai: \u0160velniai u\u017esidarantys Vyriai: \u0160velniai u\u017esidarantys Praustuvas \u012fskai\u010diuotas: Ne Stalvir\u0161is \u012fskai\u010diuotas: Taip Surinkimo rinkinys \u012fskai\u010diuotas: Taip Surinkimas: Savaranki\u0161kas surinkimas. Pasiruo\u0161kite suteikti savo vonios kambariui elegancijos ir funkcionalumo su \u0161iuo dviej\u0173 60 cm praustuv\u0173 spinteli\u0173 ir auk\u0161tos \u201eViva Cashmere\u201c spintel\u0117s \u201eCoast Evoke Oak\u201c spalvos komplektu. \u0160is derinys derina modern\u0173 dizain\u0105 su prakti\u0161kumu, suteikdamas j\u016bs\u0173 interjerui unikal\u0173 charakter\u012f. Sodri ka\u0161myro spalva kartu su nat\u016braliu \u0105\u017euolo akcentu sukuria puik\u0173 fon\u0105 harmoningai erdvei sukurti.<\/p>\n<p>\u0160i praustuvo spintel\u0117, sukurta galvojant apie komfort\u0105, turi du gilius stal\u010dius, kuriuose yra pakankamai vietos visiems j\u016bs\u0173 vonios kambario aksesuarams. \u0160velniai u\u017esidarantys stal\u010diai garantuoja patogum\u0105 ir tyl\u0173 veikim\u0105, tod\u0117l kasdienis naudojimas yra malonus. Eleganti\u0161ki, frezuoti, eglut\u0117s formos fasadai yra ne tik estetin\u0117 detal\u0117, bet ir i\u0161skirtinio meistri\u0161kumo \u012frodymas, kuris papuo\u0161ia bet kok\u012f i\u0161d\u0117stym\u0105.<\/p>\n<p>140 cm auk\u0161\u010dio kolonin\u0117 spintel\u0117 i\u0161 tos pa\u010dios kolekcijos puikiai papildo komplekt\u0105, suteikdama papildomos vietos daiktams susid\u0117ti. Penkios erdvios lentynos leis tvarkingai laikyti visus savo produktus \u2013 nuo kosmetikos iki rank\u0161luos\u010di\u0173. D\u0117l savo i\u0161manaus dizaino \u0161is auk\u0161tas baldas yra ne tik prakti\u0161kas, bet ir stilingas akcentas j\u016bs\u0173 vonios kambaryje.<\/p>\n<p>Nepamir\u0161kime ir 160 cm ilgio vonios stalvir\u0161io, kuris ne tik i\u0161rei\u0161kia stili\u0173, bet ir maksimaliai i\u0161naudoja erdv\u0119. Pagamintas i\u0161 patvarios, lengvai valomos laminato plok\u0161t\u0117s, jis suteikia tvirt\u0105 pagrind\u0105 kriauklei. J\u016bs\u0173 vonios kambarys atgims i\u0161 naujo, o jo funkcionalumu d\u017eiaugsit\u0117s ilgus metus.<\/p>\n<p>Pasirinkdami \u0161\u012f dviej\u0173 \u201eViva Cashmere\u201c praustuv\u0173 komplekt\u0105, J\u016bs renkat\u0117s i\u0161skirtinio dizaino, funkcionalumo ir patvarumo derin\u012f. Paprastas surinkimas, kruop\u0161\u010diai apgalvotos detal\u0117s ir subtil\u016bs atspalviai pavers J\u016bs\u0173 interjer\u0105 tikra ramyb\u0117s oaze. Dvej\u0173 met\u0173 garantija patvirtina auk\u0161t\u0105 bald\u0173 kokyb\u0119, kurie skland\u017eiai \u012fsilies \u012f bet kok\u012f interjer\u0105, leisdami Jums laisvai eksperimentuoti su erdve.<\/p>","protected":false},"excerpt":{"rendered":"<p>Plotis (cm): 160<br \/>\n\u016agis (cm): 57<br \/>\nGylis (cm): 40<\/p>","protected":false},"featured_media":245527,"comment_status":"open","ping_status":"open","template":"","meta":[],"product_brand":[],"product_cat":[9117,2015,9183],"product_tag":[],"class_list":{"0":"post-245526","1":"product","2":"type-product","3":"status-publish","4":"has-post-thumbnail","6":"product_cat-bathroom","7":"product_cat-comad","8":"product_cat-bathroom-furniture-sets-comad","10":"first","11":"instock","12":"purchasable","13":"product-type-simple"},"_links":{"self":[{"href":"https:\/\/baldumarket.lt\/lt\/wp-json\/wp\/v2\/product\/245526","targetHints":{"allow":["GET"]}}],"collection":[{"href":"https:\/\/baldumarket.lt\/lt\/wp-json\/wp\/v2\/product"}],"about":[{"href":"https:\/\/baldumarket.lt\/lt\/wp-json\/wp\/v2\/types\/product"}],"replies":[{"embeddable":true,"href":"https:\/\/baldumarket.lt\/lt\/wp-json\/wp\/v2\/comments?post=245526"}],"wp:featuredmedia":[{"embeddable":true,"href":"https:\/\/baldumarket.lt\/lt\/wp-json\/wp\/v2\/media\/245527"}],"wp:attachment":[{"href":"https:\/\/baldumarket.lt\/lt\/wp-json\/wp\/v2\/media?parent=245526"}],"wp:term":[{"taxonomy":"product_brand","embeddable":true,"href":"https:\/\/baldumarket.lt\/lt\/wp-json\/wp\/v2\/product_brand?post=245526"},{"taxonomy":"product_cat","embeddable":true,"href":"https:\/\/baldumarket.lt\/lt\/wp-json\/wp\/v2\/product_cat?post=245526"},{"taxonomy":"product_tag","embeddable":true,"href":"https:\/\/baldumarket.lt\/lt\/wp-json\/wp\/v2\/product_tag?post=245526"}],"curies":[{"name":"wp","href":"https:\/\/api.w.org\/{rel}","templated":true}]}}