{"id":245523,"date":"2026-01-02T23:12:53","date_gmt":"2026-01-02T20:12:53","guid":{"rendered":"https:\/\/baldumarket.lt\/product\/zestaw-140-cm-iconic-rose-z-umywalkami-lili-mw21\/"},"modified":"2026-02-11T18:33:11","modified_gmt":"2026-02-11T15:33:11","slug":"zestaw-140-cm-iconic-rose-z-umywalkami-lili-mw21","status":"publish","type":"product","link":"https:\/\/baldumarket.lt\/lt\/product\/zestaw-140-cm-iconic-rose-z-umywalkami-lili-mw21\/","title":{"rendered":"140 cm ICONIC ROSE komplektas su LILI MW21 praustuvais"},"content":{"rendered":"","protected":false},"excerpt":{"rendered":"<p>2 x chromuotos \u201eJuliet\u201c LED lempos, 30 cm (30 | 5 | 10) 2 x \u201eJuliet\u201c veidrod\u017eiai, 60 cm (60 | 2 | 70) 2 x LILI MW21 matinio teraco spalvos keraminis praustuvas, 60 cm (60 | 41,5 | 13,5) Vonios kambario stalvir\u0161is, 140 cm, ICONIC WHITE (140,4 | 46 | 2,5) 2 x ICONIC ROSE praustuvo spintel\u0117s, 60 cm (60 | 45,6 | 46) ICONIC WHITE apatin\u0117 lentyn\u0117l\u0117 (20 | 44,5 | 46) ICONIC ROSE auk\u0161ta kolona (35 | 33 | 160)<br \/>\nPlotis (cm): 140<br \/>\n\u016agis (cm): 46<\/p>","protected":false},"featured_media":245524,"comment_status":"open","ping_status":"open","template":"","meta":[],"product_brand":[],"product_cat":[9117,2015,9183],"product_tag":[],"class_list":{"0":"post-245523","1":"product","2":"type-product","3":"status-publish","4":"has-post-thumbnail","6":"product_cat-bathroom","7":"product_cat-comad","8":"product_cat-bathroom-furniture-sets-comad","10":"first","11":"instock","12":"purchasable","13":"product-type-simple"},"_links":{"self":[{"href":"https:\/\/baldumarket.lt\/lt\/wp-json\/wp\/v2\/product\/245523","targetHints":{"allow":["GET"]}}],"collection":[{"href":"https:\/\/baldumarket.lt\/lt\/wp-json\/wp\/v2\/product"}],"about":[{"href":"https:\/\/baldumarket.lt\/lt\/wp-json\/wp\/v2\/types\/product"}],"replies":[{"embeddable":true,"href":"https:\/\/baldumarket.lt\/lt\/wp-json\/wp\/v2\/comments?post=245523"}],"wp:featuredmedia":[{"embeddable":true,"href":"https:\/\/baldumarket.lt\/lt\/wp-json\/wp\/v2\/media\/245524"}],"wp:attachment":[{"href":"https:\/\/baldumarket.lt\/lt\/wp-json\/wp\/v2\/media?parent=245523"}],"wp:term":[{"taxonomy":"product_brand","embeddable":true,"href":"https:\/\/baldumarket.lt\/lt\/wp-json\/wp\/v2\/product_brand?post=245523"},{"taxonomy":"product_cat","embeddable":true,"href":"https:\/\/baldumarket.lt\/lt\/wp-json\/wp\/v2\/product_cat?post=245523"},{"taxonomy":"product_tag","embeddable":true,"href":"https:\/\/baldumarket.lt\/lt\/wp-json\/wp\/v2\/product_tag?post=245523"}],"curies":[{"name":"wp","href":"https:\/\/api.w.org\/{rel}","templated":true}]}}