{"id":245518,"date":"2026-01-02T23:12:50","date_gmt":"2026-01-02T20:12:50","guid":{"rendered":"https:\/\/baldumarket.lt\/product\/zestaw-140-cm-adel-black-z-podwojna-szafka-oraz-regalem-dolnym-i-blatem\/"},"modified":"2026-02-11T18:33:11","modified_gmt":"2026-02-11T15:33:11","slug":"zestaw-140-cm-adel-black-z-podwojna-szafka-oraz-regalem-dolnym-i-blatem","status":"publish","type":"product","link":"https:\/\/baldumarket.lt\/lt\/product\/zestaw-140-cm-adel-black-z-podwojna-szafka-oraz-regalem-dolnym-i-blatem\/","title":{"rendered":"Komplektas 140 cm ADEL BLACK su dviguba spintele, apatine lentyna ir stalvir\u0161iu"},"content":{"rendered":"","protected":false},"excerpt":{"rendered":"<p>\u201eWotan\u201c vonios stalvir\u0161is 120 cm (120,6 | 46,5 | 2,2) \u201eXilo Black\u201c \u017eema spintel\u0117 81-01-A (20 | 46 | 57) 2 praustuvo spintel\u0117s 60 cm ADEL BLACK 82-60-B-2S (60 | 46 | 57)<br \/>\nPlotis (cm): 140<br \/>\nGylis (cm): 46<\/p>","protected":false},"featured_media":245519,"comment_status":"open","ping_status":"open","template":"","meta":[],"product_brand":[],"product_cat":[9117,2015,9183],"product_tag":[],"class_list":{"0":"post-245518","1":"product","2":"type-product","3":"status-publish","4":"has-post-thumbnail","6":"product_cat-bathroom","7":"product_cat-comad","8":"product_cat-bathroom-furniture-sets-comad","10":"first","11":"instock","12":"purchasable","13":"product-type-simple"},"_links":{"self":[{"href":"https:\/\/baldumarket.lt\/lt\/wp-json\/wp\/v2\/product\/245518","targetHints":{"allow":["GET"]}}],"collection":[{"href":"https:\/\/baldumarket.lt\/lt\/wp-json\/wp\/v2\/product"}],"about":[{"href":"https:\/\/baldumarket.lt\/lt\/wp-json\/wp\/v2\/types\/product"}],"replies":[{"embeddable":true,"href":"https:\/\/baldumarket.lt\/lt\/wp-json\/wp\/v2\/comments?post=245518"}],"wp:featuredmedia":[{"embeddable":true,"href":"https:\/\/baldumarket.lt\/lt\/wp-json\/wp\/v2\/media\/245519"}],"wp:attachment":[{"href":"https:\/\/baldumarket.lt\/lt\/wp-json\/wp\/v2\/media?parent=245518"}],"wp:term":[{"taxonomy":"product_brand","embeddable":true,"href":"https:\/\/baldumarket.lt\/lt\/wp-json\/wp\/v2\/product_brand?post=245518"},{"taxonomy":"product_cat","embeddable":true,"href":"https:\/\/baldumarket.lt\/lt\/wp-json\/wp\/v2\/product_cat?post=245518"},{"taxonomy":"product_tag","embeddable":true,"href":"https:\/\/baldumarket.lt\/lt\/wp-json\/wp\/v2\/product_tag?post=245518"}],"curies":[{"name":"wp","href":"https:\/\/api.w.org\/{rel}","templated":true}]}}