{"id":245500,"date":"2026-01-02T23:12:38","date_gmt":"2026-01-02T20:12:38","guid":{"rendered":"https:\/\/baldumarket.lt\/product\/zestaw-120-cm-podwojna-szafka-adel-oak-z-umywalkami-smile\/"},"modified":"2026-02-11T18:33:11","modified_gmt":"2026-02-11T15:33:11","slug":"zestaw-120-cm-podwojna-szafka-adel-oak-z-umywalkami-smile","status":"publish","type":"product","link":"https:\/\/baldumarket.lt\/lt\/product\/zestaw-120-cm-podwojna-szafka-adel-oak-z-umywalkami-smile\/","title":{"rendered":"120 cm ADEL OAK dvigub\u0173 spinteli\u0173 komplektas su SMILE praustuvais"},"content":{"rendered":"","protected":false},"excerpt":{"rendered":"<p>2x Hestia 60 veidrodis su LED ap\u0161vietimu 2x modernus keraminis stalvir\u0161io praustuvas Smile 1 (42 | 42 | 14) Stalvir\u0161is 120 cm ADEL OAK 89-120-B (100.4 | 46 | 2) 2x Praustuvo spintel\u0117 60 cm ADEL OAK 82-60-B-2S (60 | 46 | 57) Auk\u0161ta kolona ADEL OAK 80-01-B-1D (35 | 25 | 140)<br \/>\nPlotis (cm): 120<br \/>\nGylis (cm): 46<\/p>","protected":false},"featured_media":245501,"comment_status":"open","ping_status":"open","template":"","meta":[],"product_brand":[],"product_cat":[9117,2015,9183],"product_tag":[],"class_list":{"0":"post-245500","1":"product","2":"type-product","3":"status-publish","4":"has-post-thumbnail","6":"product_cat-bathroom","7":"product_cat-comad","8":"product_cat-bathroom-furniture-sets-comad","10":"first","11":"instock","12":"purchasable","13":"product-type-simple"},"_links":{"self":[{"href":"https:\/\/baldumarket.lt\/lt\/wp-json\/wp\/v2\/product\/245500","targetHints":{"allow":["GET"]}}],"collection":[{"href":"https:\/\/baldumarket.lt\/lt\/wp-json\/wp\/v2\/product"}],"about":[{"href":"https:\/\/baldumarket.lt\/lt\/wp-json\/wp\/v2\/types\/product"}],"replies":[{"embeddable":true,"href":"https:\/\/baldumarket.lt\/lt\/wp-json\/wp\/v2\/comments?post=245500"}],"wp:featuredmedia":[{"embeddable":true,"href":"https:\/\/baldumarket.lt\/lt\/wp-json\/wp\/v2\/media\/245501"}],"wp:attachment":[{"href":"https:\/\/baldumarket.lt\/lt\/wp-json\/wp\/v2\/media?parent=245500"}],"wp:term":[{"taxonomy":"product_brand","embeddable":true,"href":"https:\/\/baldumarket.lt\/lt\/wp-json\/wp\/v2\/product_brand?post=245500"},{"taxonomy":"product_cat","embeddable":true,"href":"https:\/\/baldumarket.lt\/lt\/wp-json\/wp\/v2\/product_cat?post=245500"},{"taxonomy":"product_tag","embeddable":true,"href":"https:\/\/baldumarket.lt\/lt\/wp-json\/wp\/v2\/product_tag?post=245500"}],"curies":[{"name":"wp","href":"https:\/\/api.w.org\/{rel}","templated":true}]}}