{"id":245484,"date":"2026-01-02T23:12:27","date_gmt":"2026-01-02T20:12:27","guid":{"rendered":"https:\/\/baldumarket.lt\/product\/zestaw-120-cm-fiji-white\/"},"modified":"2026-02-11T18:33:12","modified_gmt":"2026-02-11T15:33:12","slug":"zestaw-120-cm-fiji-white","status":"publish","type":"product","link":"https:\/\/baldumarket.lt\/lt\/product\/zestaw-120-cm-fiji-white\/","title":{"rendered":"Komplektas 120 cm FIJI WHITE"},"content":{"rendered":"","protected":false},"excerpt":{"rendered":"<p>Bianca LED veidrodis 120 cm (120 | 2 | 70) LAVA 120\/8003 dvigubas keraminis praustuvas 120 cm (121 | 46 | 17) FIJI WHITE praustuvo spintel\u0117 120 cm (120 | 45,8 | 62) FIJI WHITE auk\u0161ta kolona (40 | 36 | 165,5) 4 x \u201eCoast Evoke\u201c \u0105\u017euolo kojel\u0117s (2 vnt.)<br \/>\nPlotis (cm): 120<br \/>\n\u016agis (cm): 62<\/p>","protected":false},"featured_media":245485,"comment_status":"open","ping_status":"open","template":"","meta":[],"product_brand":[],"product_cat":[9117,2015,9183],"product_tag":[],"class_list":{"0":"post-245484","1":"product","2":"type-product","3":"status-publish","4":"has-post-thumbnail","6":"product_cat-bathroom","7":"product_cat-comad","8":"product_cat-bathroom-furniture-sets-comad","10":"first","11":"instock","12":"purchasable","13":"product-type-simple"},"_links":{"self":[{"href":"https:\/\/baldumarket.lt\/lt\/wp-json\/wp\/v2\/product\/245484","targetHints":{"allow":["GET"]}}],"collection":[{"href":"https:\/\/baldumarket.lt\/lt\/wp-json\/wp\/v2\/product"}],"about":[{"href":"https:\/\/baldumarket.lt\/lt\/wp-json\/wp\/v2\/types\/product"}],"replies":[{"embeddable":true,"href":"https:\/\/baldumarket.lt\/lt\/wp-json\/wp\/v2\/comments?post=245484"}],"wp:featuredmedia":[{"embeddable":true,"href":"https:\/\/baldumarket.lt\/lt\/wp-json\/wp\/v2\/media\/245485"}],"wp:attachment":[{"href":"https:\/\/baldumarket.lt\/lt\/wp-json\/wp\/v2\/media?parent=245484"}],"wp:term":[{"taxonomy":"product_brand","embeddable":true,"href":"https:\/\/baldumarket.lt\/lt\/wp-json\/wp\/v2\/product_brand?post=245484"},{"taxonomy":"product_cat","embeddable":true,"href":"https:\/\/baldumarket.lt\/lt\/wp-json\/wp\/v2\/product_cat?post=245484"},{"taxonomy":"product_tag","embeddable":true,"href":"https:\/\/baldumarket.lt\/lt\/wp-json\/wp\/v2\/product_tag?post=245484"}],"curies":[{"name":"wp","href":"https:\/\/api.w.org\/{rel}","templated":true}]}}