{"id":245475,"date":"2026-01-02T23:12:23","date_gmt":"2026-01-02T20:12:23","guid":{"rendered":"https:\/\/baldumarket.lt\/product\/zestaw-120-cm-adel-black-z-podwojna-szafka-i-umywalka-sky-120-d\/"},"modified":"2026-02-11T18:33:12","modified_gmt":"2026-02-11T15:33:12","slug":"zestaw-120-cm-adel-black-z-podwojna-szafka-i-umywalka-sky-120-d","status":"publish","type":"product","link":"https:\/\/baldumarket.lt\/lt\/product\/zestaw-120-cm-adel-black-z-podwojna-szafka-i-umywalka-sky-120-d\/","title":{"rendered":"120 cm ADEL BLACK komplektas su dviguba spintele ir SKY 120 D praustuvu"},"content":{"rendered":"","protected":false},"excerpt":{"rendered":"<p>2x Praustuvo spintel\u0117s 60 cm ADEL BLACK 82-60-B-2S (60 | 46 | 57) Alice veidrodis 120 cm su LED ap\u0161vietimu ADEL BLACK 80-01-B-1D Auk\u0161ta kolona (35 | 25 | 140) SKY 120D \u2013 8099 dvigubas baldinis praustuvas 121 x 46 cm<br \/>\nPlotis (cm): 120<br \/>\nGylis (cm): 46<\/p>","protected":false},"featured_media":245476,"comment_status":"open","ping_status":"open","template":"","meta":[],"product_brand":[],"product_cat":[9117,2015,9183],"product_tag":[],"class_list":{"0":"post-245475","1":"product","2":"type-product","3":"status-publish","4":"has-post-thumbnail","6":"product_cat-bathroom","7":"product_cat-comad","8":"product_cat-bathroom-furniture-sets-comad","10":"first","11":"instock","12":"purchasable","13":"product-type-simple"},"_links":{"self":[{"href":"https:\/\/baldumarket.lt\/lt\/wp-json\/wp\/v2\/product\/245475","targetHints":{"allow":["GET"]}}],"collection":[{"href":"https:\/\/baldumarket.lt\/lt\/wp-json\/wp\/v2\/product"}],"about":[{"href":"https:\/\/baldumarket.lt\/lt\/wp-json\/wp\/v2\/types\/product"}],"replies":[{"embeddable":true,"href":"https:\/\/baldumarket.lt\/lt\/wp-json\/wp\/v2\/comments?post=245475"}],"wp:featuredmedia":[{"embeddable":true,"href":"https:\/\/baldumarket.lt\/lt\/wp-json\/wp\/v2\/media\/245476"}],"wp:attachment":[{"href":"https:\/\/baldumarket.lt\/lt\/wp-json\/wp\/v2\/media?parent=245475"}],"wp:term":[{"taxonomy":"product_brand","embeddable":true,"href":"https:\/\/baldumarket.lt\/lt\/wp-json\/wp\/v2\/product_brand?post=245475"},{"taxonomy":"product_cat","embeddable":true,"href":"https:\/\/baldumarket.lt\/lt\/wp-json\/wp\/v2\/product_cat?post=245475"},{"taxonomy":"product_tag","embeddable":true,"href":"https:\/\/baldumarket.lt\/lt\/wp-json\/wp\/v2\/product_tag?post=245475"}],"curies":[{"name":"wp","href":"https:\/\/api.w.org\/{rel}","templated":true}]}}