{"id":245461,"date":"2026-01-02T23:12:15","date_gmt":"2026-01-02T20:12:15","guid":{"rendered":"https:\/\/baldumarket.lt\/product\/zestaw-100-cm-iconic-rose-z-umywalka-lili-mw21-i-regalem\/"},"modified":"2026-02-11T18:33:12","modified_gmt":"2026-02-11T15:33:12","slug":"zestaw-100-cm-iconic-rose-z-umywalka-lili-mw21-i-regalem","status":"publish","type":"product","link":"https:\/\/baldumarket.lt\/lt\/product\/zestaw-100-cm-iconic-rose-z-umywalka-lili-mw21-i-regalem\/","title":{"rendered":"Komplektas 100 cm ICONIC ROSE su LILI MW21 praustuvu ir lentyna"},"content":{"rendered":"","protected":false},"excerpt":{"rendered":"<p>Bianca LED veidrodis 80 cm (80 | 2 | 70) LILI MW21 matin\u0117s teraco spalvos keraminis praustuvas 60 cm (60 | 41,5 | 13,5) ICONIC WHITE vonios kambario stalvir\u0161is 100 cm (100,4 | 46 | 2,5) ICONIC ROSE praustuvo spintel\u0117 80 cm (80 | 45,7 | 46) ICONIC WHITE apatin\u0117 lentyn\u0117l\u0117 (20 | 44,5 | 46) ICONIC ROSE auk\u0161ta kolona (35 | 33 | 160)<br \/>\nPlotis (cm): 100<br \/>\n\u016agis (cm): 46<\/p>","protected":false},"featured_media":245462,"comment_status":"open","ping_status":"open","template":"","meta":[],"product_brand":[],"product_cat":[9117,2015,9183],"product_tag":[],"class_list":{"0":"post-245461","1":"product","2":"type-product","3":"status-publish","4":"has-post-thumbnail","6":"product_cat-bathroom","7":"product_cat-comad","8":"product_cat-bathroom-furniture-sets-comad","10":"first","11":"instock","12":"purchasable","13":"product-type-simple"},"_links":{"self":[{"href":"https:\/\/baldumarket.lt\/lt\/wp-json\/wp\/v2\/product\/245461","targetHints":{"allow":["GET"]}}],"collection":[{"href":"https:\/\/baldumarket.lt\/lt\/wp-json\/wp\/v2\/product"}],"about":[{"href":"https:\/\/baldumarket.lt\/lt\/wp-json\/wp\/v2\/types\/product"}],"replies":[{"embeddable":true,"href":"https:\/\/baldumarket.lt\/lt\/wp-json\/wp\/v2\/comments?post=245461"}],"wp:featuredmedia":[{"embeddable":true,"href":"https:\/\/baldumarket.lt\/lt\/wp-json\/wp\/v2\/media\/245462"}],"wp:attachment":[{"href":"https:\/\/baldumarket.lt\/lt\/wp-json\/wp\/v2\/media?parent=245461"}],"wp:term":[{"taxonomy":"product_brand","embeddable":true,"href":"https:\/\/baldumarket.lt\/lt\/wp-json\/wp\/v2\/product_brand?post=245461"},{"taxonomy":"product_cat","embeddable":true,"href":"https:\/\/baldumarket.lt\/lt\/wp-json\/wp\/v2\/product_cat?post=245461"},{"taxonomy":"product_tag","embeddable":true,"href":"https:\/\/baldumarket.lt\/lt\/wp-json\/wp\/v2\/product_tag?post=245461"}],"curies":[{"name":"wp","href":"https:\/\/api.w.org\/{rel}","templated":true}]}}