{"id":245455,"date":"2026-01-02T23:12:12","date_gmt":"2026-01-02T20:12:12","guid":{"rendered":"https:\/\/baldumarket.lt\/product\/zestaw-100-cm-iconic-cashmere-z-umywalka-wiki-mc-i-regalem\/"},"modified":"2026-02-11T18:33:12","modified_gmt":"2026-02-11T15:33:12","slug":"zestaw-100-cm-iconic-cashmere-z-umywalka-wiki-mc-i-regalem","status":"publish","type":"product","link":"https:\/\/baldumarket.lt\/lt\/product\/zestaw-100-cm-iconic-cashmere-z-umywalka-wiki-mc-i-regalem\/","title":{"rendered":"100 cm ICONIC CASHMERE komplektas su WIKI MC praustuvu ir lentyna"},"content":{"rendered":"","protected":false},"excerpt":{"rendered":"<p>Bianca LED veidrodis 80 cm (80 | 2 | 70) WIKI-MC matinio kapu\u010dino spalvos keraminis praustuvas ant stalvir\u0161io 36 cm (36 | 36 | 12) \u0104\u017euolo spalvos \u201eCoast Evoke\u201c vonios kambario stalvir\u0161is 100 cm (100,4 | 46 | 2,5) ICONIC KA\u0160MYRO praustuvo spintel\u0117 80 cm (80 | 45,7 | 46) ICONIC \u0104\u017euolo spalvos \u201eCoast Evoke\u201c \u017eema spintel\u0117 (20 | 44,5 | 46) ICONIC KA\u0160MYRO auk\u0161ta kolona (35 | 33 | 160)<br \/>\nPlotis (cm): 100<br \/>\n\u016agis (cm): 46<\/p>","protected":false},"featured_media":245456,"comment_status":"open","ping_status":"open","template":"","meta":[],"product_brand":[],"product_cat":[9117,2015,9183],"product_tag":[],"class_list":{"0":"post-245455","1":"product","2":"type-product","3":"status-publish","4":"has-post-thumbnail","6":"product_cat-bathroom","7":"product_cat-comad","8":"product_cat-bathroom-furniture-sets-comad","10":"first","11":"instock","12":"purchasable","13":"product-type-simple"},"_links":{"self":[{"href":"https:\/\/baldumarket.lt\/lt\/wp-json\/wp\/v2\/product\/245455","targetHints":{"allow":["GET"]}}],"collection":[{"href":"https:\/\/baldumarket.lt\/lt\/wp-json\/wp\/v2\/product"}],"about":[{"href":"https:\/\/baldumarket.lt\/lt\/wp-json\/wp\/v2\/types\/product"}],"replies":[{"embeddable":true,"href":"https:\/\/baldumarket.lt\/lt\/wp-json\/wp\/v2\/comments?post=245455"}],"wp:featuredmedia":[{"embeddable":true,"href":"https:\/\/baldumarket.lt\/lt\/wp-json\/wp\/v2\/media\/245456"}],"wp:attachment":[{"href":"https:\/\/baldumarket.lt\/lt\/wp-json\/wp\/v2\/media?parent=245455"}],"wp:term":[{"taxonomy":"product_brand","embeddable":true,"href":"https:\/\/baldumarket.lt\/lt\/wp-json\/wp\/v2\/product_brand?post=245455"},{"taxonomy":"product_cat","embeddable":true,"href":"https:\/\/baldumarket.lt\/lt\/wp-json\/wp\/v2\/product_cat?post=245455"},{"taxonomy":"product_tag","embeddable":true,"href":"https:\/\/baldumarket.lt\/lt\/wp-json\/wp\/v2\/product_tag?post=245455"}],"curies":[{"name":"wp","href":"https:\/\/api.w.org\/{rel}","templated":true}]}}