{"id":245448,"date":"2026-01-02T23:12:10","date_gmt":"2026-01-02T20:12:10","guid":{"rendered":"https:\/\/baldumarket.lt\/product\/zestaw-100-cm-fiji-white-z-umywalka-megi-mw13\/"},"modified":"2026-02-11T18:33:12","modified_gmt":"2026-02-11T15:33:12","slug":"zestaw-100-cm-fiji-white-z-umywalka-megi-mw13","status":"publish","type":"product","link":"https:\/\/baldumarket.lt\/lt\/product\/zestaw-100-cm-fiji-white-z-umywalka-megi-mw13\/","title":{"rendered":"100 cm FIJI WHITE komplektas su MEGI MW13 praustuvu"},"content":{"rendered":"","protected":false},"excerpt":{"rendered":"<p>LUNA 80 VEIDRODIS su LED (80 | 2 | 80) MEGI MW13 keraminis praustuvas su stalvir\u0161iu, 100 cm, \u0105\u017euolo spalvos \u201eCoast Evoke\u201c vonios kambario stalvir\u0161is (100,4 | 46 | 2,5) 100 cm FIJI WHITE praustuvo spintel\u0117 (100 | 45,8 | 62) 4 x \u0105\u017euolo spalvos \u201eCoast Evoke\u201c kojel\u0117s, 2 vnt. FIJI WHITE auk\u0161ta kolona (40 | 36 | 165,5)<br \/>\nPlotis (cm): 100<br \/>\n\u016agis (cm): 62<\/p>","protected":false},"featured_media":245449,"comment_status":"open","ping_status":"open","template":"","meta":[],"product_brand":[],"product_cat":[9117,2015,9183],"product_tag":[],"class_list":{"0":"post-245448","1":"product","2":"type-product","3":"status-publish","4":"has-post-thumbnail","6":"product_cat-bathroom","7":"product_cat-comad","8":"product_cat-bathroom-furniture-sets-comad","10":"first","11":"instock","12":"purchasable","13":"product-type-simple"},"_links":{"self":[{"href":"https:\/\/baldumarket.lt\/lt\/wp-json\/wp\/v2\/product\/245448","targetHints":{"allow":["GET"]}}],"collection":[{"href":"https:\/\/baldumarket.lt\/lt\/wp-json\/wp\/v2\/product"}],"about":[{"href":"https:\/\/baldumarket.lt\/lt\/wp-json\/wp\/v2\/types\/product"}],"replies":[{"embeddable":true,"href":"https:\/\/baldumarket.lt\/lt\/wp-json\/wp\/v2\/comments?post=245448"}],"wp:featuredmedia":[{"embeddable":true,"href":"https:\/\/baldumarket.lt\/lt\/wp-json\/wp\/v2\/media\/245449"}],"wp:attachment":[{"href":"https:\/\/baldumarket.lt\/lt\/wp-json\/wp\/v2\/media?parent=245448"}],"wp:term":[{"taxonomy":"product_brand","embeddable":true,"href":"https:\/\/baldumarket.lt\/lt\/wp-json\/wp\/v2\/product_brand?post=245448"},{"taxonomy":"product_cat","embeddable":true,"href":"https:\/\/baldumarket.lt\/lt\/wp-json\/wp\/v2\/product_cat?post=245448"},{"taxonomy":"product_tag","embeddable":true,"href":"https:\/\/baldumarket.lt\/lt\/wp-json\/wp\/v2\/product_tag?post=245448"}],"curies":[{"name":"wp","href":"https:\/\/api.w.org\/{rel}","templated":true}]}}