{"id":245438,"date":"2026-01-02T23:12:05","date_gmt":"2026-01-02T20:12:05","guid":{"rendered":"https:\/\/baldumarket.lt\/product\/viento-lampa-led-30-cm\/"},"modified":"2026-04-25T23:19:32","modified_gmt":"2026-04-25T20:19:32","slug":"viento-lampa-led-30-cm","status":"publish","type":"product","link":"https:\/\/baldumarket.lt\/lt\/product\/viento-lampa-led-30-cm\/","title":{"rendered":"VIENTO LED \u0161viestuvas 30 cm"},"content":{"rendered":"<p>230 V LED lempa, 5 W galia. \u0160viesos temperat\u016bra: 40 K (neutrali balta)<\/p>","protected":false},"excerpt":{"rendered":"<p>Plotis (cm): 30<br \/>\n\u016agis (cm): 4<br \/>\nGylis (cm): 10,5<\/p>","protected":false},"featured_media":245439,"comment_status":"open","ping_status":"open","template":"","meta":[],"product_brand":[],"product_cat":[9117,2015,9188],"product_tag":[],"class_list":{"0":"post-245438","1":"product","2":"type-product","3":"status-publish","4":"has-post-thumbnail","6":"product_cat-bathroom","7":"product_cat-comad","8":"product_cat-akcesoria-comad","10":"first","11":"instock","12":"purchasable","13":"product-type-simple"},"_links":{"self":[{"href":"https:\/\/baldumarket.lt\/lt\/wp-json\/wp\/v2\/product\/245438","targetHints":{"allow":["GET"]}}],"collection":[{"href":"https:\/\/baldumarket.lt\/lt\/wp-json\/wp\/v2\/product"}],"about":[{"href":"https:\/\/baldumarket.lt\/lt\/wp-json\/wp\/v2\/types\/product"}],"replies":[{"embeddable":true,"href":"https:\/\/baldumarket.lt\/lt\/wp-json\/wp\/v2\/comments?post=245438"}],"wp:featuredmedia":[{"embeddable":true,"href":"https:\/\/baldumarket.lt\/lt\/wp-json\/wp\/v2\/media\/245439"}],"wp:attachment":[{"href":"https:\/\/baldumarket.lt\/lt\/wp-json\/wp\/v2\/media?parent=245438"}],"wp:term":[{"taxonomy":"product_brand","embeddable":true,"href":"https:\/\/baldumarket.lt\/lt\/wp-json\/wp\/v2\/product_brand?post=245438"},{"taxonomy":"product_cat","embeddable":true,"href":"https:\/\/baldumarket.lt\/lt\/wp-json\/wp\/v2\/product_cat?post=245438"},{"taxonomy":"product_tag","embeddable":true,"href":"https:\/\/baldumarket.lt\/lt\/wp-json\/wp\/v2\/product_tag?post=245438"}],"curies":[{"name":"wp","href":"https:\/\/api.w.org\/{rel}","templated":true}]}}