{"id":245427,"date":"2026-01-02T23:11:59","date_gmt":"2026-01-02T20:11:59","guid":{"rendered":"https:\/\/baldumarket.lt\/product\/umywalka-nablatowa-ceramiczna-un-wiki-sw-bialy-polysk\/"},"modified":"2026-02-11T18:33:12","modified_gmt":"2026-02-11T15:33:12","slug":"umywalka-nablatowa-ceramiczna-un-wiki-sw-bialy-polysk","status":"publish","type":"product","link":"https:\/\/baldumarket.lt\/lt\/product\/umywalka-nablatowa-ceramiczna-un-wiki-sw-bialy-polysk\/","title":{"rendered":"Keraminis stalvir\u0161io praustuvas UN-WIKI-SW, blizgi baltas"},"content":{"rendered":"<p>Keraminis ant stalvir\u0161io montuojamas praustuvas UN-WIKI-SW blizgios baltos spalvos. \u0160is 36 cm plo\u010dio, apvalus ant stalvir\u0161io montuojamas praustuvas pagamintas i\u0161 auk\u0161tos kokyb\u0117s baltos keramikos. Jis yra blizgios apdailos. Matmenys: Plotis (cm): 36 Gylis (cm): 36 Auk\u0161tis (cm): 12 Techniniai duomenys: Svoris (kg): 7 Praustuvo med\u017eiaga: Keramika Praustuvas Spalva: Blizgi balta Kra\u0161to auk\u0161tis: 12 cm I\u0161leidimo angos skersmuo: 4,5 cm Persipylimo anga: Ne \u012eskai\u010diuota \u201eClick-Clack\u201c: Ne Praustuvo tvirtinimo b\u016bdas: Tvirtinamas prie stalvir\u0161io Spalva: Blizgi balta<\/p>","protected":false},"excerpt":{"rendered":"<p>Plotis (cm): 36<br \/>\n\u016agis (cm): 12<br \/>\nGylis (cm): 36<\/p>","protected":false},"featured_media":245428,"comment_status":"open","ping_status":"open","template":"","meta":[],"product_brand":[],"product_cat":[9117,2015,9185],"product_tag":[],"class_list":{"0":"post-245427","1":"product","2":"type-product","3":"status-publish","4":"has-post-thumbnail","6":"product_cat-bathroom","7":"product_cat-comad","8":"product_cat-washbasin-comad","10":"first","11":"instock","12":"purchasable","13":"product-type-simple"},"_links":{"self":[{"href":"https:\/\/baldumarket.lt\/lt\/wp-json\/wp\/v2\/product\/245427","targetHints":{"allow":["GET"]}}],"collection":[{"href":"https:\/\/baldumarket.lt\/lt\/wp-json\/wp\/v2\/product"}],"about":[{"href":"https:\/\/baldumarket.lt\/lt\/wp-json\/wp\/v2\/types\/product"}],"replies":[{"embeddable":true,"href":"https:\/\/baldumarket.lt\/lt\/wp-json\/wp\/v2\/comments?post=245427"}],"wp:featuredmedia":[{"embeddable":true,"href":"https:\/\/baldumarket.lt\/lt\/wp-json\/wp\/v2\/media\/245428"}],"wp:attachment":[{"href":"https:\/\/baldumarket.lt\/lt\/wp-json\/wp\/v2\/media?parent=245427"}],"wp:term":[{"taxonomy":"product_brand","embeddable":true,"href":"https:\/\/baldumarket.lt\/lt\/wp-json\/wp\/v2\/product_brand?post=245427"},{"taxonomy":"product_cat","embeddable":true,"href":"https:\/\/baldumarket.lt\/lt\/wp-json\/wp\/v2\/product_cat?post=245427"},{"taxonomy":"product_tag","embeddable":true,"href":"https:\/\/baldumarket.lt\/lt\/wp-json\/wp\/v2\/product_tag?post=245427"}],"curies":[{"name":"wp","href":"https:\/\/api.w.org\/{rel}","templated":true}]}}