{"id":245416,"date":"2026-01-02T23:11:51","date_gmt":"2026-01-02T20:11:51","guid":{"rendered":"https:\/\/baldumarket.lt\/product\/umywalka-nablatowa-ceramiczna-un-pola-gw-bialy-polysk\/"},"modified":"2026-02-11T18:33:12","modified_gmt":"2026-02-11T15:33:12","slug":"umywalka-nablatowa-ceramiczna-un-pola-gw-bialy-polysk","status":"publish","type":"product","link":"https:\/\/baldumarket.lt\/lt\/product\/umywalka-nablatowa-ceramiczna-un-pola-gw-bialy-polysk\/","title":{"rendered":"Keraminis stalvir\u0161io praustuvas UN-POLA-GW, baltas blizgus"},"content":{"rendered":"<p>Keraminis ant stalvir\u0161io montuojamas praustuvas UN-POLA-GW, blizgios baltos spalvos. \u0160is 60 cm plo\u010dio ovalus ant stalvir\u0161io montuojamas praustuvas pagamintas i\u0161 auk\u0161tos kokyb\u0117s baltos keramikos. Jis yra blizgios apdailos. Matmenys: Plotis (cm): 60 Gylis (cm): 40,5 Auk\u0161tis (cm): 12 Techniniai duomenys: Svoris (kg): 11 Praustuvo med\u017eiaga: Keramika Praustuvo spalva: Blizgi balta Kra\u0161to auk\u0161tis: 12 cm I\u0161leidimo angos skersmuo: 4,5 cm Mai\u0161ytuvo angos skersmuo: 3,5 cm Persipylimo mechanizmo n\u0117ra. Pridedamas \u201eClick-Clack\u201c mechanizmo mechanizmo n\u0117ra. Praustuvo montavimo b\u016bdas: Ant stalvir\u0161io.<\/p>","protected":false},"excerpt":{"rendered":"<p>Plotis (cm): 60<br \/>\n\u016agis (cm): 12<br \/>\nGylis (cm): 40,5<\/p>","protected":false},"featured_media":245417,"comment_status":"open","ping_status":"open","template":"","meta":[],"product_brand":[],"product_cat":[9117,2015,9185],"product_tag":[],"class_list":{"0":"post-245416","1":"product","2":"type-product","3":"status-publish","4":"has-post-thumbnail","6":"product_cat-bathroom","7":"product_cat-comad","8":"product_cat-washbasin-comad","10":"first","11":"instock","12":"purchasable","13":"product-type-simple"},"_links":{"self":[{"href":"https:\/\/baldumarket.lt\/lt\/wp-json\/wp\/v2\/product\/245416","targetHints":{"allow":["GET"]}}],"collection":[{"href":"https:\/\/baldumarket.lt\/lt\/wp-json\/wp\/v2\/product"}],"about":[{"href":"https:\/\/baldumarket.lt\/lt\/wp-json\/wp\/v2\/types\/product"}],"replies":[{"embeddable":true,"href":"https:\/\/baldumarket.lt\/lt\/wp-json\/wp\/v2\/comments?post=245416"}],"wp:featuredmedia":[{"embeddable":true,"href":"https:\/\/baldumarket.lt\/lt\/wp-json\/wp\/v2\/media\/245417"}],"wp:attachment":[{"href":"https:\/\/baldumarket.lt\/lt\/wp-json\/wp\/v2\/media?parent=245416"}],"wp:term":[{"taxonomy":"product_brand","embeddable":true,"href":"https:\/\/baldumarket.lt\/lt\/wp-json\/wp\/v2\/product_brand?post=245416"},{"taxonomy":"product_cat","embeddable":true,"href":"https:\/\/baldumarket.lt\/lt\/wp-json\/wp\/v2\/product_cat?post=245416"},{"taxonomy":"product_tag","embeddable":true,"href":"https:\/\/baldumarket.lt\/lt\/wp-json\/wp\/v2\/product_tag?post=245416"}],"curies":[{"name":"wp","href":"https:\/\/api.w.org\/{rel}","templated":true}]}}