{"id":245395,"date":"2026-01-02T23:11:43","date_gmt":"2026-01-02T20:11:43","guid":{"rendered":"https:\/\/baldumarket.lt\/product\/umywalka-nablatowa-ceramiczna-un-neli-mnb-granatowy-mat\/"},"modified":"2026-02-11T18:33:13","modified_gmt":"2026-02-11T15:33:13","slug":"umywalka-nablatowa-ceramiczna-un-neli-mnb-granatowy-mat","status":"publish","type":"product","link":"https:\/\/baldumarket.lt\/lt\/product\/umywalka-nablatowa-ceramiczna-un-neli-mnb-granatowy-mat\/","title":{"rendered":"Keraminis stalvir\u0161io praustuvas UN-NELI-MNB, tamsiai m\u0117lynas, matinis"},"content":{"rendered":"<p>Keraminis ant stalvir\u0161io montuojamas praustuvas UN-NELI-MNB matin\u0117s tamsiai m\u0117lynos spalvos. \u0160is 50,4 cm plo\u010dio ovalus ant stalvir\u0161io montuojamas praustuvas pagamintas i\u0161 auk\u0161tos kokyb\u0117s tamsiai m\u0117lynos keramikos. Jis yra matin\u0117s apdailos. Matmenys: Plotis (cm): 50,4 Gylis (cm): 35,2 Auk\u0161tis (cm): 14,5 Techniniai duomenys: Svoris (kg): 8 Praustuvo med\u017eiaga: Keramika Praustuvo spalva: Matin\u0117 tamsiai m\u0117lyna Kra\u0161to auk\u0161tis: 14,5 cm I\u0161leidimo angos skersmuo: 4,5 cm Persipylimo anga: Ne \u012eskai\u010diuota \u201eClick-Clack\u201c: Ne Praustuvo montavimo b\u016bdas: Ant stalvir\u0161io<\/p>","protected":false},"excerpt":{"rendered":"<p>Plotis (cm): 50,4<br \/>\n\u016agis (cm): 14,5<br \/>\nGylis (cm): 35,2<\/p>","protected":false},"featured_media":245396,"comment_status":"open","ping_status":"open","template":"","meta":[],"product_brand":[],"product_cat":[9117,2015,9185],"product_tag":[],"class_list":{"0":"post-245395","1":"product","2":"type-product","3":"status-publish","4":"has-post-thumbnail","6":"product_cat-bathroom","7":"product_cat-comad","8":"product_cat-washbasin-comad","10":"first","11":"instock","12":"purchasable","13":"product-type-simple"},"_links":{"self":[{"href":"https:\/\/baldumarket.lt\/lt\/wp-json\/wp\/v2\/product\/245395","targetHints":{"allow":["GET"]}}],"collection":[{"href":"https:\/\/baldumarket.lt\/lt\/wp-json\/wp\/v2\/product"}],"about":[{"href":"https:\/\/baldumarket.lt\/lt\/wp-json\/wp\/v2\/types\/product"}],"replies":[{"embeddable":true,"href":"https:\/\/baldumarket.lt\/lt\/wp-json\/wp\/v2\/comments?post=245395"}],"wp:featuredmedia":[{"embeddable":true,"href":"https:\/\/baldumarket.lt\/lt\/wp-json\/wp\/v2\/media\/245396"}],"wp:attachment":[{"href":"https:\/\/baldumarket.lt\/lt\/wp-json\/wp\/v2\/media?parent=245395"}],"wp:term":[{"taxonomy":"product_brand","embeddable":true,"href":"https:\/\/baldumarket.lt\/lt\/wp-json\/wp\/v2\/product_brand?post=245395"},{"taxonomy":"product_cat","embeddable":true,"href":"https:\/\/baldumarket.lt\/lt\/wp-json\/wp\/v2\/product_cat?post=245395"},{"taxonomy":"product_tag","embeddable":true,"href":"https:\/\/baldumarket.lt\/lt\/wp-json\/wp\/v2\/product_tag?post=245395"}],"curies":[{"name":"wp","href":"https:\/\/api.w.org\/{rel}","templated":true}]}}