{"id":245368,"date":"2026-01-02T23:11:32","date_gmt":"2026-01-02T20:11:32","guid":{"rendered":"https:\/\/baldumarket.lt\/product\/umywalka-nablatowa-ceramiczna-un-mada-mw-115mw-bialy-mat\/"},"modified":"2026-02-11T18:33:14","modified_gmt":"2026-02-11T15:33:14","slug":"umywalka-nablatowa-ceramiczna-un-mada-mw-115mw-bialy-mat","status":"publish","type":"product","link":"https:\/\/baldumarket.lt\/lt\/product\/umywalka-nablatowa-ceramiczna-un-mada-mw-115mw-bialy-mat\/","title":{"rendered":"Keraminis stalvir\u0161io praustuvas UN-MADA-MW 115MW matin\u0117s baltos spalvos"},"content":{"rendered":"<p>Keraminis ant stalvir\u0161io montuojamas praustuvas UN-MADA-MW 115MW matin\u0117s baltos spalvos. 40 cm plo\u010dio, apvalus ant stalvir\u0161io montuojamas praustuvas, pagamintas i\u0161 auk\u0161tos kokyb\u0117s baltos keramikos. Matinis pavir\u0161ius. Matmenys: Plotis (cm): 40 Gylis (cm): 40 Auk\u0161tis (cm): 14 Techniniai duomenys: Svoris (kg): 10 Praustuvo med\u017eiaga: Keramika Praustuvas Spalva: Matin\u0117 balta I\u0161leidimo angos skersmuo: 4,5 cm Persipylimo anga: Ne \u012eskai\u010diuota \u201eClick-Clack\u201c: Ne Praustuvo tvirtinimo b\u016bdas: Montuojamas ant stalvir\u0161io<\/p>","protected":false},"excerpt":{"rendered":"<p>Plotis (cm): 40<br \/>\n\u016agis (cm): 14<br \/>\nGylis (cm): 40<\/p>","protected":false},"featured_media":245369,"comment_status":"open","ping_status":"open","template":"","meta":[],"product_brand":[],"product_cat":[9117,2015,9185],"product_tag":[],"class_list":{"0":"post-245368","1":"product","2":"type-product","3":"status-publish","4":"has-post-thumbnail","6":"product_cat-bathroom","7":"product_cat-comad","8":"product_cat-washbasin-comad","10":"first","11":"instock","12":"purchasable","13":"product-type-simple"},"_links":{"self":[{"href":"https:\/\/baldumarket.lt\/lt\/wp-json\/wp\/v2\/product\/245368","targetHints":{"allow":["GET"]}}],"collection":[{"href":"https:\/\/baldumarket.lt\/lt\/wp-json\/wp\/v2\/product"}],"about":[{"href":"https:\/\/baldumarket.lt\/lt\/wp-json\/wp\/v2\/types\/product"}],"replies":[{"embeddable":true,"href":"https:\/\/baldumarket.lt\/lt\/wp-json\/wp\/v2\/comments?post=245368"}],"wp:featuredmedia":[{"embeddable":true,"href":"https:\/\/baldumarket.lt\/lt\/wp-json\/wp\/v2\/media\/245369"}],"wp:attachment":[{"href":"https:\/\/baldumarket.lt\/lt\/wp-json\/wp\/v2\/media?parent=245368"}],"wp:term":[{"taxonomy":"product_brand","embeddable":true,"href":"https:\/\/baldumarket.lt\/lt\/wp-json\/wp\/v2\/product_brand?post=245368"},{"taxonomy":"product_cat","embeddable":true,"href":"https:\/\/baldumarket.lt\/lt\/wp-json\/wp\/v2\/product_cat?post=245368"},{"taxonomy":"product_tag","embeddable":true,"href":"https:\/\/baldumarket.lt\/lt\/wp-json\/wp\/v2\/product_tag?post=245368"}],"curies":[{"name":"wp","href":"https:\/\/api.w.org\/{rel}","templated":true}]}}