{"id":245352,"date":"2026-01-02T23:11:25","date_gmt":"2026-01-02T20:11:25","guid":{"rendered":"https:\/\/baldumarket.lt\/product\/umywalka-nablatowa-ceramiczna-un-lili-mw21-lastryko-mat\/"},"modified":"2026-02-11T18:33:14","modified_gmt":"2026-02-11T15:33:14","slug":"umywalka-nablatowa-ceramiczna-un-lili-mw21-lastryko-mat","status":"publish","type":"product","link":"https:\/\/baldumarket.lt\/lt\/product\/umywalka-nablatowa-ceramiczna-un-lili-mw21-lastryko-mat\/","title":{"rendered":"Keraminis stalvir\u0161io praustuvas UN-LILI-MW21, matinis teraco spalvos"},"content":{"rendered":"<p>Keraminis praustuvas UN-LILI-MW21 matinis teracas. \u0160is 60 cm plo\u010dio ovalus praustuvas pagamintas i\u0161 auk\u0161tos kokyb\u0117s teraco spalvos keramikos (poliruoto betono mas\u0117s, kurios sud\u0117tyje yra akmens u\u017epildo, dar vadinamos teracu). Jis yra matin\u0117s apdailos. Matmenys: Plotis (cm): 60 Gylis (cm): 41,5 Auk\u0161tis (cm): 13,5 Techniniai duomenys: Svoris (kg): 13 Praustuvo med\u017eiaga: Keramika Praustuvo spalva: Matin\u0117 teracas Kra\u0161to auk\u0161tis: 14,6 cm I\u0161leidimo angos skersmuo: 4,5 cm Persipylimo anga: Ne Pridedama \u201eClick-Clack\u201c: Ne Praustuvo montavimo b\u016bdas: Ant stalvir\u0161io<\/p>","protected":false},"excerpt":{"rendered":"<p>Plotis (cm): 60<br \/>\n\u016agis (cm): 13,5<br \/>\nGylis (cm): 41,5<\/p>","protected":false},"featured_media":245353,"comment_status":"open","ping_status":"open","template":"","meta":[],"product_brand":[],"product_cat":[9117,2015,9185],"product_tag":[],"class_list":{"0":"post-245352","1":"product","2":"type-product","3":"status-publish","4":"has-post-thumbnail","6":"product_cat-bathroom","7":"product_cat-comad","8":"product_cat-washbasin-comad","10":"first","11":"instock","12":"purchasable","13":"product-type-simple"},"_links":{"self":[{"href":"https:\/\/baldumarket.lt\/lt\/wp-json\/wp\/v2\/product\/245352","targetHints":{"allow":["GET"]}}],"collection":[{"href":"https:\/\/baldumarket.lt\/lt\/wp-json\/wp\/v2\/product"}],"about":[{"href":"https:\/\/baldumarket.lt\/lt\/wp-json\/wp\/v2\/types\/product"}],"replies":[{"embeddable":true,"href":"https:\/\/baldumarket.lt\/lt\/wp-json\/wp\/v2\/comments?post=245352"}],"wp:featuredmedia":[{"embeddable":true,"href":"https:\/\/baldumarket.lt\/lt\/wp-json\/wp\/v2\/media\/245353"}],"wp:attachment":[{"href":"https:\/\/baldumarket.lt\/lt\/wp-json\/wp\/v2\/media?parent=245352"}],"wp:term":[{"taxonomy":"product_brand","embeddable":true,"href":"https:\/\/baldumarket.lt\/lt\/wp-json\/wp\/v2\/product_brand?post=245352"},{"taxonomy":"product_cat","embeddable":true,"href":"https:\/\/baldumarket.lt\/lt\/wp-json\/wp\/v2\/product_cat?post=245352"},{"taxonomy":"product_tag","embeddable":true,"href":"https:\/\/baldumarket.lt\/lt\/wp-json\/wp\/v2\/product_tag?post=245352"}],"curies":[{"name":"wp","href":"https:\/\/api.w.org\/{rel}","templated":true}]}}