{"id":245308,"date":"2026-01-02T23:11:08","date_gmt":"2026-01-02T20:11:08","guid":{"rendered":"https:\/\/baldumarket.lt\/product\/umywalka-nablatowa-ceramiczna-un-domi-mw-bialy-mat\/"},"modified":"2026-02-11T18:33:15","modified_gmt":"2026-02-11T15:33:15","slug":"umywalka-nablatowa-ceramiczna-un-domi-mw-bialy-mat","status":"publish","type":"product","link":"https:\/\/baldumarket.lt\/lt\/product\/umywalka-nablatowa-ceramiczna-un-domi-mw-bialy-mat\/","title":{"rendered":"Keraminis stalvir\u0161io praustuvas UN-DOMI-MW matin\u0117s baltos spalvos"},"content":{"rendered":"<p>Keraminis ant stalvir\u0161io montuojamas praustuvas UN-DOMI-MW matin\u0117s baltos spalvos Matmenys: Plotis (cm): 32 Gylis (cm): 32 Auk\u0161tis (cm): 14 Techniniai duomenys: Svoris (kg): 8 Praustuvo med\u017eiaga: Keraminis praustuvas Spalva: Matin\u0117s baltos spalvos I\u0161leidimo angos skersmuo: 4,5 cm Persipylimo anga: N\u0117ra \u012eskai\u010diuota: N\u0117ra Praustuvo montavimo b\u016bdas: Statomas ant stalvir\u0161io<\/p>","protected":false},"excerpt":{"rendered":"<p>Plotis (cm): 32<br \/>\n\u016agis (cm): 14<br \/>\nGylis (cm): 32<\/p>","protected":false},"featured_media":245309,"comment_status":"open","ping_status":"open","template":"","meta":[],"product_brand":[],"product_cat":[9117,2015,9185],"product_tag":[],"class_list":{"0":"post-245308","1":"product","2":"type-product","3":"status-publish","4":"has-post-thumbnail","6":"product_cat-bathroom","7":"product_cat-comad","8":"product_cat-washbasin-comad","10":"first","11":"instock","12":"purchasable","13":"product-type-simple"},"_links":{"self":[{"href":"https:\/\/baldumarket.lt\/lt\/wp-json\/wp\/v2\/product\/245308","targetHints":{"allow":["GET"]}}],"collection":[{"href":"https:\/\/baldumarket.lt\/lt\/wp-json\/wp\/v2\/product"}],"about":[{"href":"https:\/\/baldumarket.lt\/lt\/wp-json\/wp\/v2\/types\/product"}],"replies":[{"embeddable":true,"href":"https:\/\/baldumarket.lt\/lt\/wp-json\/wp\/v2\/comments?post=245308"}],"wp:featuredmedia":[{"embeddable":true,"href":"https:\/\/baldumarket.lt\/lt\/wp-json\/wp\/v2\/media\/245309"}],"wp:attachment":[{"href":"https:\/\/baldumarket.lt\/lt\/wp-json\/wp\/v2\/media?parent=245308"}],"wp:term":[{"taxonomy":"product_brand","embeddable":true,"href":"https:\/\/baldumarket.lt\/lt\/wp-json\/wp\/v2\/product_brand?post=245308"},{"taxonomy":"product_cat","embeddable":true,"href":"https:\/\/baldumarket.lt\/lt\/wp-json\/wp\/v2\/product_cat?post=245308"},{"taxonomy":"product_tag","embeddable":true,"href":"https:\/\/baldumarket.lt\/lt\/wp-json\/wp\/v2\/product_tag?post=245308"}],"curies":[{"name":"wp","href":"https:\/\/api.w.org\/{rel}","templated":true}]}}