{"id":245288,"date":"2026-01-02T23:10:58","date_gmt":"2026-01-02T20:10:58","guid":{"rendered":"https:\/\/baldumarket.lt\/product\/umywalka-nablatowa-ceramiczna-trust-2-black-e-6282-czarny-mat\/"},"modified":"2026-02-11T18:33:15","modified_gmt":"2026-02-11T15:33:15","slug":"umywalka-nablatowa-ceramiczna-trust-2-black-e-6282-czarny-mat","status":"publish","type":"product","link":"https:\/\/baldumarket.lt\/lt\/product\/umywalka-nablatowa-ceramiczna-trust-2-black-e-6282-czarny-mat\/","title":{"rendered":"TRUST 2 BLACK E-6282 Keraminis stalvir\u0161inis praustuvas, matin\u0117s juodos spalvos"},"content":{"rendered":"<p>TRUST 2 BLACK E-6282 keraminis ant stalvir\u0161io montuojamas praustuvas, matin\u0117s juodos spalvos TRUST 2 BLACK E-6282 keraminis ant stalvir\u0161io montuojamas praustuvas, matin\u0117s juodos spalvos. Matmenys: Plotis (cm): 55 Gylis (cm): 38 Auk\u0161tis (cm): 12 Techniniai duomenys: Svoris (kg): 10 Praustuvo med\u017eiaga: keramika Praustuvo spalva: matin\u0117 juoda Kra\u0161to auk\u0161tis: 12 cm I\u0161leidimo angos skersmuo: 4,5 cm Persipylimo anga: yra \u012etraukta \u201eclick-clack\u201c jungtis: ne Praustuvo montavimo b\u016bdas: skirtas montuoti ant stalvir\u0161io TRUST 2 BLACK E-6282 keraminis ant stalvir\u0161io montuojamas praustuvas, matin\u0117s juodos spalvos.<\/p>","protected":false},"excerpt":{"rendered":"<p>Plotis (cm): 55<br \/>\n\u016agis (cm): 12<br \/>\nGylis (cm): 38<\/p>","protected":false},"featured_media":245289,"comment_status":"open","ping_status":"open","template":"","meta":[],"product_brand":[],"product_cat":[9117,2015,9185],"product_tag":[],"class_list":{"0":"post-245288","1":"product","2":"type-product","3":"status-publish","4":"has-post-thumbnail","6":"product_cat-bathroom","7":"product_cat-comad","8":"product_cat-washbasin-comad","10":"first","11":"instock","12":"purchasable","13":"product-type-simple"},"_links":{"self":[{"href":"https:\/\/baldumarket.lt\/lt\/wp-json\/wp\/v2\/product\/245288","targetHints":{"allow":["GET"]}}],"collection":[{"href":"https:\/\/baldumarket.lt\/lt\/wp-json\/wp\/v2\/product"}],"about":[{"href":"https:\/\/baldumarket.lt\/lt\/wp-json\/wp\/v2\/types\/product"}],"replies":[{"embeddable":true,"href":"https:\/\/baldumarket.lt\/lt\/wp-json\/wp\/v2\/comments?post=245288"}],"wp:featuredmedia":[{"embeddable":true,"href":"https:\/\/baldumarket.lt\/lt\/wp-json\/wp\/v2\/media\/245289"}],"wp:attachment":[{"href":"https:\/\/baldumarket.lt\/lt\/wp-json\/wp\/v2\/media?parent=245288"}],"wp:term":[{"taxonomy":"product_brand","embeddable":true,"href":"https:\/\/baldumarket.lt\/lt\/wp-json\/wp\/v2\/product_brand?post=245288"},{"taxonomy":"product_cat","embeddable":true,"href":"https:\/\/baldumarket.lt\/lt\/wp-json\/wp\/v2\/product_cat?post=245288"},{"taxonomy":"product_tag","embeddable":true,"href":"https:\/\/baldumarket.lt\/lt\/wp-json\/wp\/v2\/product_tag?post=245288"}],"curies":[{"name":"wp","href":"https:\/\/api.w.org\/{rel}","templated":true}]}}