{"id":245286,"date":"2026-01-02T23:10:57","date_gmt":"2026-01-02T20:10:57","guid":{"rendered":"https:\/\/baldumarket.lt\/product\/umywalka-nablatowa-ceramiczna-sara-237c-bialy-polysk\/"},"modified":"2026-02-11T18:33:16","modified_gmt":"2026-02-11T15:33:16","slug":"umywalka-nablatowa-ceramiczna-sara-237c-bialy-polysk","status":"publish","type":"product","link":"https:\/\/baldumarket.lt\/lt\/product\/umywalka-nablatowa-ceramiczna-sara-237c-bialy-polysk\/","title":{"rendered":"Keraminis stalvir\u0161io praustuvas SARA-2 (37C), blizgi baltas"},"content":{"rendered":"<p>SARA-2 (37C) Antstatinis keraminis praustuvas, blizgios baltos spalvos SARA-2 (37C) Antstatinis keraminis praustuvas, blizgios baltos spalvos. Matmenys: Plotis (cm): 37,5 Gylis (cm): 37,5 Auk\u0161tis (cm): 11 Svoris (kg): 12 Techniniai duomenys: Praustuvo spalva: Blizgi balta Praustuvo med\u017eiaga: Keramika Persipylimo vo\u017etuvas: Be \u201eClick-Clack\u201c kam\u0161\u010dio komplekte: Ne SARA-2 (37C) Antstatinis keraminis praustuvas, blizgios baltos spalvos.<\/p>","protected":false},"excerpt":{"rendered":"<p>Plotis (cm): 37,5<br \/>\n\u016agis (cm): 11<br \/>\nGylis (cm): 37,5<\/p>","protected":false},"featured_media":245287,"comment_status":"open","ping_status":"open","template":"","meta":[],"product_brand":[],"product_cat":[9117,2015,9185],"product_tag":[],"class_list":{"0":"post-245286","1":"product","2":"type-product","3":"status-publish","4":"has-post-thumbnail","6":"product_cat-bathroom","7":"product_cat-comad","8":"product_cat-washbasin-comad","10":"first","11":"instock","12":"purchasable","13":"product-type-simple"},"_links":{"self":[{"href":"https:\/\/baldumarket.lt\/lt\/wp-json\/wp\/v2\/product\/245286","targetHints":{"allow":["GET"]}}],"collection":[{"href":"https:\/\/baldumarket.lt\/lt\/wp-json\/wp\/v2\/product"}],"about":[{"href":"https:\/\/baldumarket.lt\/lt\/wp-json\/wp\/v2\/types\/product"}],"replies":[{"embeddable":true,"href":"https:\/\/baldumarket.lt\/lt\/wp-json\/wp\/v2\/comments?post=245286"}],"wp:featuredmedia":[{"embeddable":true,"href":"https:\/\/baldumarket.lt\/lt\/wp-json\/wp\/v2\/media\/245287"}],"wp:attachment":[{"href":"https:\/\/baldumarket.lt\/lt\/wp-json\/wp\/v2\/media?parent=245286"}],"wp:term":[{"taxonomy":"product_brand","embeddable":true,"href":"https:\/\/baldumarket.lt\/lt\/wp-json\/wp\/v2\/product_brand?post=245286"},{"taxonomy":"product_cat","embeddable":true,"href":"https:\/\/baldumarket.lt\/lt\/wp-json\/wp\/v2\/product_cat?post=245286"},{"taxonomy":"product_tag","embeddable":true,"href":"https:\/\/baldumarket.lt\/lt\/wp-json\/wp\/v2\/product_tag?post=245286"}],"curies":[{"name":"wp","href":"https:\/\/api.w.org\/{rel}","templated":true}]}}