{"id":245277,"date":"2026-01-02T23:10:53","date_gmt":"2026-01-02T20:10:53","guid":{"rendered":"https:\/\/baldumarket.lt\/product\/umywalka-nablatowa-ceramiczna-river-2-black-matt-un-55-e-6594-czarny-mat\/"},"modified":"2026-02-11T18:33:16","modified_gmt":"2026-02-11T15:33:16","slug":"umywalka-nablatowa-ceramiczna-river-2-black-matt-un-55-e-6594-czarny-mat","status":"publish","type":"product","link":"https:\/\/baldumarket.lt\/lt\/product\/umywalka-nablatowa-ceramiczna-river-2-black-matt-un-55-e-6594-czarny-mat\/","title":{"rendered":"Keraminis stalvir\u0161io praustuvas RIVER 2 BLACK MATT UN 55 (E-6594) Matin\u0117 juoda"},"content":{"rendered":"<p>RIVER 2 BLACK MATT UN 55 (E-6594) Keraminis ant stalvir\u0161io montuojamas praustuvas, matin\u0117s juodos spalvos RIVER 2 BLACK MATT UN 55 (E-6594) keraminis ant stalvir\u0161io montuojamas praustuvas, matin\u0117s juodos spalvos. Matmenys: Plotis (cm): 55 Gylis (cm): 35 Auk\u0161tis (cm): 12 Svoris (kg): 9,5 Techniniai duomenys: Praustuvo spalva: Matin\u0117 juoda Praustuvo med\u017eiaga: Keramika Persipylimo anga: Be \u201eClick-Clack\u201c kam\u0161\u010dio komplekte: Be Praustuvo montavimo b\u016bdas: Skirtas montuoti ant stalvir\u0161io Matin\u0117s juodos spalvos ant stalvir\u0161io montuojamas praustuvas \u201eRiver 2\u201c \u2013 tai paprastos formos ir modernios apdailos derinys. Ovali forma ir matinis pavir\u0161ius suteikia jam nesenstant\u012f charakter\u012f, dera tiek prie sant\u016braus, tiek prie i\u0161rai\u0161kingo interjero. Jo matmenys \u2013 55 x 35 cm, o auk\u0161tis \u2013 12 cm \u2013 daro j\u012f prakti\u0161ku pasirinkimu daugeliui vonios kambari\u0173.<\/p>\n<p>Produktas buvo kruop\u0161\u010diai ir saugiai supakuotas, siekiant suma\u017einti pa\u017eeidimo rizik\u0105 transportavimo metu. Norint tinkamai sumontuoti kriaukl\u0119, stalvir\u0161yje reikia padaryti skyl\u0119, kad b\u016bt\u0173 galima j\u0105 \u012fd\u0117ti ir \u012frengti viet\u0105 kanalizacijai.<\/p>","protected":false},"excerpt":{"rendered":"<p>Plotis (cm): 55<br \/>\n\u016agis (cm): 12<br \/>\nGylis (cm): 35<\/p>","protected":false},"featured_media":245278,"comment_status":"open","ping_status":"open","template":"","meta":[],"product_brand":[],"product_cat":[9117,2015,9185],"product_tag":[],"class_list":{"0":"post-245277","1":"product","2":"type-product","3":"status-publish","4":"has-post-thumbnail","6":"product_cat-bathroom","7":"product_cat-comad","8":"product_cat-washbasin-comad","10":"first","11":"instock","12":"purchasable","13":"product-type-simple"},"_links":{"self":[{"href":"https:\/\/baldumarket.lt\/lt\/wp-json\/wp\/v2\/product\/245277","targetHints":{"allow":["GET"]}}],"collection":[{"href":"https:\/\/baldumarket.lt\/lt\/wp-json\/wp\/v2\/product"}],"about":[{"href":"https:\/\/baldumarket.lt\/lt\/wp-json\/wp\/v2\/types\/product"}],"replies":[{"embeddable":true,"href":"https:\/\/baldumarket.lt\/lt\/wp-json\/wp\/v2\/comments?post=245277"}],"wp:featuredmedia":[{"embeddable":true,"href":"https:\/\/baldumarket.lt\/lt\/wp-json\/wp\/v2\/media\/245278"}],"wp:attachment":[{"href":"https:\/\/baldumarket.lt\/lt\/wp-json\/wp\/v2\/media?parent=245277"}],"wp:term":[{"taxonomy":"product_brand","embeddable":true,"href":"https:\/\/baldumarket.lt\/lt\/wp-json\/wp\/v2\/product_brand?post=245277"},{"taxonomy":"product_cat","embeddable":true,"href":"https:\/\/baldumarket.lt\/lt\/wp-json\/wp\/v2\/product_cat?post=245277"},{"taxonomy":"product_tag","embeddable":true,"href":"https:\/\/baldumarket.lt\/lt\/wp-json\/wp\/v2\/product_tag?post=245277"}],"curies":[{"name":"wp","href":"https:\/\/api.w.org\/{rel}","templated":true}]}}