{"id":245272,"date":"2026-01-02T23:10:51","date_gmt":"2026-01-02T20:10:51","guid":{"rendered":"https:\/\/baldumarket.lt\/product\/umywalka-nablatowa-ceramiczna-gaja45-sw-bialy-polysk\/"},"modified":"2026-02-11T18:33:16","modified_gmt":"2026-02-11T15:33:16","slug":"umywalka-nablatowa-ceramiczna-gaja45-sw-bialy-polysk","status":"publish","type":"product","link":"https:\/\/baldumarket.lt\/lt\/product\/umywalka-nablatowa-ceramiczna-gaja45-sw-bialy-polysk\/","title":{"rendered":"Keraminis stalvir\u0161io praustuvas GAJA45-SW, blizgios baltos spalvos"},"content":{"rendered":"<p>GAJA45-SW ant stalvir\u0161io montuojamas keraminis praustuvas, blizgiai baltas. \u0160is 45 cm plo\u010dio sta\u010diakampis ant stalvir\u0161io montuojamas praustuvas pagamintas i\u0161 auk\u0161tos kokyb\u0117s baltos keramikos. Jis yra blizgios apdailos. Matmenys: Plotis (cm): 45 Gylis (cm): 22 Auk\u0161tis (cm): 11 Techniniai duomenys: Svoris (kg): 8 Praustuvo med\u017eiaga: Keramika Praustuvo spalva: Blizgiai balta I\u0161leidimo angos skersmuo: 4,5 cm Persipylimo anga: Ne \u012eskai\u010diuota \u201eClick-Clack\u201c: Ne Praustuvo montavimo b\u016bdas: Ant stalvir\u0161io<\/p>","protected":false},"excerpt":{"rendered":"<p>Plotis (cm): 45<br \/>\n\u016agis (cm): 11<br \/>\nGylis (cm): 22<\/p>","protected":false},"featured_media":245273,"comment_status":"open","ping_status":"open","template":"","meta":[],"product_brand":[],"product_cat":[9117,2015,9185],"product_tag":[],"class_list":{"0":"post-245272","1":"product","2":"type-product","3":"status-publish","4":"has-post-thumbnail","6":"product_cat-bathroom","7":"product_cat-comad","8":"product_cat-washbasin-comad","10":"first","11":"instock","12":"purchasable","13":"product-type-simple"},"_links":{"self":[{"href":"https:\/\/baldumarket.lt\/lt\/wp-json\/wp\/v2\/product\/245272","targetHints":{"allow":["GET"]}}],"collection":[{"href":"https:\/\/baldumarket.lt\/lt\/wp-json\/wp\/v2\/product"}],"about":[{"href":"https:\/\/baldumarket.lt\/lt\/wp-json\/wp\/v2\/types\/product"}],"replies":[{"embeddable":true,"href":"https:\/\/baldumarket.lt\/lt\/wp-json\/wp\/v2\/comments?post=245272"}],"wp:featuredmedia":[{"embeddable":true,"href":"https:\/\/baldumarket.lt\/lt\/wp-json\/wp\/v2\/media\/245273"}],"wp:attachment":[{"href":"https:\/\/baldumarket.lt\/lt\/wp-json\/wp\/v2\/media?parent=245272"}],"wp:term":[{"taxonomy":"product_brand","embeddable":true,"href":"https:\/\/baldumarket.lt\/lt\/wp-json\/wp\/v2\/product_brand?post=245272"},{"taxonomy":"product_cat","embeddable":true,"href":"https:\/\/baldumarket.lt\/lt\/wp-json\/wp\/v2\/product_cat?post=245272"},{"taxonomy":"product_tag","embeddable":true,"href":"https:\/\/baldumarket.lt\/lt\/wp-json\/wp\/v2\/product_tag?post=245272"}],"curies":[{"name":"wp","href":"https:\/\/api.w.org\/{rel}","templated":true}]}}