{"id":245261,"date":"2026-01-02T23:10:46","date_gmt":"2026-01-02T20:10:46","guid":{"rendered":"https:\/\/baldumarket.lt\/product\/umywalka-nablatowa-ceramiczna-cloud-free-white-e-6588-bialy-polysk\/"},"modified":"2026-02-11T18:33:16","modified_gmt":"2026-02-11T15:33:16","slug":"umywalka-nablatowa-ceramiczna-cloud-free-white-e-6588-bialy-polysk","status":"publish","type":"product","link":"https:\/\/baldumarket.lt\/lt\/product\/umywalka-nablatowa-ceramiczna-cloud-free-white-e-6588-bialy-polysk\/","title":{"rendered":"Keraminis stalvir\u0161io praustuvas CLOUD FREE WHITE E-6588 Blizgi balta"},"content":{"rendered":"<p>CLOUD FREE WHITE E-6588 Keraminis ant stalvir\u0161io pastatomas praustuvas, blizgios baltos spalvos. CLOUD FREE WHITE E-6588 Keraminis ant stalvir\u0161io pastatomas praustuvas, blizgios baltos spalvos. Matmenys: Plotis (cm): 51 Gylis (cm): 39 Auk\u0161tis (cm): 18,5 Techniniai duomenys: Svoris (kg): 10 Praustuvo med\u017eiaga: keramika Praustuvo spalva: Blizgi balta I\u0161leidimo angos skersmuo: 4,5 cm Persipylimo anga: N\u0117ra \u012e komplekt\u0105 \u012feina: Ne Praustuvo montavimo b\u016bdas: Statomas ant stalvir\u0161io. CLOUD FREE WHITE E-6588 Keraminis ant stalvir\u0161io pastatomas praustuvas, blizgios baltos spalvos.<\/p>","protected":false},"excerpt":{"rendered":"<p>Plotis (cm): 51<br \/>\n\u016agis (cm): 18,5<br \/>\nGylis (cm): 39<\/p>","protected":false},"featured_media":245262,"comment_status":"open","ping_status":"open","template":"","meta":[],"product_brand":[],"product_cat":[9117,2015,9185],"product_tag":[],"class_list":{"0":"post-245261","1":"product","2":"type-product","3":"status-publish","4":"has-post-thumbnail","6":"product_cat-bathroom","7":"product_cat-comad","8":"product_cat-washbasin-comad","10":"first","11":"instock","12":"purchasable","13":"product-type-simple"},"_links":{"self":[{"href":"https:\/\/baldumarket.lt\/lt\/wp-json\/wp\/v2\/product\/245261","targetHints":{"allow":["GET"]}}],"collection":[{"href":"https:\/\/baldumarket.lt\/lt\/wp-json\/wp\/v2\/product"}],"about":[{"href":"https:\/\/baldumarket.lt\/lt\/wp-json\/wp\/v2\/types\/product"}],"replies":[{"embeddable":true,"href":"https:\/\/baldumarket.lt\/lt\/wp-json\/wp\/v2\/comments?post=245261"}],"wp:featuredmedia":[{"embeddable":true,"href":"https:\/\/baldumarket.lt\/lt\/wp-json\/wp\/v2\/media\/245262"}],"wp:attachment":[{"href":"https:\/\/baldumarket.lt\/lt\/wp-json\/wp\/v2\/media?parent=245261"}],"wp:term":[{"taxonomy":"product_brand","embeddable":true,"href":"https:\/\/baldumarket.lt\/lt\/wp-json\/wp\/v2\/product_brand?post=245261"},{"taxonomy":"product_cat","embeddable":true,"href":"https:\/\/baldumarket.lt\/lt\/wp-json\/wp\/v2\/product_cat?post=245261"},{"taxonomy":"product_tag","embeddable":true,"href":"https:\/\/baldumarket.lt\/lt\/wp-json\/wp\/v2\/product_tag?post=245261"}],"curies":[{"name":"wp","href":"https:\/\/api.w.org\/{rel}","templated":true}]}}