{"id":245257,"date":"2026-01-02T23:10:39","date_gmt":"2026-01-02T20:10:39","guid":{"rendered":"https:\/\/baldumarket.lt\/product\/umywalka-nablatowa-ceramiczna-beyond-5-white-e-6564-bialy-mat\/"},"modified":"2026-02-11T18:33:16","modified_gmt":"2026-02-11T15:33:16","slug":"umywalka-nablatowa-ceramiczna-beyond-5-white-e-6564-bialy-mat","status":"publish","type":"product","link":"https:\/\/baldumarket.lt\/lt\/product\/umywalka-nablatowa-ceramiczna-beyond-5-white-e-6564-bialy-mat\/","title":{"rendered":"BEYOND 5 WHITE E-6564 Keraminis stalvir\u0161inis praustuvas, matin\u0117s baltos spalvos"},"content":{"rendered":"<p>BEYOND 5 WHITE E-6564 Ant stalvir\u0161io pastatomas keraminis praustuvas, matin\u0117s baltos spalvos Matmenys: Plotis (cm): 48 Gylis (cm): 32,5 Auk\u0161tis (cm): 11 Techniniai duomenys: Svoris (kg): 7 Praustuvo med\u017eiaga: keramika Praustuvo spalva: Blizgi balta Kra\u0161to auk\u0161tis: 11 cm I\u0161leidimo angos skersmuo: 4,5 cm Persipylimo anga: Ne Pridedamas \u201eClick-Clack\u201c: Ne Praustuvo tvirtinimo b\u016bdas: Skirtas montuoti ant stalvir\u0161io BEYOND 5 WHITE (E-6564) \u2013 Ant stalvir\u0161io pastatomas praustuvas Med\u017eiaga: Keramika Spalva: Matin\u0117s baltos spalvos<\/p>","protected":false},"excerpt":{"rendered":"<p>Plotis (cm): 48<br \/>\n\u016agis (cm): 11<br \/>\nGylis (cm): 32,5<\/p>","protected":false},"featured_media":245258,"comment_status":"open","ping_status":"open","template":"","meta":[],"product_brand":[],"product_cat":[9117,2015,9185],"product_tag":[],"class_list":{"0":"post-245257","1":"product","2":"type-product","3":"status-publish","4":"has-post-thumbnail","6":"product_cat-bathroom","7":"product_cat-comad","8":"product_cat-washbasin-comad","10":"first","11":"instock","12":"purchasable","13":"product-type-simple"},"_links":{"self":[{"href":"https:\/\/baldumarket.lt\/lt\/wp-json\/wp\/v2\/product\/245257","targetHints":{"allow":["GET"]}}],"collection":[{"href":"https:\/\/baldumarket.lt\/lt\/wp-json\/wp\/v2\/product"}],"about":[{"href":"https:\/\/baldumarket.lt\/lt\/wp-json\/wp\/v2\/types\/product"}],"replies":[{"embeddable":true,"href":"https:\/\/baldumarket.lt\/lt\/wp-json\/wp\/v2\/comments?post=245257"}],"wp:featuredmedia":[{"embeddable":true,"href":"https:\/\/baldumarket.lt\/lt\/wp-json\/wp\/v2\/media\/245258"}],"wp:attachment":[{"href":"https:\/\/baldumarket.lt\/lt\/wp-json\/wp\/v2\/media?parent=245257"}],"wp:term":[{"taxonomy":"product_brand","embeddable":true,"href":"https:\/\/baldumarket.lt\/lt\/wp-json\/wp\/v2\/product_brand?post=245257"},{"taxonomy":"product_cat","embeddable":true,"href":"https:\/\/baldumarket.lt\/lt\/wp-json\/wp\/v2\/product_cat?post=245257"},{"taxonomy":"product_tag","embeddable":true,"href":"https:\/\/baldumarket.lt\/lt\/wp-json\/wp\/v2\/product_tag?post=245257"}],"curies":[{"name":"wp","href":"https:\/\/api.w.org\/{rel}","templated":true}]}}