{"id":245252,"date":"2026-01-02T23:10:37","date_gmt":"2026-01-02T20:10:37","guid":{"rendered":"https:\/\/baldumarket.lt\/product\/umywalka-nablatowa-ceramiczna-beyond-3-white-e-6531-bialy-polysk\/"},"modified":"2026-02-11T18:33:16","modified_gmt":"2026-02-11T15:33:16","slug":"umywalka-nablatowa-ceramiczna-beyond-3-white-e-6531-bialy-polysk","status":"publish","type":"product","link":"https:\/\/baldumarket.lt\/lt\/product\/umywalka-nablatowa-ceramiczna-beyond-3-white-e-6531-bialy-polysk\/","title":{"rendered":"BEYOND 3 WHITE E-6531 baltai blizgus keraminis stalvir\u0161inis praustuvas"},"content":{"rendered":"<p>BEYOND 3 WHITE E-6531 keraminis praustuvas, blizgios baltos spalvos. BEYOND 3 WHITE E-6531 keraminis praustuvas, blizgios baltos spalvos. Matmenys: Plotis (cm): 56 Gylis (cm): 36 Auk\u0161tis (cm): 10 Techniniai duomenys: Svoris (kg): 9 Praustuvo med\u017eiaga: keramika Praustuvo spalva: Blizgi balta Kra\u0161to auk\u0161tis: 10 cm I\u0161leidimo angos skersmuo: 4,5 cm Persipylimo anga: N\u0117ra Spragtel\u0117jimo-u\u017edarymo mechanizmo \u012e komplekt\u0105 \u012feina: Ne Praustuvo montavimo b\u016bdas: Statomas ant stalvir\u0161io BEYOND 3 WHITE E-6531 keraminis praustuvas, blizgios baltos spalvos.<\/p>","protected":false},"excerpt":{"rendered":"<p>Plotis (cm): 56<br \/>\nAuk\u0161tis (cm): 10<br \/>\nGylis (cm): 36<\/p>","protected":false},"featured_media":245253,"comment_status":"open","ping_status":"open","template":"","meta":[],"product_brand":[],"product_cat":[9117,2015,9185],"product_tag":[],"class_list":{"0":"post-245252","1":"product","2":"type-product","3":"status-publish","4":"has-post-thumbnail","6":"product_cat-bathroom","7":"product_cat-comad","8":"product_cat-washbasin-comad","10":"first","11":"instock","12":"purchasable","13":"product-type-simple"},"_links":{"self":[{"href":"https:\/\/baldumarket.lt\/lt\/wp-json\/wp\/v2\/product\/245252","targetHints":{"allow":["GET"]}}],"collection":[{"href":"https:\/\/baldumarket.lt\/lt\/wp-json\/wp\/v2\/product"}],"about":[{"href":"https:\/\/baldumarket.lt\/lt\/wp-json\/wp\/v2\/types\/product"}],"replies":[{"embeddable":true,"href":"https:\/\/baldumarket.lt\/lt\/wp-json\/wp\/v2\/comments?post=245252"}],"wp:featuredmedia":[{"embeddable":true,"href":"https:\/\/baldumarket.lt\/lt\/wp-json\/wp\/v2\/media\/245253"}],"wp:attachment":[{"href":"https:\/\/baldumarket.lt\/lt\/wp-json\/wp\/v2\/media?parent=245252"}],"wp:term":[{"taxonomy":"product_brand","embeddable":true,"href":"https:\/\/baldumarket.lt\/lt\/wp-json\/wp\/v2\/product_brand?post=245252"},{"taxonomy":"product_cat","embeddable":true,"href":"https:\/\/baldumarket.lt\/lt\/wp-json\/wp\/v2\/product_cat?post=245252"},{"taxonomy":"product_tag","embeddable":true,"href":"https:\/\/baldumarket.lt\/lt\/wp-json\/wp\/v2\/product_tag?post=245252"}],"curies":[{"name":"wp","href":"https:\/\/api.w.org\/{rel}","templated":true}]}}