{"id":245234,"date":"2026-01-02T23:10:29","date_gmt":"2026-01-02T20:10:29","guid":{"rendered":"https:\/\/baldumarket.lt\/product\/umywalka-nablatowa-ceramiczna-beyond-2-black-e-6565-czarny-mat\/"},"modified":"2026-02-11T18:33:16","modified_gmt":"2026-02-11T15:33:16","slug":"umywalka-nablatowa-ceramiczna-beyond-2-black-e-6565-czarny-mat","status":"publish","type":"product","link":"https:\/\/baldumarket.lt\/lt\/product\/umywalka-nablatowa-ceramiczna-beyond-2-black-e-6565-czarny-mat\/","title":{"rendered":"BEYOND 2 BLACK E-6565 Keraminis stalvir\u0161inis praustuvas, matin\u0117s juodos spalvos"},"content":{"rendered":"<p>BEYOND 2 BLACK E-6565 keraminis ant stalvir\u0161io montuojamas praustuvas, matin\u0117s juodos spalvos. BEYOND 2 BLACK E-6565 keraminis ant stalvir\u0161io montuojamas praustuvas, matin\u0117s juodos spalvos. Matmenys: Plotis (cm): 36 Gylis (cm): 36 Auk\u0161tis (cm): 12 Techniniai duomenys: Svoris (kg): 6 Praustuvo med\u017eiaga: keramika Praustuvo spalva: matin\u0117 juoda Kra\u0161to auk\u0161tis: 12 cm I\u0161leidimo angos skersmuo: 4,5 cm Persipylimo anga: n\u0117ra \u012e komplekt\u0105 \u012feina: n\u0117ra Praustuvo montavimo b\u016bdas: skirtas pastatyti ant stalvir\u0161io. BEYOND 2 BLACK E-6565 keraminis ant stalvir\u0161io montuojamas praustuvas, matin\u0117s juodos spalvos.<\/p>","protected":false},"excerpt":{"rendered":"<p>Plotis (cm): 36<br \/>\n\u016agis (cm): 12<br \/>\nGylis (cm): 36<\/p>","protected":false},"featured_media":245235,"comment_status":"open","ping_status":"open","template":"","meta":[],"product_brand":[],"product_cat":[9117,2015,9185],"product_tag":[],"class_list":{"0":"post-245234","1":"product","2":"type-product","3":"status-publish","4":"has-post-thumbnail","6":"product_cat-bathroom","7":"product_cat-comad","8":"product_cat-washbasin-comad","10":"first","11":"instock","12":"purchasable","13":"product-type-simple"},"_links":{"self":[{"href":"https:\/\/baldumarket.lt\/lt\/wp-json\/wp\/v2\/product\/245234","targetHints":{"allow":["GET"]}}],"collection":[{"href":"https:\/\/baldumarket.lt\/lt\/wp-json\/wp\/v2\/product"}],"about":[{"href":"https:\/\/baldumarket.lt\/lt\/wp-json\/wp\/v2\/types\/product"}],"replies":[{"embeddable":true,"href":"https:\/\/baldumarket.lt\/lt\/wp-json\/wp\/v2\/comments?post=245234"}],"wp:featuredmedia":[{"embeddable":true,"href":"https:\/\/baldumarket.lt\/lt\/wp-json\/wp\/v2\/media\/245235"}],"wp:attachment":[{"href":"https:\/\/baldumarket.lt\/lt\/wp-json\/wp\/v2\/media?parent=245234"}],"wp:term":[{"taxonomy":"product_brand","embeddable":true,"href":"https:\/\/baldumarket.lt\/lt\/wp-json\/wp\/v2\/product_brand?post=245234"},{"taxonomy":"product_cat","embeddable":true,"href":"https:\/\/baldumarket.lt\/lt\/wp-json\/wp\/v2\/product_cat?post=245234"},{"taxonomy":"product_tag","embeddable":true,"href":"https:\/\/baldumarket.lt\/lt\/wp-json\/wp\/v2\/product_tag?post=245234"}],"curies":[{"name":"wp","href":"https:\/\/api.w.org\/{rel}","templated":true}]}}