{"id":245212,"date":"2026-01-02T23:10:20","date_gmt":"2026-01-02T20:10:20","guid":{"rendered":"https:\/\/baldumarket.lt\/product\/umywalka-meblowa-jednokomorowa-8009-dance-80-cm-bialy-polysk\/"},"modified":"2026-02-11T18:33:16","modified_gmt":"2026-02-11T15:33:16","slug":"umywalka-meblowa-jednokomorowa-8009-dance-80-cm-bialy-polysk","status":"publish","type":"product","link":"https:\/\/baldumarket.lt\/lt\/product\/umywalka-meblowa-jednokomorowa-8009-dance-80-cm-bialy-polysk\/","title":{"rendered":"Vieno dubens praustuvas baldams 8009 DANCE 80 cm, blizgi balta spalva"},"content":{"rendered":"<p>8009 DANCE 80 cm vieno dubens praustuvas, blizgiai baltas. \u201eComad DANCE 80\u201c vieno dubens praustuvas su eleganti\u0161ka blizgia balta apdaila \u2013 tai nesenstan\u010dio dizaino ir funkcionalumo derinys. Minimalistin\u0117 forma puikiai dera su moderniu interjeru, pabr\u0117\u017eiant vonios kambario estetik\u0105. Matmenys: Plotis (cm): 81 Gylis (cm): 40 Auk\u0161tis (cm): 17 Svoris (kg): 14 Techniniai duomenys: Praustuvo spalva: Blizgiai balta Praustuvo med\u017eiaga: Keramika Persipylimo \u010diaupas: Taip Pridedamas \u201eClick-Clack\u201c kam\u0161tis: Ne \u201eComad DANCE 80\u201c baldo praustuvas \u2013 tai pasi\u016blymas tiems, kurie vertina paprastum\u0105 ir elegancij\u0105 vonios kambario interjere. Pagamintas i\u0161 patvarios keramikos, jis d\u017eiugina blizgia balta apdaila, kuri suteikia gaivumo, lengvumo ir opti\u0161kai ple\u010dia erdv\u0117s efekt\u0105. Vieno dubens dizainas u\u017etikrina paprast\u0105 naudojim\u0105, o \u012fmontuotas perpylimo \u010diaupas dar labiau padidina saugum\u0105 ir funkcionalum\u0105. Subtilios linijos ir kruop\u0161\u010diai sukurta forma daro praustuv\u0105 puikiu vonios spinteli\u0173 papildymu, sukurdamas darni\u0105 ir stiling\u0105 visum\u0105. Tai puikus pasirinkimas moderniam, minimalistiniam interjerui, kuriame svarbiausia yra estetika ir prakti\u0161kumas. D\u0117l savo nesenstan\u010dio dizaino \u201eComad DANCE 80\u201c bus eleganti\u0161kas akcentas bet kuriame vonios kambaryje, nepriklausomai nuo jo stiliaus.<\/p>","protected":false},"excerpt":{"rendered":"<p>Plotis (cm): 81<br \/>\n\u016agis (cm): 17<br \/>\nGylis (cm): 40<\/p>","protected":false},"featured_media":245213,"comment_status":"open","ping_status":"open","template":"","meta":[],"product_brand":[],"product_cat":[9117,2015,9185],"product_tag":[],"class_list":{"0":"post-245212","1":"product","2":"type-product","3":"status-publish","4":"has-post-thumbnail","6":"product_cat-bathroom","7":"product_cat-comad","8":"product_cat-washbasin-comad","10":"first","11":"instock","12":"purchasable","13":"product-type-simple"},"_links":{"self":[{"href":"https:\/\/baldumarket.lt\/lt\/wp-json\/wp\/v2\/product\/245212","targetHints":{"allow":["GET"]}}],"collection":[{"href":"https:\/\/baldumarket.lt\/lt\/wp-json\/wp\/v2\/product"}],"about":[{"href":"https:\/\/baldumarket.lt\/lt\/wp-json\/wp\/v2\/types\/product"}],"replies":[{"embeddable":true,"href":"https:\/\/baldumarket.lt\/lt\/wp-json\/wp\/v2\/comments?post=245212"}],"wp:featuredmedia":[{"embeddable":true,"href":"https:\/\/baldumarket.lt\/lt\/wp-json\/wp\/v2\/media\/245213"}],"wp:attachment":[{"href":"https:\/\/baldumarket.lt\/lt\/wp-json\/wp\/v2\/media?parent=245212"}],"wp:term":[{"taxonomy":"product_brand","embeddable":true,"href":"https:\/\/baldumarket.lt\/lt\/wp-json\/wp\/v2\/product_brand?post=245212"},{"taxonomy":"product_cat","embeddable":true,"href":"https:\/\/baldumarket.lt\/lt\/wp-json\/wp\/v2\/product_cat?post=245212"},{"taxonomy":"product_tag","embeddable":true,"href":"https:\/\/baldumarket.lt\/lt\/wp-json\/wp\/v2\/product_tag?post=245212"}],"curies":[{"name":"wp","href":"https:\/\/api.w.org\/{rel}","templated":true}]}}