{"id":245208,"date":"2026-01-02T23:10:18","date_gmt":"2026-01-02T20:10:18","guid":{"rendered":"https:\/\/baldumarket.lt\/product\/umywalka-meblowa-dwukomorowa-ceramiczna-140-cm-fly-140d-dp-e-8073-140d-bialy-polysk\/"},"modified":"2026-02-11T18:33:17","modified_gmt":"2026-02-11T15:33:17","slug":"umywalka-meblowa-dwukomorowa-ceramiczna-140-cm-fly-140d-dp-e-8073-140d-bialy-polysk","status":"publish","type":"product","link":"https:\/\/baldumarket.lt\/lt\/product\/umywalka-meblowa-dwukomorowa-ceramiczna-140-cm-fly-140d-dp-e-8073-140d-bialy-polysk\/","title":{"rendered":"Bald\u0173 praustuvas, dviej\u0173 kamer\u0173, keraminis, 140 cm, FLY 140D DP E-8073-140D, blizgi balta spalva"},"content":{"rendered":"<p>Dviej\u0173 duben\u0173 keraminis baldinis praustuvas 140 cm FLY 140D DP E-8073-140D blizgios baltos spalvos. Dviej\u0173 duben\u0173 keraminis baldinis praustuvas 140 cm FLY 140D DP E-8073-140D blizgios baltos spalvos. Matmenys: Plotis (cm): 141 Gylis (cm): 46 Auk\u0161tis (cm): 15,5 Techniniai duomenys: Svoris (kg): 26,5 Praustuvo med\u017eiaga: keramika Praustuvo spalva: Blizgi balta Kra\u0161to auk\u0161tis: 1,8 cm I\u0161leidimo angos skersmuo: 4,5 cm Persipylimo anga: Yra \u012etraukta \u201eclick-clack\u201c: Ne Praustuvo montavimo b\u016bdas: \u012emontuojamas \u012f spintel\u0119 Dviej\u0173 duben\u0173 keraminis baldinis praustuvas 140 cm FLY 140D DP E-8073-140D blizgios baltos spalvos.<\/p>","protected":false},"excerpt":{"rendered":"<p>Plotis (cm): 141<br \/>\n\u016agis (cm): 15,5<br \/>\nGylis (cm): 46<\/p>","protected":false},"featured_media":245209,"comment_status":"open","ping_status":"open","template":"","meta":[],"product_brand":[],"product_cat":[9117,2015,9185],"product_tag":[],"class_list":{"0":"post-245208","1":"product","2":"type-product","3":"status-publish","4":"has-post-thumbnail","6":"product_cat-bathroom","7":"product_cat-comad","8":"product_cat-washbasin-comad","10":"first","11":"instock","12":"purchasable","13":"product-type-simple"},"_links":{"self":[{"href":"https:\/\/baldumarket.lt\/lt\/wp-json\/wp\/v2\/product\/245208","targetHints":{"allow":["GET"]}}],"collection":[{"href":"https:\/\/baldumarket.lt\/lt\/wp-json\/wp\/v2\/product"}],"about":[{"href":"https:\/\/baldumarket.lt\/lt\/wp-json\/wp\/v2\/types\/product"}],"replies":[{"embeddable":true,"href":"https:\/\/baldumarket.lt\/lt\/wp-json\/wp\/v2\/comments?post=245208"}],"wp:featuredmedia":[{"embeddable":true,"href":"https:\/\/baldumarket.lt\/lt\/wp-json\/wp\/v2\/media\/245209"}],"wp:attachment":[{"href":"https:\/\/baldumarket.lt\/lt\/wp-json\/wp\/v2\/media?parent=245208"}],"wp:term":[{"taxonomy":"product_brand","embeddable":true,"href":"https:\/\/baldumarket.lt\/lt\/wp-json\/wp\/v2\/product_brand?post=245208"},{"taxonomy":"product_cat","embeddable":true,"href":"https:\/\/baldumarket.lt\/lt\/wp-json\/wp\/v2\/product_cat?post=245208"},{"taxonomy":"product_tag","embeddable":true,"href":"https:\/\/baldumarket.lt\/lt\/wp-json\/wp\/v2\/product_tag?post=245208"}],"curies":[{"name":"wp","href":"https:\/\/api.w.org\/{rel}","templated":true}]}}